{"id":970,"date":"2025-02-21T12:59:33","date_gmt":"2025-02-21T12:59:33","guid":{"rendered":"https:\/\/inglisebuldog.ee\/?page_id=970"},"modified":"2025-02-21T13:04:30","modified_gmt":"2025-02-21T13:04:30","slug":"pood-buldogisobrale-shop-for-bulldoggers","status":"publish","type":"page","link":"https:\/\/inglisebuldog.ee\/ru\/pood-buldogisobrale-shop-for-bulldoggers\/","title":{"rendered":"POOD buldogis\u00f5brale &#8211; SHOP for bulldoggers"},"content":{"rendered":"\n<figure class=\"wp-block-image size-medium\"><a href=\"https:\/\/inglisebuldog.ee\/wp-content\/uploads\/2025\/02\/IMG_20250220_223502-scaled.jpg\"><img loading=\"lazy\" decoding=\"async\" width=\"300\" height=\"225\" src=\"https:\/\/inglisebuldog.ee\/wp-content\/uploads\/2025\/02\/IMG_20250220_223502-300x225.jpg\" alt=\"\" class=\"wp-image-972\" srcset=\"https:\/\/inglisebuldog.ee\/wp-content\/uploads\/2025\/02\/IMG_20250220_223502-300x225.jpg 300w, https:\/\/inglisebuldog.ee\/wp-content\/uploads\/2025\/02\/IMG_20250220_223502-1024x768.jpg 1024w, https:\/\/inglisebuldog.ee\/wp-content\/uploads\/2025\/02\/IMG_20250220_223502-768x576.jpg 768w, https:\/\/inglisebuldog.ee\/wp-content\/uploads\/2025\/02\/IMG_20250220_223502-1536x1152.jpg 1536w, https:\/\/inglisebuldog.ee\/wp-content\/uploads\/2025\/02\/IMG_20250220_223502-2048x1536.jpg 2048w\" sizes=\"auto, (max-width: 300px) 100vw, 300px\" \/><\/a><\/figure>\n\n\n\n<div class=\"wp-block-columns is-layout-flex wp-container-core-columns-is-layout-9d6595d7 wp-block-columns-is-layout-flex\">\n<div class=\"wp-block-column is-layout-flow wp-block-column-is-layout-flow\">\n<p>Siit poest saab varsti valida toredat buldogiteemalist kraami &#8211; t-s\u00e4rke, pusasid, toredaid kudumeid, k\u00e4pavaha ja ninakreemi.<\/p>\n\n\n\n<p>Kogu m\u00fc\u00fcgitulu l\u00e4heb MT\u00dc Eesti Inglise Buldogide T\u00dc kontole etten\u00e4gematute p\u00e4\u00e4steoperatsioonide tarbeks.<\/p>\n\n\n\n<p><\/p>\n<\/div>\n<\/div>\n","protected":false},"excerpt":{"rendered":"<p>Siit poest saab varsti valida toredat buldogiteemalist kraami &#8211; t-s\u00e4rke, pusasid, toredaid kudumeid, k\u00e4pavaha ja ninakreemi. Kogu m\u00fc\u00fcgitulu l\u00e4heb MT\u00dc Eesti Inglise Buldogide T\u00dc kontole etten\u00e4gematute p\u00e4\u00e4steoperatsioonide tarbeks.<\/p>\n","protected":false},"author":3,"featured_media":971,"parent":0,"menu_order":0,"comment_status":"closed","ping_status":"closed","template":"","meta":{"_exactmetrics_skip_tracking":false,"_exactmetrics_sitenote_active":false,"_exactmetrics_sitenote_note":"","_exactmetrics_sitenote_category":0,"footnotes":""},"class_list":["post-970","page","type-page","status-publish","has-post-thumbnail","hentry"],"translation":{"provider":"WPGlobus","version":"3.0.2","language":"ru","enabled_languages":["ee","gb","ru"],"languages":{"ee":{"title":true,"content":true,"excerpt":false},"gb":{"title":false,"content":false,"excerpt":false},"ru":{"title":false,"content":false,"excerpt":false}}},"_links":{"self":[{"href":"https:\/\/inglisebuldog.ee\/ru\/wp-json\/wp\/v2\/pages\/970","targetHints":{"allow":["GET"]}}],"collection":[{"href":"https:\/\/inglisebuldog.ee\/ru\/wp-json\/wp\/v2\/pages"}],"about":[{"href":"https:\/\/inglisebuldog.ee\/ru\/wp-json\/wp\/v2\/types\/page"}],"author":[{"embeddable":true,"href":"https:\/\/inglisebuldog.ee\/ru\/wp-json\/wp\/v2\/users\/3"}],"replies":[{"embeddable":true,"href":"https:\/\/inglisebuldog.ee\/ru\/wp-json\/wp\/v2\/comments?post=970"}],"version-history":[{"count":2,"href":"https:\/\/inglisebuldog.ee\/ru\/wp-json\/wp\/v2\/pages\/970\/revisions"}],"predecessor-version":[{"id":975,"href":"https:\/\/inglisebuldog.ee\/ru\/wp-json\/wp\/v2\/pages\/970\/revisions\/975"}],"wp:featuredmedia":[{"embeddable":true,"href":"https:\/\/inglisebuldog.ee\/ru\/wp-json\/wp\/v2\/media\/971"}],"wp:attachment":[{"href":"https:\/\/inglisebuldog.ee\/ru\/wp-json\/wp\/v2\/media?parent=970"}],"curies":[{"name":"wp","href":"https:\/\/api.w.org\/{rel}","templated":true}]}}