{"id":774,"date":"2022-10-24T19:16:02","date_gmt":"2022-10-24T19:16:02","guid":{"rendered":"https:\/\/inglisebuldog.ee\/?page_id=774"},"modified":"2026-02-03T17:51:54","modified_gmt":"2026-02-03T17:51:54","slug":"aasta-buldog-2022","status":"publish","type":"page","link":"https:\/\/inglisebuldog.ee\/ru\/uritused\/aasta-buldog-2022\/","title":{"rendered":"AASTA BULDOG statuut"},"content":{"rendered":"\n<p class=\"has-medium-font-size\"><a href=\"https:\/\/inglisebuldog.ee\/wp-content\/uploads\/2022\/12\/AASTA-BULDOG-statuut.pdf\">STATUUT &#8211; link<\/a><\/p>\n\n\n\n<p><\/p>\n\n\n\n<p>AASTA BULDOG 2022 TABEL<\/p>\n\n\n\n<p><a href=\"https:\/\/docs.google.com\/spreadsheets\/d\/1q29J-4K6EYcuDgniV8yZqmGZPie8sD3jxAE9xwPsTD4\/edit#gid=312116078\">SIIT LEIAD TABELI 2022  &#8211; link<\/a><\/p>\n\n\n\n<p><\/p>\n\n\n\n<p>AASTA BULDOG 2023 TABEL<\/p>\n\n\n\n<p><a href=\"https:\/\/docs.google.com\/spreadsheets\/d\/1183Lyy67WOrvKgUxkiZ1Ab5RVtFO8tb9TRl_RumosfM\/edit#gid=312116078\" data-type=\"URL\" data-id=\"https:\/\/docs.google.com\/spreadsheets\/d\/1183Lyy67WOrvKgUxkiZ1Ab5RVtFO8tb9TRl_RumosfM\/edit#gid=312116078\">SIIT LEIAD TABELI 2023 &#8211; link<\/a><\/p>\n\n\n\n<p><\/p>\n\n\n\n<p>AASTA BULDOG 2024 TABEL<\/p>\n\n\n\n<p><a href=\"https:\/\/docs.google.com\/spreadsheets\/d\/15TkdH2dZyZf--YResaQ7H_EN7-EeW8HWSZg25i4jxsU\/edit?usp=sharing\"> SIIT LEIAD  TABELI 2024 &#8211; link<\/a><\/p>\n\n\n\n<p><\/p>\n\n\n\n<div class=\"wp-block-group\"><div class=\"wp-block-group__inner-container is-layout-constrained wp-block-group-is-layout-constrained\">\n<div class=\"wp-block-columns are-vertically-aligned-bottom is-layout-flex wp-container-core-columns-is-layout-9d6595d7 wp-block-columns-is-layout-flex\">\n<div class=\"wp-block-column is-vertically-aligned-bottom is-layout-flow wp-block-column-is-layout-flow\" style=\"flex-basis:50%\">\n<p>Head inglise buldogite omanikud, kes Te olete aktiivsed osalejad erinevatel koerten\u00e4itustel! <\/p>\n\n\n\n<p>Teie panus selle t\u00f5u esindamisel on v\u00e4ga oluline ning meie \u00fchingu jaoks \u00e4\u00e4rmiselt t\u00e4htis. Oleme m\u00e4rganud ja silma peal hoidnud k\u00f5ikidel tublidel buldogitel ja nende omanikel ning otsustanud alustada uue TRADITSIOONIGA \u2013 valime meie t\u00f5u\u00fchingu poolt v\u00e4lja \u201cAASTA PARIMAD\u201d ja seda mitmes erinevas kategoorias. Kuidas osaleda ja milliste on kriteeriumite alusel moodustub parimate pingerida, saab tutvuda siinsamas meie kodulehel.<\/p>\n\n\n\n<p> Parimad koerad valitakse v\u00e4lja mitmes erinevas kategoorias. Nii, et v\u00f5imalus on k\u00f5igil! <\/p>\n\n\n\n<p><strong>Nb! Tutvudes meie 2023. a tabeliga, juhime t\u00e4helepanu sellele, et antud pingerida pole enne l\u00f5plik, kui saame omanikelt info v\u00e4lismaa n\u00e4itustel osalemise kohta 2023. aasta jooksul. Palume saata vastav info (koos saadud autasude koopiatega) meie t\u00f5u\u00fchingu meilile info@inglisebuldog.ee<\/strong> et 2023. aasta pingerida ja v\u00f5itjad v\u00e4lja selgitada. Arvestus ja j\u00e4rjestus kujuneb vastavalt sellele, kui palju ja millised tulemused on aasta jooksul n\u00e4itustel saavutatud.<\/p>\n<\/div>\n\n\n\n<div class=\"wp-block-column is-vertically-aligned-bottom is-layout-flow wp-block-column-is-layout-flow\" style=\"flex-basis:50%\">\n<figure class=\"wp-block-image\"><img loading=\"lazy\" decoding=\"async\" width=\"985\" height=\"1024\" src=\"https:\/\/inglisebuldog.ee\/wp-content\/uploads\/2022\/12\/image-985x1024.png\" alt=\"\" class=\"wp-image-811\" srcset=\"https:\/\/inglisebuldog.ee\/wp-content\/uploads\/2022\/12\/image-985x1024.png 985w, https:\/\/inglisebuldog.ee\/wp-content\/uploads\/2022\/12\/image-289x300.png 289w, https:\/\/inglisebuldog.ee\/wp-content\/uploads\/2022\/12\/image-768x798.png 768w, https:\/\/inglisebuldog.ee\/wp-content\/uploads\/2022\/12\/image.png 1075w\" sizes=\"auto, (max-width: 985px) 100vw, 985px\" \/><\/figure>\n<\/div>\n<\/div>\n<\/div><\/div>\n","protected":false},"excerpt":{"rendered":"<p>STATUUT &#8211; link AASTA BULDOG 2022 TABEL SIIT LEIAD TABELI 2022 &#8211; link AASTA BULDOG 2023 TABEL SIIT LEIAD TABELI 2023 &#8211; link AASTA BULDOG 2024 TABEL SIIT LEIAD TABELI 2024 &#8211; link Head inglise buldogite omanikud, kes Te olete aktiivsed osalejad erinevatel koerten\u00e4itustel! Teie panus selle t\u00f5u esindamisel on v\u00e4ga oluline ning meie \u00fchingu <a href=\"https:\/\/inglisebuldog.ee\/ru\/uritused\/aasta-buldog-2022\/\" class=\"read-more inline\">Read More<\/a><\/p>\n","protected":false},"author":2,"featured_media":0,"parent":161,"menu_order":2,"comment_status":"closed","ping_status":"closed","template":"","meta":{"_exactmetrics_skip_tracking":false,"_exactmetrics_sitenote_active":false,"_exactmetrics_sitenote_note":"","_exactmetrics_sitenote_category":0,"footnotes":""},"class_list":["post-774","page","type-page","status-publish","hentry"],"translation":{"provider":"WPGlobus","version":"3.0.2","language":"ru","enabled_languages":["ee","gb","ru"],"languages":{"ee":{"title":true,"content":true,"excerpt":false},"gb":{"title":false,"content":false,"excerpt":false},"ru":{"title":false,"content":false,"excerpt":false}}},"_links":{"self":[{"href":"https:\/\/inglisebuldog.ee\/ru\/wp-json\/wp\/v2\/pages\/774","targetHints":{"allow":["GET"]}}],"collection":[{"href":"https:\/\/inglisebuldog.ee\/ru\/wp-json\/wp\/v2\/pages"}],"about":[{"href":"https:\/\/inglisebuldog.ee\/ru\/wp-json\/wp\/v2\/types\/page"}],"author":[{"embeddable":true,"href":"https:\/\/inglisebuldog.ee\/ru\/wp-json\/wp\/v2\/users\/2"}],"replies":[{"embeddable":true,"href":"https:\/\/inglisebuldog.ee\/ru\/wp-json\/wp\/v2\/comments?post=774"}],"version-history":[{"count":25,"href":"https:\/\/inglisebuldog.ee\/ru\/wp-json\/wp\/v2\/pages\/774\/revisions"}],"predecessor-version":[{"id":1039,"href":"https:\/\/inglisebuldog.ee\/ru\/wp-json\/wp\/v2\/pages\/774\/revisions\/1039"}],"up":[{"embeddable":true,"href":"https:\/\/inglisebuldog.ee\/ru\/wp-json\/wp\/v2\/pages\/161"}],"wp:attachment":[{"href":"https:\/\/inglisebuldog.ee\/ru\/wp-json\/wp\/v2\/media?parent=774"}],"curies":[{"name":"wp","href":"https:\/\/api.w.org\/{rel}","templated":true}]}}