{"id":75,"date":"2017-12-06T15:04:36","date_gmt":"2017-12-06T15:04:36","guid":{"rendered":"https:\/\/inglisebuldog.ee\/?page_id=75"},"modified":"2023-10-25T07:03:51","modified_gmt":"2023-10-25T07:03:51","slug":"kontakt","status":"publish","type":"page","link":"https:\/\/inglisebuldog.ee\/ru\/inglise-buldog\/kontakt\/","title":{"rendered":"Kontakt"},"content":{"rendered":"<p><strong>Eesti Inglise Buldogide T\u00f5u\u00fching MT\u00dc<\/strong><\/p>\n<p>Reg nr 80422790<br \/>\nAadress: Kahek\u00fcla tee 41, Tallinn, 13516 Harju maakond<\/p>\n<p><span style=\"font-size: 15px;\">E-mail info@inglisebuldog.ee<br \/>\n<\/span><\/p>\n<p><strong>Eesti Inglise Buldogide T\u00f5u\u00fching MT\u00dc on Eesti Kennelliidu liige alates 16. jaanuarist 2018.<\/strong><\/p>\n<p><strong>Juhatus<br \/>\n<\/strong><span style=\"font-size: 15px;\">Pille Visnapuu, <\/span><\/p>\n<p>Ene Promvalds,<\/p>\n<p>Lee Reinula (tel 5664 4774),<\/p>\n<p>Catlyn M\u00f6lder,<\/p>\n<p>Heidi Vares<\/p>\n<p><strong>\u00a0<\/strong><\/p>\n","protected":false},"excerpt":{"rendered":"<p>Eesti Inglise Buldogide T\u00f5u\u00fching MT\u00dc Reg nr 80422790 Aadress: Kahek\u00fcla tee 41, Tallinn, 13516 Harju maakond E-mail info@inglisebuldog.ee Eesti Inglise Buldogide T\u00f5u\u00fching MT\u00dc on Eesti Kennelliidu liige alates 16. jaanuarist 2018. Juhatus Pille Visnapuu, Ene Promvalds, Lee Reinula (tel 5664 4774), Catlyn M\u00f6lder, Heidi Vares \u00a0<\/p>\n","protected":false},"author":1,"featured_media":0,"parent":9,"menu_order":5,"comment_status":"closed","ping_status":"closed","template":"","meta":{"_exactmetrics_skip_tracking":false,"_exactmetrics_sitenote_active":false,"_exactmetrics_sitenote_note":"","_exactmetrics_sitenote_category":0,"footnotes":""},"class_list":["post-75","page","type-page","status-publish","hentry"],"translation":{"provider":"WPGlobus","version":"3.0.2","language":"ru","enabled_languages":["ee","gb","ru"],"languages":{"ee":{"title":true,"content":true,"excerpt":false},"gb":{"title":false,"content":false,"excerpt":false},"ru":{"title":false,"content":false,"excerpt":false}}},"_links":{"self":[{"href":"https:\/\/inglisebuldog.ee\/ru\/wp-json\/wp\/v2\/pages\/75","targetHints":{"allow":["GET"]}}],"collection":[{"href":"https:\/\/inglisebuldog.ee\/ru\/wp-json\/wp\/v2\/pages"}],"about":[{"href":"https:\/\/inglisebuldog.ee\/ru\/wp-json\/wp\/v2\/types\/page"}],"author":[{"embeddable":true,"href":"https:\/\/inglisebuldog.ee\/ru\/wp-json\/wp\/v2\/users\/1"}],"replies":[{"embeddable":true,"href":"https:\/\/inglisebuldog.ee\/ru\/wp-json\/wp\/v2\/comments?post=75"}],"version-history":[{"count":13,"href":"https:\/\/inglisebuldog.ee\/ru\/wp-json\/wp\/v2\/pages\/75\/revisions"}],"predecessor-version":[{"id":888,"href":"https:\/\/inglisebuldog.ee\/ru\/wp-json\/wp\/v2\/pages\/75\/revisions\/888"}],"up":[{"embeddable":true,"href":"https:\/\/inglisebuldog.ee\/ru\/wp-json\/wp\/v2\/pages\/9"}],"wp:attachment":[{"href":"https:\/\/inglisebuldog.ee\/ru\/wp-json\/wp\/v2\/media?parent=75"}],"curies":[{"name":"wp","href":"https:\/\/api.w.org\/{rel}","templated":true}]}}