{"id":67,"date":"2017-12-06T14:45:56","date_gmt":"2017-12-06T14:45:56","guid":{"rendered":"https:\/\/inglisebuldog.ee\/?page_id=67"},"modified":"2023-10-25T07:19:08","modified_gmt":"2023-10-25T07:19:08","slug":"meie-koerad-meedias","status":"publish","type":"page","link":"https:\/\/inglisebuldog.ee\/ru\/meie-koerad-meedias\/","title":{"rendered":"Meie koerad meedias"},"content":{"rendered":"<h5>Tore saade ETV+ kanalil<\/h5>\n<h5><a href=\"https:\/\/etvpluss.err.ee\/1057626\/rjadom-s-nami\">https:\/\/etvpluss.err.ee\/1057626\/rjadom-s-nami<\/a><\/h5>\n<p><img decoding=\"async\" src=\"https:\/\/s.err.ee\/photo\/crop\/2020\/03\/02\/755717h9efbt61.jpg\" \/><\/p>\n<h5><\/h5>\n<h5>Uueveski noorukid k\u00e4isid &#8220;S\u00f5ber koer&#8221; saates<\/h5>\n<div id=\"fb-root\"><\/div>\n<p><script async=\"1\" defer=\"1\" crossorigin=\"anonymous\" src=\"https:\/\/connect.facebook.net\/et_EE\/sdk.js#xfbml=1&amp;version=v6.0\"><\/script><\/p>\n<div class=\"fb-video\" data-href=\"https:\/\/www.facebook.com\/viljandiloomakliinik\/videos\/1388217751231301\/\" data-width=\"800\">\n<blockquote cite=\"https:\/\/www.facebook.com\/viljandiloomakliinik\/videos\/1388217751231301\/\" class=\"fb-xfbml-parse-ignore\"><p><a href=\"https:\/\/www.facebook.com\/viljandiloomakliinik\/videos\/1388217751231301\/\"><\/a><\/p>\n<p>Teises osas tutvustab dr. Laura Linntamm endoskoopilist seemendamist ja dr. \u00dclle Kell, kes igap\u00e4evaselt t\u00f6\u00f6tab Tiina Toometi kliinikus, kuid v\u00f5tab vastu patsiente ka M\u00e4nnim\u00e4e Loomakliinikus, r\u00e4\u00e4gib silmade tervisest.<\/p>\n<p>Posted by <a href=\"https:\/\/www.facebook.com\/viljandiloomakliinik\/\">M\u00e4nnim\u00e4e Loomakliinik<\/a> on Laup\u00e4ev, 8. juuli 2017<\/p><\/blockquote>\n<\/div>\n<h5><\/h5>\n<h5><\/h5>\n","protected":false},"excerpt":{"rendered":"<p>Tore saade ETV+ kanalil https:\/\/etvpluss.err.ee\/1057626\/rjadom-s-nami Uueveski noorukid k\u00e4isid &#8220;S\u00f5ber koer&#8221; saates Teises osas tutvustab dr. Laura Linntamm endoskoopilist seemendamist ja dr. \u00dclle Kell, kes igap\u00e4evaselt t\u00f6\u00f6tab Tiina Toometi kliinikus, kuid v\u00f5tab vastu patsiente ka M\u00e4nnim\u00e4e Loomakliinikus, r\u00e4\u00e4gib silmade tervisest. Posted by M\u00e4nnim\u00e4e Loomakliinik on Laup\u00e4ev, 8. juuli 2017<\/p>\n","protected":false},"author":1,"featured_media":0,"parent":0,"menu_order":0,"comment_status":"closed","ping_status":"closed","template":"","meta":{"_exactmetrics_skip_tracking":false,"_exactmetrics_sitenote_active":false,"_exactmetrics_sitenote_note":"","_exactmetrics_sitenote_category":0,"footnotes":""},"class_list":["post-67","page","type-page","status-publish","hentry"],"translation":{"provider":"WPGlobus","version":"3.0.2","language":"ru","enabled_languages":["ee","gb","ru"],"languages":{"ee":{"title":true,"content":true,"excerpt":false},"gb":{"title":false,"content":false,"excerpt":false},"ru":{"title":false,"content":false,"excerpt":false}}},"_links":{"self":[{"href":"https:\/\/inglisebuldog.ee\/ru\/wp-json\/wp\/v2\/pages\/67","targetHints":{"allow":["GET"]}}],"collection":[{"href":"https:\/\/inglisebuldog.ee\/ru\/wp-json\/wp\/v2\/pages"}],"about":[{"href":"https:\/\/inglisebuldog.ee\/ru\/wp-json\/wp\/v2\/types\/page"}],"author":[{"embeddable":true,"href":"https:\/\/inglisebuldog.ee\/ru\/wp-json\/wp\/v2\/users\/1"}],"replies":[{"embeddable":true,"href":"https:\/\/inglisebuldog.ee\/ru\/wp-json\/wp\/v2\/comments?post=67"}],"version-history":[{"count":12,"href":"https:\/\/inglisebuldog.ee\/ru\/wp-json\/wp\/v2\/pages\/67\/revisions"}],"predecessor-version":[{"id":889,"href":"https:\/\/inglisebuldog.ee\/ru\/wp-json\/wp\/v2\/pages\/67\/revisions\/889"}],"wp:attachment":[{"href":"https:\/\/inglisebuldog.ee\/ru\/wp-json\/wp\/v2\/media?parent=67"}],"curies":[{"name":"wp","href":"https:\/\/api.w.org\/{rel}","templated":true}]}}