{"id":60,"date":"2017-12-04T11:02:02","date_gmt":"2017-12-04T11:02:02","guid":{"rendered":"https:\/\/inglisebuldog.ee\/?page_id=60"},"modified":"2020-03-31T13:02:22","modified_gmt":"2020-03-31T13:02:22","slug":"ajalugu","status":"publish","type":"page","link":"https:\/\/inglisebuldog.ee\/ru\/inglise-buldog-2\/ajalugu\/","title":{"rendered":"Ajalugu"},"content":{"rendered":"<h5><a href=\"https:\/\/inglisebuldog.ee\/wp-content\/uploads\/2018\/01\/26166257_10155144792267108_5884186758297212535_n.jpg\"><img loading=\"lazy\" decoding=\"async\" class=\"size-medium wp-image-108 alignleft\" src=\"https:\/\/inglisebuldog.ee\/wp-content\/uploads\/2018\/01\/26166257_10155144792267108_5884186758297212535_n-233x300.jpg\" alt=\"\" width=\"233\" height=\"300\" srcset=\"https:\/\/inglisebuldog.ee\/wp-content\/uploads\/2018\/01\/26166257_10155144792267108_5884186758297212535_n-233x300.jpg 233w, https:\/\/inglisebuldog.ee\/wp-content\/uploads\/2018\/01\/26166257_10155144792267108_5884186758297212535_n.jpg 746w\" sizes=\"auto, (max-width: 233px) 100vw, 233px\" \/><\/a><\/h5>\n<p>Peame lugu meie armatatud t\u00f5u\u00a0 ajaloost ja austame\u00a0 aretuses FCI standardit.<\/p>\n<p>Siin kujutatud postril on v\u00f5rdlusmoment standard-buldogide vahel sada aastat tagasi ja praegu.<\/p>\n<p>Postri kasutamine autori loal.<\/p>\n<p><a href=\"https:\/\/www.thekennelclub.org.uk\/services\/public\/breed\/display.aspx?id=4084\"><strong>Inglise kennelklubi lehel olev l\u00fchikokkuv\u00f5te t\u00f5u ajaloost<\/strong><\/a><\/p>\n<p><strong><a href=\"https:\/\/en.wikipedia.org\/wiki\/Bulldog\">Buldog Wikipedias<\/a><\/strong><\/p>\n<p><strong><span class=\"fbPhotosPhotoCaption\" style=\"color: #000000;\" tabindex=\"0\" aria-live=\"polite\" data-ft=\"{\"><span class=\"hasCaption\">V\u00e4idetavalt esimesed buldogid\u00a0<\/span><\/span><span id=\"fbPhotoSnowliftCaption\" class=\"fbPhotosPhotoCaption\" style=\"color: #000000;\" tabindex=\"0\" aria-live=\"polite\" data-ft=\"{\"><span class=\"hasCaption\">Eestis ja kogu NSVLis lid<\/span><\/span><span id=\"fbPhotoSnowliftCaption\" class=\"fbPhotosPhotoCaption\" style=\"color: #000000;\" tabindex=\"0\" aria-live=\"polite\" data-ft=\"{\"><span class=\"hasCaption\">\u00a0Daina ja Tabus X Fingal.<\/span><\/span><\/strong><\/p>\n<p><strong>Siin lingil\u00a0 <a href=\"http:\/\/www.bulldogpedigree.com\/pedigreeRu.jsp?id=6686\">http:\/\/www.bulldogpedigree.com\/pedigreeRu.jsp?id=6686<\/a>\u00a0 on nende koerte sugupuu Bulldog Pedigree andmebaais.<\/strong><\/p>\n<h5><span id=\"fbPhotoSnowliftCaption\" class=\"fbPhotosPhotoCaption\" tabindex=\"0\" aria-live=\"polite\" data-ft=\"{\"><span class=\"hasCaption\"><span style=\"color: #000000;\">Siin neist pikemalt:\u00a0<\/span><a href=\"http:\/\/bulldogss.com\/forum\/viewtopic.php?f=1&amp;t=13045\">http:\/\/bulldogss.com\/forum\/viewtopic.php?f=1&amp;t=13045<\/a><br \/>\n<\/span><\/span><\/h5>\n<h5 id=\"fbPhotoSnowliftCTMButton\">\u00a0<a href=\"https:\/\/inglisebuldog.ee\/wp-content\/uploads\/2018\/01\/24008809_1660428414007245_142487149_n.jpg\"><img loading=\"lazy\" decoding=\"async\" class=\"alignnone wp-image-113\" src=\"https:\/\/inglisebuldog.ee\/wp-content\/uploads\/2018\/01\/24008809_1660428414007245_142487149_n-225x300.jpg\" alt=\"\" width=\"197\" height=\"263\" srcset=\"https:\/\/inglisebuldog.ee\/wp-content\/uploads\/2018\/01\/24008809_1660428414007245_142487149_n-225x300.jpg 225w, https:\/\/inglisebuldog.ee\/wp-content\/uploads\/2018\/01\/24008809_1660428414007245_142487149_n.jpg 720w\" sizes=\"auto, (max-width: 197px) 100vw, 197px\" \/><\/a><a href=\"https:\/\/inglisebuldog.ee\/wp-content\/uploads\/2018\/01\/23972382_1660429614007125_1255755351_n.jpg\"><img loading=\"lazy\" decoding=\"async\" class=\"alignnone wp-image-103\" src=\"https:\/\/inglisebuldog.ee\/wp-content\/uploads\/2018\/01\/23972382_1660429614007125_1255755351_n-300x225.jpg\" alt=\"\" width=\"276\" height=\"207\" srcset=\"https:\/\/inglisebuldog.ee\/wp-content\/uploads\/2018\/01\/23972382_1660429614007125_1255755351_n-300x225.jpg 300w, https:\/\/inglisebuldog.ee\/wp-content\/uploads\/2018\/01\/23972382_1660429614007125_1255755351_n-768x576.jpg 768w, https:\/\/inglisebuldog.ee\/wp-content\/uploads\/2018\/01\/23972382_1660429614007125_1255755351_n.jpg 960w\" sizes=\"auto, (max-width: 276px) 100vw, 276px\" \/><\/a><a href=\"https:\/\/inglisebuldog.ee\/wp-content\/uploads\/2018\/01\/23899327_1660429720673781_1477198044_n.jpg\"><img loading=\"lazy\" decoding=\"async\" class=\"alignnone wp-image-114\" src=\"https:\/\/inglisebuldog.ee\/wp-content\/uploads\/2018\/01\/23899327_1660429720673781_1477198044_n-300x225.jpg\" alt=\"\" width=\"260\" height=\"195\" srcset=\"https:\/\/inglisebuldog.ee\/wp-content\/uploads\/2018\/01\/23899327_1660429720673781_1477198044_n-300x225.jpg 300w, https:\/\/inglisebuldog.ee\/wp-content\/uploads\/2018\/01\/23899327_1660429720673781_1477198044_n-768x576.jpg 768w, https:\/\/inglisebuldog.ee\/wp-content\/uploads\/2018\/01\/23899327_1660429720673781_1477198044_n.jpg 960w\" sizes=\"auto, (max-width: 260px) 100vw, 260px\" \/><\/a><\/h5>\n<h5><strong>Omanikul k\u00fclas k\u00e4inud Silvi Kupinskaja meenutused (kirja panduna tema s\u00f5nadega)<\/strong><\/h5>\n<p>K\u00e4isime tal k\u00fclas 2013. a detsembri alguses, kontakti sain toonaselt Tallinna loomaaia direktorilt Mati Kaalult.<\/p>\n<p><strong>Mina (Silvi): <\/strong>Minu s\u00f5brad, koeraomanikud Venemaalt, tahaksid saada infot ja volitasid mind seda tegema:<br \/>\nEsimesed inglise bulldogid NSVL-is, emane DIANA ja isane TABUS X FINGAL olid toodud Rootsi kennelist Tabus (kenneli omanik Kerstin Hall).<br \/>\nEestis oli koerte omanik Margit Vellmann. On olemas info, et need 2 bulldogit elasid loomaaias. V\u00f5ib olla Vellmann t\u00f6\u00f6tas loomaaias?<\/p>\n<p>Need kaks koera olid NSVL-i inglise bulldogite esimese pesakonna esivanemad.<\/p>\n<p><strong>Mati Kaal:<\/strong> M\u00e4letan neid koeri p\u00e4ris h\u00e4sti, aga need kuulusid meie toonasele pealoomaarstile Margit Veelmannile isiklikult, kuid \u00a0olid tal t\u00f5esti \u00fcsna tihti ka loomaaias kaasas. Margit, kes on n\u00fc\u00fcd juba \u00fcle 80-aastane, elas k\u00fcll vahepeal Rootsis, kuid meie andmetel on taas kolinud Eestisse. Ilmselt ei ole ta eriti arvutiga tegev ja ei loe e-kirju, mist\u00f5ttu v\u00f5iksime proovida talle vahendajate kaudu Teie huvist teada anda. Oleks vaja, et \u00a0saadate mulle enda \u00a0telefoni numbri, millele ta saaks helistada, kui on valmis Teiega suhtlema ja vajalikke andmeid jagama, siis proovin Teid aidata.<\/p>\n","protected":false},"excerpt":{"rendered":"<p>Peame lugu meie armatatud t\u00f5u\u00a0 ajaloost ja austame\u00a0 aretuses FCI standardit. Siin kujutatud postril on v\u00f5rdlusmoment standard-buldogide vahel sada aastat tagasi ja praegu. Postri kasutamine autori loal. Inglise kennelklubi lehel olev l\u00fchikokkuv\u00f5te t\u00f5u ajaloost Buldog Wikipedias V\u00e4idetavalt esimesed buldogid\u00a0Eestis ja kogu NSVLis lid\u00a0Daina ja Tabus X Fingal. Siin lingil\u00a0 http:\/\/www.bulldogpedigree.com\/pedigreeRu.jsp?id=6686\u00a0 on nende koerte sugupuu Bulldog <a href=\"https:\/\/inglisebuldog.ee\/ru\/inglise-buldog-2\/ajalugu\/\" class=\"read-more inline\">Read More<\/a><\/p>\n","protected":false},"author":1,"featured_media":0,"parent":30,"menu_order":5,"comment_status":"closed","ping_status":"closed","template":"","meta":{"_exactmetrics_skip_tracking":false,"_exactmetrics_sitenote_active":false,"_exactmetrics_sitenote_note":"","_exactmetrics_sitenote_category":0,"footnotes":""},"class_list":["post-60","page","type-page","status-publish","hentry"],"translation":{"provider":"WPGlobus","version":"3.0.2","language":"ru","enabled_languages":["ee","gb","ru"],"languages":{"ee":{"title":true,"content":true,"excerpt":false},"gb":{"title":false,"content":false,"excerpt":false},"ru":{"title":false,"content":false,"excerpt":false}}},"_links":{"self":[{"href":"https:\/\/inglisebuldog.ee\/ru\/wp-json\/wp\/v2\/pages\/60","targetHints":{"allow":["GET"]}}],"collection":[{"href":"https:\/\/inglisebuldog.ee\/ru\/wp-json\/wp\/v2\/pages"}],"about":[{"href":"https:\/\/inglisebuldog.ee\/ru\/wp-json\/wp\/v2\/types\/page"}],"author":[{"embeddable":true,"href":"https:\/\/inglisebuldog.ee\/ru\/wp-json\/wp\/v2\/users\/1"}],"replies":[{"embeddable":true,"href":"https:\/\/inglisebuldog.ee\/ru\/wp-json\/wp\/v2\/comments?post=60"}],"version-history":[{"count":21,"href":"https:\/\/inglisebuldog.ee\/ru\/wp-json\/wp\/v2\/pages\/60\/revisions"}],"predecessor-version":[{"id":497,"href":"https:\/\/inglisebuldog.ee\/ru\/wp-json\/wp\/v2\/pages\/60\/revisions\/497"}],"up":[{"embeddable":true,"href":"https:\/\/inglisebuldog.ee\/ru\/wp-json\/wp\/v2\/pages\/30"}],"wp:attachment":[{"href":"https:\/\/inglisebuldog.ee\/ru\/wp-json\/wp\/v2\/media?parent=60"}],"curies":[{"name":"wp","href":"https:\/\/api.w.org\/{rel}","templated":true}]}}