{"id":48,"date":"2017-12-04T00:16:50","date_gmt":"2017-12-04T00:16:50","guid":{"rendered":"https:\/\/inglisebuldog.ee\/?page_id=48"},"modified":"2025-01-27T21:00:33","modified_gmt":"2025-01-27T21:00:33","slug":"meie-klubiga-liitunud-kennelid","status":"publish","type":"page","link":"https:\/\/inglisebuldog.ee\/ru\/inglise-buldog\/meie-klubiga-liitunud-kennelid\/","title":{"rendered":"Meie t\u00f5u\u00fchingu liikmeskond ja liitunud  kennelid"},"content":{"rendered":"\n<p>Meie liikmeskond kasvab vaikselt aga j\u00e4rjepidevalt. Alati ootame uusi liikmeid!<\/p>\n\n\n\n<p>Meie t\u00f5u\u00fchinguga on liitunud j\u00e4rgmised kennelid &#8211; <\/p>\n\n\n\n<p><\/p>\n\n\n<ul>\n<li><a href=\"https:\/\/sites.google.com\/site\/uueveskikennel\/\">UUEVESKI<\/a> ja\u00a0 <a href=\"https:\/\/www.facebook.com\/kenneluueveski\/\">kenneli FB-link<\/a><\/li>\n<li><a href=\"http:\/\/firstfavourite.planet.ee\/\" target=\"_blank\" rel=\"noopener noreferrer\">FIRST FAVOURITE BULLDOGS<\/a><\/li>\n<li><a href=\"https:\/\/www.facebook.com\/KennelDagostar\/\" target=\"_blank\" rel=\"noopener noreferrer\">DAGOSTAR<\/a><\/li>\n<li><a href=\"https:\/\/www.facebook.com\/Kennel-DONNA-PAWS-1639581839642480\/\" target=\"_blank\" rel=\"noopener noreferrer\">DONNA PAWS<\/a><\/li>\n<li><a href=\"https:\/\/www.facebook.com\/FitzRoy-Bulls-Kennel-108063671325168\">FITZROY BULLS<\/a><\/li>\n<li>MY RARITY<\/li>\n<li>\u00d5NNESEEN<\/li>\n<\/ul>\n\n\n<p>K\u00f5iki buldogihuvilisi ootame meie t\u00f5u\u00fchingu ametlikuks liikmeks astuma.<\/p>\n\n\n\n<p>Oma soovist andke teada meie t\u00f5u\u00fchingu e-mailile info@inglisebuldog.ee <\/p>\n","protected":false},"excerpt":{"rendered":"<p>Meie liikmeskond kasvab vaikselt aga j\u00e4rjepidevalt. Alati ootame uusi liikmeid! Meie t\u00f5u\u00fchinguga on liitunud j\u00e4rgmised kennelid &#8211; UUEVESKI ja\u00a0 kenneli FB-link FIRST FAVOURITE BULLDOGS DAGOSTAR DONNA PAWS FITZROY BULLS MY RARITY \u00d5NNESEEN K\u00f5iki buldogihuvilisi ootame meie t\u00f5u\u00fchingu ametlikuks liikmeks astuma. Oma soovist andke teada meie t\u00f5u\u00fchingu e-mailile info@inglisebuldog.ee<\/p>\n","protected":false},"author":1,"featured_media":0,"parent":9,"menu_order":2,"comment_status":"closed","ping_status":"closed","template":"","meta":{"_exactmetrics_skip_tracking":false,"_exactmetrics_sitenote_active":false,"_exactmetrics_sitenote_note":"","_exactmetrics_sitenote_category":0,"footnotes":""},"class_list":["post-48","page","type-page","status-publish","hentry"],"translation":{"provider":"WPGlobus","version":"3.0.2","language":"ru","enabled_languages":["ee","gb","ru"],"languages":{"ee":{"title":true,"content":true,"excerpt":false},"gb":{"title":false,"content":false,"excerpt":false},"ru":{"title":false,"content":false,"excerpt":false}}},"_links":{"self":[{"href":"https:\/\/inglisebuldog.ee\/ru\/wp-json\/wp\/v2\/pages\/48","targetHints":{"allow":["GET"]}}],"collection":[{"href":"https:\/\/inglisebuldog.ee\/ru\/wp-json\/wp\/v2\/pages"}],"about":[{"href":"https:\/\/inglisebuldog.ee\/ru\/wp-json\/wp\/v2\/types\/page"}],"author":[{"embeddable":true,"href":"https:\/\/inglisebuldog.ee\/ru\/wp-json\/wp\/v2\/users\/1"}],"replies":[{"embeddable":true,"href":"https:\/\/inglisebuldog.ee\/ru\/wp-json\/wp\/v2\/comments?post=48"}],"version-history":[{"count":30,"href":"https:\/\/inglisebuldog.ee\/ru\/wp-json\/wp\/v2\/pages\/48\/revisions"}],"predecessor-version":[{"id":957,"href":"https:\/\/inglisebuldog.ee\/ru\/wp-json\/wp\/v2\/pages\/48\/revisions\/957"}],"up":[{"embeddable":true,"href":"https:\/\/inglisebuldog.ee\/ru\/wp-json\/wp\/v2\/pages\/9"}],"wp:attachment":[{"href":"https:\/\/inglisebuldog.ee\/ru\/wp-json\/wp\/v2\/media?parent=48"}],"curies":[{"name":"wp","href":"https:\/\/api.w.org\/{rel}","templated":true}]}}