{"id":361,"date":"2018-06-03T10:53:31","date_gmt":"2018-06-03T10:53:31","guid":{"rendered":"https:\/\/inglisebuldog.ee\/?page_id=361"},"modified":"2026-02-03T23:43:09","modified_gmt":"2026-02-03T23:43:09","slug":"aretus","status":"publish","type":"page","link":"https:\/\/inglisebuldog.ee\/ru\/aretus\/","title":{"rendered":"Aretus"},"content":{"rendered":"<p>ARETUSREEGLITE LINK EKL lehel &#8211;<\/p>\n<p><a href=\"https:\/\/kennelliit.ee\/ekl_touraamat\/inglise-buldog-alates-01-01-2026\/\">https:\/\/kennelliit.ee\/ekl_touraamat\/inglise-buldog-alates-01-01-2026\/<\/a><\/p>\n<h1>V\u00e4ljav\u00f5te buldogide aretuseeskirjast &#8211;<\/h1>\n<p><strong>KEHTIB 01.01.2026\u201331.12.2030 (EKL volinike koosoleku protokoll nr 4, 18.11.2025)<\/strong><\/p>\n<p>1.Terviseuuring<\/p>\n<div class=\"elementor-element elementor-element-abdd97c elementor-widget elementor-widget-text-editor\" data-id=\"abdd97c\" data-element_type=\"widget\" data-widget_type=\"text-editor.default\">\n<div class=\"elementor-widget-container\">\n<p><b>Kohustuslikud uuringud:<\/b><\/p>\n<ul>\n<li><strong>Hinnang hingamisele (koormustest v\u00f5i Cambridge test) BOAS hinnang.<\/strong>\u00a0Aretuses tohib kasutada BOAS 0 ja BOAS 1 hinnanguga koeri. Erandina v\u00f5ib kasutada\u00a0aretuses kombinatsiooni BOAS 0 ja BOAS 2 hinnanguga koeri. BOAS 1 ja BOAS 2 hinnanguga kombinatsioon ei ole soovituslik.\u00a0BOAS 2 hinnanguga koera v\u00f5ib kasutada kombinatsioonis BOAS 1 hinnanguga koeraga ainult \u00fche korra koera (BOAS 2) eluea jooksul.\u00a0Aretuses on keelatud kasutada BOAS 3 hinnangu saanud koeri.<\/li>\n<li><strong>P\u00f5lveuuringud.<\/strong>\u00a0Aretuses on lubatud kasutada ainult uuringutulemustega 0 ja 1 koeri vastavalt allj\u00e4rgnevale:<br \/>\n<table id=\"tablepress-212\" class=\"tablepress tablepress-id-212\">\n<thead>\n<tr class=\"row-1\">\n<td class=\"column-1\">\u00a0<\/td>\n<th class=\"column-2\">0\/0<\/th>\n<th class=\"column-3\">0\/1<\/th>\n<th class=\"column-4\">1\/0<\/th>\n<th class=\"column-5\">1\/1<\/th>\n<\/tr>\n<\/thead>\n<tbody class=\"row-striping row-hover\">\n<tr class=\"row-2\">\n<td class=\"column-1\">0\/0<\/td>\n<td class=\"column-2\">\u00d7<\/td>\n<td class=\"column-3\">\u00d7<\/td>\n<td class=\"column-4\">\u00d7<\/td>\n<td class=\"column-5\">\u00d7<\/td>\n<\/tr>\n<tr class=\"row-3\">\n<td class=\"column-1\">0\/1<\/td>\n<td class=\"column-2\">\u00a0<\/td>\n<td class=\"column-3\">\u00a0<\/td>\n<td class=\"column-4\">\u00d7<\/td>\n<td class=\"column-5\">\u00a0<\/td>\n<\/tr>\n<tr class=\"row-4\">\n<td class=\"column-1\">1\/0<\/td>\n<td class=\"column-2\">\u00a0<\/td>\n<td class=\"column-3\">\u00d7<\/td>\n<td class=\"column-4\">\u00a0<\/td>\n<td class=\"column-5\">\u00a0<\/td>\n<\/tr>\n<tr class=\"row-5\">\n<td class=\"column-1\">1\/1<\/td>\n<td class=\"column-2\">\u00d7<\/td>\n<td class=\"column-3\">\u00a0<\/td>\n<td class=\"column-4\">\u00a0<\/td>\n<td class=\"column-5\">mittesoovituslik<\/td>\n<\/tr>\n<\/tbody>\n<\/table>\n<p>Aretuses on keelatud kasutada uuringutulemustega 2 ja 3 koeri.<\/p>\n<\/li>\n<li><strong>S\u00fcdameuuringud.<\/strong>\u00a0Aretuses v\u00f5ib kasutada ainult s\u00fcdameprobleemideta koeri.<\/li>\n<li><strong>Silmauuringud.<\/strong>\u00a0Silmauuringutel tuvastatud probleemidega (millised ei ole keelavaks asjaoluks aretuses kasutamisel) koera paaritamisel tuleb kasutada paarituseks koera, kellel ei esine sama probleemi.\u00a0Aretuses on keelatud kasutada katarakti v\u00f5i pimeduse diagnoosi saanud koeri.\u00a0Lubatud on paaritada kerge ja m\u00f5\u00f5duka distihhiaasi diagnoosi saanud koeri.<\/li>\n<li><strong>HUU, CYSTINURIA III.\u00a0<\/strong>Aretuskoeral peavad Laboklin HUU ja CYSTINURIA III testid olema tehtud enne paaritust ja tulemused olema avalikult n\u00e4htaval EST registris;. Viidatud geenitestide tegemisel aretusel piiranguid ei seata, kuna geenitestide paindlikul ja teadlikul kasutusel saab haigete loomade s\u00fcndi v\u00e4ltida.<br \/>Testid: HUU \u2013 terve N\/N, kandja N\/Huu, haige Huu\/Huu, Cystinuria III \u2013 terve N\/N, kandja N\/Cy, haige Cy\/Cy<\/li>\n<\/ul>\n<p><em><strong>Aretuses kasutatavatele koertele tehakse terviseuuringud reeglina koera 24-kuuseks saamisel. Alla 24-kuusele koerale tehtud testi tulemus kehtib 24 kuud.<\/strong><\/em><\/p>\n<\/div>\n<\/div>\n<p><strong>1.\u00dcldf\u00fc\u00fcsilise testi reeglid, v\u00e4ljav\u00f5te aretuseeskirjast<\/strong><\/p>\n<p>6.5.4. \u00dcldf\u00fc\u00fcsiline test<br \/>1 km l\u00e4bimine aja peale, ajaks 12 minutit. Alates 12 kuust, on kohustuslik.<br \/><strong>Testi kokkuv\u00f5te<\/strong><br \/>Testi kokkuv\u00f5te p\u00f5hineb koera koormustaluvusel ja\/v\u00f5i kliinilise l\u00e4bivaatuse tulemusel. Loomaarst otsustab kokkuv\u00f5tva tulemuse. Vajadusel kasutatakse<br \/>hindamisel lisaks t\u00f5uspetsiifilisi rajal\u00e4bimise ajalimiite.<br \/>Loomaarst m\u00e4rgib vormile kokkuv\u00f5tte:<br \/><strong>\u201eTest l\u00e4bitud\u201c<\/strong><br \/>\u2022 Koer l\u00e4bib 1000 m 12 minuti v\u00f5i v\u00e4hema aja jooksul ning taastub koormusest piisavalt j\u00e4rgneva 15 minuti jooksul.<br \/>\u2022 Koera kehatemperatuur ei pea langema testieelsele tasemele, kui koera \u00fcldine olek on t\u00e4iesti normaalne ja loomaarst loeb koera koormusest taastunuks.<br \/><strong>\u201eTest mittel\u00e4bitud\u201c<\/strong><br \/>\u2022 Kui loomaarst, p\u00f5hinedes esmasele kliinilisele l\u00e4bivaatusele, m\u00e4rgib, et koeral on hingamisraskus, limaskestad sinaka tooniga ja\/v\u00f5i kehatemperatuur \u00fcle<br \/>keskmise normi (\u00fcle 39,3\u02daC, h\u00fcpertermia) \u2013 koer ei saagi rajale.<br \/>\u2022 Kui loomaarst l\u00f5petab testi hingamisraskuste tekkimise korral koeral testi tegemise ajal.<br \/>\u2022 Kui koera kehatemperatuur koormusj\u00e4rgselt \u00fcletab 39,5\u02daC.<br \/>\u2022 Koer ei ole v\u00f5imeline l\u00e4bima n\u00f5utud maad 12 min jooksul ja\/v\u00f5i ei taastu koormuseelsele tasemele 15 min jooksul.<br \/><strong>\u201eTest katkestatud\u201c<\/strong><br \/>\u2022 Kui loomaarst m\u00e4rkab koeral teisi n\u00e4htavaid haigusi (v\u00e4ljaarvatud hingamisteede probleemid ja h\u00fcpertermia), mis takistavad testile minekut<br \/>ja\/v\u00f5i testi tegemist.<br \/>\u2022 Test katkestatakse omaniku v\u00f5i h\u00e4ndleri poolt.<br \/>Tulemusega \u201etest mittel\u00e4bitud\u201c p\u00e4\u00e4seb koer uuesti testile kaks korda, kuid mitte varem kui 6 kuud on m\u00f6\u00f6dunud eelmisest testist.<br \/>Tulemusega \u201etest katkestatud\u201c on v\u00f5imalik koeral teha uut testi kuni kaks korda ilma ajalise piiranguta testide vahel.<\/p>\n<p><strong>2.\u00dcLDF\u00dc\u00dcSILISE TESTI BLANKETI VORM pildifailina.\u00a0<\/strong><\/p>\n<p>Testi ajal kasutame isekopeeruvast materjalist blankette, mille originaal j\u00e4\u00e4b omanikule, teine koopia testi l\u00e4bi viinud veterinaarile ja kolmas koopia t\u00f5u\u00fchingule.<\/p>\n<p><img loading=\"lazy\" decoding=\"async\" class=\"\" src=\"https:\/\/inglisebuldog.ee\/wp-content\/uploads\/2022\/01\/BLANKETI-VORM-pildina.jpg\" width=\"630\" height=\"888\" \/><\/p>\n<p><strong>3.Stenoosi ja BOAS astme hindamise juhendmaterjal Cambridge \u00fclikooli BOAS t\u00f6\u00f6grupi materjalide p\u00f5hjal\u00a0<\/strong><\/p>\n<p><a href=\"https:\/\/www.vet.cam.ac.uk\/boas\/about-boas\/recognition-diagnosis\">https:\/\/www.vet.cam.ac.uk\/boas\/about-boas\/recognition-diagnosis<\/a><\/p>\n<h3>Aretuseeskirjad on koostatud j\u00e4rgnevatel linkidel asuvatele teadusuuringutele tuginedes &#8211;\u00a0<\/h3>\n<ul>\n<li>\u00a0 Comparison of submaximal exercise test results and severity of brachycephalic obstructive airway syndrome in English bulldogs<br \/>Liisa Lilja-Maula *, Anu K. Lappalainen, Heli K. Hyyti\u00e4inen, Erja Kuusela, Mirja Kaimio, Kirsti Schildt, Sari M\u00f6ls\u00e4, Mikael Morelius, Minna M. Rajam\u00e4ki<br \/>Department of Equine and Small Animal Medicine, Faculty of Veterinary Medicine, University of Helsinki, Helsinki, Finland\u00a0 &#8211;\u00a0 \u00a0\u00a0<a href=\"https:\/\/drive.google.com\/file\/d\/1Fga3USXi7CaIS7j2parXL9jPQUJhneTB\/view\">https:\/\/drive.google.com\/file\/d\/1Fga3USXi7CaIS7j2parXL9jPQUJhneTB\/view<\/a><\/li>\n<li>\n<p>Assessment of welfare and brachycephalic obstructive airway syndrome signs in young, breeding age French Bulldogs and Pugs, using owner<\/p>\n<p>questionnaire, physical examination and walk tests<\/p>\n<p>M Aromaa*, L Lilja-Maula and MM Rajam\u00e4ki<\/p>\n<p>Department of Equine and Small Animal Medicine, Faculty of Veterinary Medicine, University of Helsinki, PO Box 57, 00014 Helsinki, Finland<br \/>* Contact for correspondence: mimma.aromaa@helsinki.fi<\/p>\n<p>\u00a0 \u00a0&#8211;\u00a0<a href=\"https:\/\/drive.google.com\/file\/d\/17brBKFWkwID40L1kwhTkPe_JQOghhuMm\/view\">https:\/\/drive.google.com\/file\/d\/17brBKFWkwID40L1kwhTkPe_JQOghhuMm\/view<\/a><\/p>\n<\/li>\n<\/ul>\n<p><strong><span style=\"color: #993300;\">K\u00d5IKIDE K\u00dcSIMUSTE KORRAL V\u00d5TKE \u00dcHENDUST MEIE T\u00d5U\u00dcHINGUGA &#8211; inglisebuldog@gmail.com<\/span><\/strong><\/p>\n<h3>\u00a0<\/h3>\n\n\n<p><\/p>\n","protected":false},"excerpt":{"rendered":"<p>ARETUSREEGLITE LINK EKL lehel &#8211; https:\/\/kennelliit.ee\/ekl_touraamat\/inglise-buldog-alates-01-01-2026\/ V\u00e4ljav\u00f5te buldogide aretuseeskirjast &#8211; KEHTIB 01.01.2026\u201331.12.2030 (EKL volinike koosoleku protokoll nr 4, 18.11.2025) 1.Terviseuuring Kohustuslikud uuringud: Hinnang hingamisele (koormustest v\u00f5i Cambridge test) BOAS hinnang.\u00a0Aretuses tohib kasutada BOAS 0 ja BOAS 1 hinnanguga koeri. Erandina v\u00f5ib kasutada\u00a0aretuses kombinatsiooni BOAS 0 ja BOAS 2 hinnanguga koeri. BOAS 1 ja BOAS 2 <a href=\"https:\/\/inglisebuldog.ee\/ru\/aretus\/\" class=\"read-more inline\">Read More<\/a><\/p>\n","protected":false},"author":2,"featured_media":0,"parent":0,"menu_order":0,"comment_status":"closed","ping_status":"closed","template":"","meta":{"_exactmetrics_skip_tracking":false,"_exactmetrics_sitenote_active":false,"_exactmetrics_sitenote_note":"","_exactmetrics_sitenote_category":0,"footnotes":""},"class_list":["post-361","page","type-page","status-publish","hentry"],"translation":{"provider":"WPGlobus","version":"3.0.2","language":"ru","enabled_languages":["ee","gb","ru"],"languages":{"ee":{"title":true,"content":true,"excerpt":false},"gb":{"title":false,"content":false,"excerpt":false},"ru":{"title":false,"content":false,"excerpt":false}}},"_links":{"self":[{"href":"https:\/\/inglisebuldog.ee\/ru\/wp-json\/wp\/v2\/pages\/361","targetHints":{"allow":["GET"]}}],"collection":[{"href":"https:\/\/inglisebuldog.ee\/ru\/wp-json\/wp\/v2\/pages"}],"about":[{"href":"https:\/\/inglisebuldog.ee\/ru\/wp-json\/wp\/v2\/types\/page"}],"author":[{"embeddable":true,"href":"https:\/\/inglisebuldog.ee\/ru\/wp-json\/wp\/v2\/users\/2"}],"replies":[{"embeddable":true,"href":"https:\/\/inglisebuldog.ee\/ru\/wp-json\/wp\/v2\/comments?post=361"}],"version-history":[{"count":19,"href":"https:\/\/inglisebuldog.ee\/ru\/wp-json\/wp\/v2\/pages\/361\/revisions"}],"predecessor-version":[{"id":1045,"href":"https:\/\/inglisebuldog.ee\/ru\/wp-json\/wp\/v2\/pages\/361\/revisions\/1045"}],"wp:attachment":[{"href":"https:\/\/inglisebuldog.ee\/ru\/wp-json\/wp\/v2\/media?parent=361"}],"curies":[{"name":"wp","href":"https:\/\/api.w.org\/{rel}","templated":true}]}}