{"id":36,"date":"2017-12-03T23:39:42","date_gmt":"2017-12-03T23:39:42","guid":{"rendered":"https:\/\/inglisebuldog.ee\/?page_id=36"},"modified":"2018-01-19T17:08:16","modified_gmt":"2018-01-19T17:08:16","slug":"pohikiri","status":"publish","type":"page","link":"https:\/\/inglisebuldog.ee\/ru\/inglise-buldog\/pohikiri\/","title":{"rendered":"P\u00f5hikiri"},"content":{"rendered":"<p style=\"text-align: center;\">MT\u00dc Inglise Buldogide Eesti Klubi P \u00d5 H I K I R I<\/p>\n<p style=\"text-align: center;\">Kinnitatud asutamislepinguga 5. septembril 2017. a.<\/p>\n<p style=\"text-align: left;\">I \u00dcLDS\u00c4TTED<\/p>\n<p style=\"text-align: left;\">1.1. Mittetulundus\u00fchingu nimi on Inglise Buldogide Eesti Klubi (edaspidi: \u00dching. Inglise keeles English Bulldog Estonian Club). \u00dching on asutatud 05.09.2017. aastal m\u00e4\u00e4ramata t\u00e4htajaks.<\/p>\n<p style=\"text-align: left;\">1.2. \u00dchingu asukohaks Tallinn, Eesti Vabariik.<\/p>\n<p style=\"text-align: left;\">1.3. \u00dching \u00fchendab k\u00f5iki inglise buldogide kasvatajaid ning omanikke vabatahtliku kuuluvuse alusel.<\/p>\n<p style=\"text-align: left;\">1.4. \u00dchingu tegevuse eesm\u00e4rgiks on:<\/p>\n<p style=\"text-align: left;\">1.4.1. Eestis elavate inglise buldogide kasvatajate, aretajate ja omanike \u00fchendamine \u00fchtsesse organisatsiooni.<\/p>\n<p style=\"text-align: left;\">1.4.2. \u00dching propageerib ja aitab kaasa puhtat\u00f5uliste inglise buldogide pidamisele, kasvatamisele ja aretamisele Eesti Vabariigis.<\/p>\n<p style=\"text-align: left;\">1.4.3. \u00dching organiseerib ja korraldab inglise buldogidega seonduvaid loenguid, seminare, koolitusprogramme, n\u00e4itusi ning muid \u00fcritusi, mis aitavad kaasa p\u00f5hikirjaliste eesm\u00e4rkide saavutamisele.<\/p>\n<p style=\"text-align: left;\">1.4.4. Inglise buldogide aretuse koordineerimine ja edendamine Eesti Vabariigis.<\/p>\n<p style=\"text-align: left;\">1.4.5. T\u00f5ualase kirjanduse ja infomaterjalide v\u00e4ljaandmine ja levitamine.<\/p>\n<p style=\"text-align: left;\">1.4.6. Oma liikmete huvide kaitsmine Eestis ja v\u00e4lisriikides.<\/p>\n<p style=\"text-align: left;\">1.4.7. Info kogumine ja aretusinfo vahetus maailma erinevate buldogite klubidega.<\/p>\n<p style=\"text-align: left;\">1.5. \u00dching on iseseisev juriidiline isik k\u00f5igi seadustest tulenevate \u00f5iguste ja kohustustega. \u00dching juhindub oma tegevuses Eesti Vabariigi seadusandlusest, k\u00e4esolevast p\u00f5hikirjast, \u00dchingu kodukorrast, Eesti Kennelliidu p\u00f5hikirjast ja FCI ning Eesti Kennelliidu poolt vastu v\u00f5etud eeskirjadest.<\/p>\n<p style=\"text-align: left;\">1.6. \u00dchingul on oma s\u00fcmboolika ja tal on selle kasutamise ja k\u00e4sutamise ainu\u00f5igus.<\/p>\n<p style=\"text-align: left;\">II LIIKMELISUS<\/p>\n<p style=\"text-align: left;\">2.1. \u00dchingu liikmeks v\u00f5ivad olla f\u00fc\u00fcsilised isikud alates 18. eluaastast, kes tunnustavad ja t\u00e4idavad k\u00e4esolevat p\u00f5hikirja, osalevad aktiivselt \u00fchingu tegevuses ning tasuvad sisseastumismaksu ja regulaarselt liikmemaksu. \u00dchingu liikmeks v\u00f5ivad olla juriidilised isikud, kes oma tegevusega aitavad kaasa \u00fchingu eesm\u00e4rkide elluviimisele ning osalevad oma esindajate kaudu aktiivselt \u00fchingu tegevuses, on tasunud sisseastumismaksu ja maksavad regulaarselt liikmemaksu.<\/p>\n<p style=\"text-align: left;\">2.2. Noorliikmeks (h\u00e4\u00e4le\u00f5iguseta) v\u00f5ib astuda alates 14-ndast eluaastast.<\/p>\n<p style=\"text-align: left;\">2.3. \u00dchingu liikmeks astumiseks tuleb esitada kirjalik avaldus. Sisseastumismaksu ja liikmemaksu suuruse ning selle tasumise t\u00e4htaja f\u00fc\u00fcsilisest ja juriidilisest isikust liikmele kinnitab \u00fchingu \u00fcldkoosolek.<\/p>\n<p style=\"text-align: left;\">2.4.\u00dchingul on \u00f5igus nimetada auliikmeid. Auliikmetele ei kehti liikmemaks. \u00dchingu auliikmeks v\u00f5ib saada inimene, kes on teinud suure t\u00f6\u00f6 \u00dchingusse kuuluva t\u00f5u heaks. Auliikmed nimetab \u00fcldkoosolek \u00fchingu liikme v\u00f5i juhatuse ettepanekul.<\/p>\n<p style=\"text-align: left;\">2.5. \u00dchingu liikmetel on igal ajal \u00f5igus juhatusele esitatava isikliku avalduse alusel \u00dchingust v\u00e4lja astuda. Liikme v\u00e4ljaastumine kinnitatakse juhatuse poolt.<\/p>\n<p style=\"text-align: left;\">2.6. Juhatus peab rahuldama liikme v\u00e4ljaastumise avalduse 31 (kolmek\u00fcmne \u00fche) p\u00e4eva jooksul ning teatama sellest v\u00e4ljaastunud liikmele 7 (seitsme) p\u00e4eva jooksul otsuse<\/p>\n<p style=\"text-align: left;\">2.7. Liikmeskonnast v\u00e4lja arvamine:<\/p>\n<p style=\"text-align: left;\">2.7.1. \u00dchingu liige, kes ei ole tasunud liikmemaksu t\u00e4htaegselt, arvatakse liikmete hulgast v\u00e4lja 6 kuu m\u00f6\u00f6dumisel liikmemaksu tasumise t\u00e4htajast.<\/p>\n<p style=\"text-align: left;\">2.7.2. \u00dchingu liikme v\u00f5ib v\u00e4lja arvata juhatuse otsusega, kui ta on rikkunud \u00dchingu \u00fcldkoosoleku v\u00f5i juhatuse otsuseid, j\u00e4tnud korduvalt v\u00f5i pahatahtlikult j\u00e4rgimata tema kenneltegevuse kohta kehtivaid eeskirju, kahjustab oma tegevuse v\u00f5i tegevusetusega \u00dchingu v\u00f5i kaasliikmete mainet v\u00f5i tema kohta on j\u00f5ustunud sanktsiooniotsus MT\u00dc Eesti Kennelliit v\u00f5i mistahes \u00f5iguskaitseorgani poolt. Liikmeskonnast v\u00e4lja arvamise aluseks v\u00f5ivad olla ka muud p\u00f5hjused, eelk\u00f5ige usalduse kaotus ja kui ta seab oluliselt ohtu v\u00f5i kahjustab \u00dchingu tegevust, vara v\u00f5i eksisteerimist.<\/p>\n<p style=\"text-align: left;\">2.7.3 \u00dchingu liikme v\u00e4ljaarvamise otsustab juhatus oma koosolekul.<\/p>\n<p style=\"text-align: left;\">2.7.4 Liikme v\u00e4ljaarvamise otsus on langetatud, kui selle poolt on 2\/3 juhatuse liikmetest.<\/p>\n<p style=\"text-align: left;\">2.7.5. Juhatuse poolt v\u00e4ljaarvatud \u00dchingu liikmel on juhatuse otsuse t\u00fchistamiseks \u00f5igus p\u00f6\u00f6rduda kirjaliku avaldusega juhatuse koosolekule j\u00e4rgneva \u00dchingu \u00fcldkoosoleku poole.<\/p>\n<p style=\"text-align: left;\">2.8. Liikmeskonnast v\u00e4lja langemine:<\/p>\n<p style=\"text-align: left;\">2.8.1 Isik langeb liikmeskonnast v\u00e4lja \u00fcldistel alustel: a) f\u00fc\u00fcsilise isiku teov\u00f5imetuse v\u00f5i surma korral; b) juriidilise isiku l\u00f5ppemisel v\u00f5i reorganiseerimisel nii, et uus juriidiline isik ei vasta enam liikmelisuse \u00fcldn\u00f5uetele.<\/p>\n<p style=\"text-align: left;\">III LIIKMETE \u00d5IGUSED JA KOHUSTUSED<\/p>\n<p style=\"text-align: left;\">3.1.Liikme \u00f5igused ja kohustused \u00dchingu suhtes tekivad alates tema liikmeks vastuv\u00f5tmise p\u00e4evast.<\/p>\n<p style=\"text-align: left;\">3.2. \u00dchingu liikmel on \u00f5igus:<\/p>\n<p style=\"text-align: left;\">3.2.1. Osaleda k\u00f5igil \u00dchingu \u00fcritustel.<\/p>\n<p style=\"text-align: left;\">3.2.2 V\u00f5tta h\u00e4\u00e4le\u00f5iguslikult osa \u00dchingu \u00fcldkoosolekutest v\u00f5i volitada kirjalikult enda esindamiseks \u00fcldkoosolekul m\u00f5nda teist \u00dchingu liiget. \u00dcks \u00dchingu liige saab volikirja alusel \u00fcldkoosolekul esindada kuni \u00fchte (1) \u00dchingu liiget.<\/p>\n<p style=\"text-align: left;\">3.2.3. valida ja olla valitud \u00dchingu juhatusse ja teistesse organitesse;<\/p>\n<p style=\"text-align: left;\">3.2.4. Saada pidevat informatsiooni \u00dchingu tegevuse ja rahaliste vahendite kasutamise kohta.<\/p>\n<p style=\"text-align: left;\">3.2.5. Teha ettepanekuid \u00dchingu t\u00f6\u00f6 paremaks korraldamiseks.<\/p>\n<p style=\"text-align: left;\">3.2.6. Lahkuda \u00dchingust kirjaliku avalduse alusel, kusjuures makstud sisseastumis- ja liikmemakse talle ei tagastata.<\/p>\n<p style=\"text-align: left;\">3.3. \u00dchingu liige on kohustatud: 3.3.1. J\u00e4rgima \u00dchingu p\u00f5hikirja.<\/p>\n<p style=\"text-align: left;\">3.3.2. T\u00e4itma \u00dchingu \u00fcldkoosoleku ja juhatuse otsuseid. Kui otsuste t\u00e4itmine on takistatud, peab liige sellest esimesel v\u00f5imalusel informeerima juhatust.<\/p>\n<p style=\"text-align: left;\">3.3.3. Tasuma \u00f5igeaegselt liikmemaksu.<\/p>\n<p style=\"text-align: left;\">3.3.4. T\u00e4itma FCI ja Eesti Kennelliidu normatiivakte.<\/p>\n<p style=\"text-align: left;\">3.3.5.\u00dchingu liikmelisuse kohta k\u00e4iva arvestuse pidamiseks peab \u00dchingu liige teatama juhatusele oma elukoha, isikukoodi ja kontaktandmed, juriidiline isik tegutsemiskoha, registreerimisnumbri ja kontaktandmed. Andmete muutusest tuleb kahe kuu jooksul kirjalikult informeerida \u00dchingu juhatust. \u00dchingu liikmel on \u00f5igus keelata oma isikuandmete avaldamist kolmandatele isikutele.<\/p>\n<p style=\"text-align: left;\">3.3.6 Juhatus v\u00f5ib liikme \u00dchingust v\u00e4lja arvata, kui ta ei ole t\u00e4itnud p\u00f5hikirjast tulenevaid liikmekohustusi, v\u00f5i on kahjustanud \u00dchingut olulisel m\u00e4\u00e4ral. \u00dchingust v\u00e4ljaarvatud liige v\u00f5ib \u00fcldkoosolekult taotleda juhatuse otsuse kehtetuks tunnistamist.<\/p>\n<p style=\"text-align: left;\">3.3.7. Liikmel, kes lahkub v\u00f5i arvatakse v\u00e4lja \u00dchingust pole mingit \u00f5igust \u00dchingu varale.<\/p>\n<p style=\"text-align: left;\">3.3.8. Liige, kellel on liikmemaks tasumata, kuid keda pole liikmeskonna seast v\u00e4lja arvatud, ei saa osaleda h\u00e4\u00e4letamistel ega olla valitud juhtorganitesse. Juhul, kui m\u00f5nel juhtorgani liikmel on liikmemaks tasumata peatuvad tema volitused juhtorgani liikmena kuni liikmemaksu tasumiseni.<\/p>\n<p style=\"text-align: left;\">IV JUHTIMINE<\/p>\n<p style=\"text-align: left;\">4.1. \u00dchingu k\u00f5rgeimaks juhtorganiks on \u00fcldkoosolek, kus v\u00f5ivad osaleda k\u00f5ik \u00fchingu liikmed, kui seaduses ei ole s\u00e4testatud teisiti. \u00dcldkoosolek m\u00e4\u00e4rab tegevussuunad ning delegeerib nende t\u00e4itmise juhatusele.<\/p>\n<p style=\"text-align: left;\">4.2 Korralised \u00fcldkoosolekud toimuvad mitte harvemini kui iga 14 kuu j\u00e4rel ja selle toimumise ajast ning kohast tuleb \u00dchingu liikmeid informeerida kirjalikult v\u00f5i vastavasisulise teatega \u00dchingu h\u00e4\u00e4lekandjas (paberkandjal v\u00f5i digitaalne) v\u00e4hemalt 14 p\u00e4eva enne \u00fcldkoosoleku toimumist.<\/p>\n<p style=\"text-align: left;\">4.3. \u00dcldkoosolek v\u00f5tab vastu otsuseid k\u00f5igis \u00fchingu juhtimiste k\u00fcsimustes, mida ei ole seaduse v\u00f5i k\u00e4esoleva p\u00f5hikirjaga antud juhatuse v\u00f5i \u00fchingu muu organi p\u00e4devusse.<\/p>\n<p style=\"text-align: left;\">4.4. \u00dcldkoosoleku valmistab ette ja kutsub kokku Juhatus.<\/p>\n<p style=\"text-align: left;\">4.5. \u00dcldkoosolek on otsustusv\u00f5imeline s\u00f5ltumata osalevate liikmete arvust.<\/p>\n<p style=\"text-align: left;\">4.6. \u00dcldkoosoleku otsused v\u00f5etakse vastu lihth\u00e4\u00e4lteenamusega, kui seadus v\u00f5i k\u00e4esolev p\u00f5hikiri ei n\u00e4e ette teisiti.<\/p>\n<p style=\"text-align: left;\">4.7. \u00dcldkoosoleku otsused v\u00f5etakse \u00fcldjuhul vastu avalikul h\u00e4\u00e4letamisel, kui \u00fcldkoosolek ei otsusta teisiti.<\/p>\n<p style=\"text-align: left;\">4.8. Erakorraline \u00fcldkoosolek:<\/p>\n<p style=\"text-align: left;\">4.8.1. Erakorraline \u00fcldkoosolek kutsutakse kokku kas juhatuse v\u00f5i \u00dchingu liikmete otsusega, kui selle poolt on v\u00e4hemalt 1\/3 liikmeskonnast. Kokkukutsumine otsustatakse vajadusel juhatuse poolt v\u00f5i vormistatakse juhatusele esitatud kirjaliku avaldusena, milles n\u00e4idatakse \u00e4ra kokkukutsumise p\u00f5hjus ja planeeritud p\u00e4evakord.<\/p>\n<p style=\"text-align: left;\">4.8.2. Erakorralise \u00fcldkoosoleku toimumise ajast ja kohast teavitatakse \u00dchingu liikmeid kirjalikult v\u00f5i vastavasisulise teatega \u00dchingu h\u00e4\u00e4lekandjas (paberkandjal v\u00f5i digitaalne) v\u00e4hemalt 14 p\u00e4eva enne koosoleku toimumist ja kutses n\u00e4idatakse \u00e4ra erakorralise koosoleku kokku kutsumise p\u00f5hjus ning planeeritud p\u00e4evakord.<\/p>\n<p style=\"text-align: left;\">4.9. \u00dcldkoosoleku p\u00e4devuses on:<\/p>\n<p style=\"text-align: left;\">4.9.1. p\u00f5hikirja muutmine;<\/p>\n<p style=\"text-align: left;\">4.9.2. \u00fchingu eesm\u00e4rgi muutmine;<\/p>\n<p style=\"text-align: left;\">4.9.3 inglise aretuserin\u00f5uete vastuv\u00f5tmine ning muutmine;<\/p>\n<p style=\"text-align: left;\">4.9.4. juhatuse liikmete m\u00e4\u00e4ramine;<\/p>\n<p style=\"text-align: left;\">4.9.5. muude p\u00f5hikirjas etten\u00e4htud organite liikmete valimine;<\/p>\n<p style=\"text-align: left;\">4.9.6. liikmete v\u00e4ljaheitmine T\u00f5u\u00fchingu juhatuse ettepanekul;<\/p>\n<p style=\"text-align: left;\">4.9.7. revisjonikomisjoni liikmete (revidendi) valimine ja tagasikutsumine.<\/p>\n<p style=\"text-align: left;\">4.9.8. juhatuse v\u00f5i muu organi liikmega tehingu tegemise v\u00f5i tema vastu n\u00f5ude esitamise otsustamine ja selles tehingus v\u00f5i n\u00f5udes \u00fchingu esindaja m\u00e4\u00e4ramine;<\/p>\n<p style=\"text-align: left;\">4.9.9. t\u00f5u\u00fchingu tegevuse l\u00f5petamine;<\/p>\n<p style=\"text-align: left;\">4.9.10. muude k\u00fcsimuste otsustamine, mida ei ole seaduse v\u00f5i p\u00f5hikirjaga antud \u00fchingu teiste organite p\u00e4devusse.<\/p>\n<p style=\"text-align: left;\">4.9.11. T\u00e4ienduste ja muudatuste tegemine p\u00f5hikirja ja aretusn\u00f5uetesse<\/p>\n<p style=\"text-align: left;\">4.9.12. Juhatuse majandusaruande ja tegevusplaanide kinnitamine.<\/p>\n<p style=\"text-align: left;\">4.9.13. Sisseastumis- ja liikmemaksude suuruse kinnitamine.<\/p>\n<p style=\"text-align: left;\">4.9.14. \u00dchingu juhatuse ja revisjoni komisjoni valimine.<\/p>\n<p style=\"text-align: left;\">4.10. \u00dchingu tegevust juhib \u00fcldkoosolekute vahelisel perioodil \u00dchingu juhatus, mille p\u00e4devuses on:<\/p>\n<p style=\"text-align: left;\">4.10.1. \u00dchingu tegevuse juhtimine \u00fcldkoosolekute vahelistel perioodidel;<\/p>\n<p style=\"text-align: left;\">4.10.2. \u00dchingu liikmete vastuv\u00f5tmine, v\u00e4ljaarvamine ja registri pidamine;<\/p>\n<p style=\"text-align: left;\">4.10.3. \u00dchingu raamatupidamise korraldamine, varade hoidmine ja kasutamine;<\/p>\n<p style=\"text-align: left;\">4.10.4. Liikmemaksude kogumine ja laekumise j\u00e4lgimine;<\/p>\n<p style=\"text-align: left;\">4.10.5. Majandusaasta aruande ja bilansi ning tegevusaruande esitamine \u00fcldkoosolekule;<\/p>\n<p style=\"text-align: left;\">4.10.6. \u00dcldkoosoleku kokkukutsumine ja p\u00e4evakorra ettevalmistamine;<\/p>\n<p style=\"text-align: left;\">4.10.7. \u00dcldkoosolekul vastuv\u00f5etud otsuste elluviimine;<\/p>\n<p style=\"text-align: left;\">4.10.8. \u00dchingu esindamine, huvide eest seismine ja lepingute s\u00f5lmimine;<\/p>\n<p style=\"text-align: left;\">4.10.9. Toimkondade ja t\u00f6\u00f6r\u00fchmade moodustamine ja neile volituste andmine;<\/p>\n<p style=\"text-align: left;\">4.10.10. P\u00f5hivahendite haldamine, k\u00e4ibevahendite seisu j\u00e4lgimine;<\/p>\n<p style=\"text-align: left;\">4.10.11. Muude k\u00fcsimuste lahendamine, mis ei kuulu \u00fcldkoosoleku ainup\u00e4devusse.<\/p>\n<p style=\"text-align: left;\">4.10.12. Juhatuse liikmed valitakse \u00fcldkoosolekul lihth\u00e4\u00e4lteenamusega \u00dchingu liikmete seast. Kui juhatuse liige soovib ise oma volitused enne t\u00e4htaega l\u00f5petada, peab ta esitama juhatusele kirjaliku avalduse. Juhatuse liikme volitused loetakse l\u00f5ppenuks avalduse esitamise hetkest. Lahkumise kinnitab \u00fcldkoosolek lihth\u00e4\u00e4lteenamusega.<\/p>\n<p style=\"text-align: left;\">4.11. Juhatuse liikmeid v\u00f5ib tagandada juhatuse ettepanekul v\u00f5i 1\/10 \u00dchingu liikmete kirjaliku avalduse p\u00f5hjal \u00fcldkoosoleku otsusega. Eelnevalt peavad olema v\u00e4ljasaadetud kutsed \u00fcldkoosolekule vastava p\u00e4evakorra punktiga. Juhatuse liige loetakse tagandatuks, kui selle poolt on h\u00e4\u00e4letanud \u00fcldkoosoleku lihth\u00e4\u00e4lteenamus.<\/p>\n<p style=\"text-align: left;\">4.12. Juhatus valib enda hulgast esimehe. Juhatuse esimehe valimistel peavad osalema k\u00f5ik juhatuse liikmed.<\/p>\n<p style=\"text-align: left;\">4.13. \u00dchingut v\u00f5ivad k\u00f5igis \u00f5igustoimingutes esindada kaks (2) juhatuse liiget \u00fchiselt.<\/p>\n<p style=\"text-align: left;\">4.14. Juhatus tuleb kokku esimehe kutsel v\u00f5i kui seda n\u00f5uab v\u00e4hemalt kaks juhatuse liiget.<\/p>\n<p style=\"text-align: left;\">4.15. Juhatus on otsustusv\u00f5imeline, kui kohal viibivad v\u00e4hemalt pooled selle liikmetest, sealhulgas esimees.<\/p>\n<p style=\"text-align: left;\">4.16. Juhatuse otsused v\u00f5etakse vastu lihth\u00e4\u00e4lteenamusega. H\u00e4\u00e4lte jagunemisel v\u00f5rdselt on otsustav juhatuse esimehe h\u00e4\u00e4l.<\/p>\n<p style=\"text-align: left;\">4.17. \u00dchingu juhatus t\u00f6\u00f6tab \u00fchiskondlikel alustel, vastutades oma tegevuse ja tegevusetuse eest vastavalt EV seadusandlusele.<\/p>\n<p style=\"text-align: left;\">4.18. \u00dchingu organite liikmed t\u00e4idavad oma \u00fclesandeid \u00fcldjuhul tasuta. \u00dchingu \u00fcldkoosolek v\u00f5ib otsustada h\u00fcvitada juhtimisorganite liikmetele konkreetsete \u00fclesannete t\u00e4itmisel tehtud kulutused.<\/p>\n<p style=\"text-align: left;\">4.19. \u00dchingu juhatus on kolme (3) kuni viie (5) viieliikmeline ja valitakse ametisse kolmeks (3) aastaks.<\/p>\n<p style=\"text-align: left;\">V RAHALISED VAHENDID JA REVISJONI KOMISJON<\/p>\n<p style=\"text-align: left;\">5.1. \u00dchingu majandusaastaks on kalendriaasta. Majandusaasta algus on 01.jaanuar ja l\u00f5pp 31.detsember.<\/p>\n<p style=\"text-align: left;\">5.2. \u00dching saab tulu: 5.2.1. Sisseastumis- ja liikmemaksudest.<\/p>\n<p style=\"text-align: left;\">5.2.2. \u00dcrituste ja koolituse korraldamisest.<\/p>\n<p style=\"text-align: left;\">5.2.3. Erialakirjanduse ja meenete m\u00fc\u00fcgist.<\/p>\n<p style=\"text-align: left;\">5.2.4. Sponsorite sihtlaekumistest.<\/p>\n<p style=\"text-align: left;\">5.2.5. Annetustest ja kingitustest. 5.2.6. Lepingulisest tegevusest oma p\u00f5hikirjaliste \u00fclesannete t\u00e4itmisel.<\/p>\n<p style=\"text-align: left;\">5.3. \u00dchingu raha kasutatakse:<\/p>\n<p style=\"text-align: left;\">5.3.1. Kohustuslike maksete ja eraldiste tegemiseks.<\/p>\n<p style=\"text-align: left;\">5.3.2. \u00dchingu materiaalsete kulutuste katteks p\u00f5hikirjaliste \u00fclesannete t\u00e4itmisel.<\/p>\n<p style=\"text-align: left;\">5.4. Revisjoni komisjon ja \u00fchingu revideerimine:<\/p>\n<p style=\"text-align: left;\">5.4.1. \u00dchingu finantstegevust revideeritakse v\u00e4hemalt \u00fcks kord aastas. 5.4.2. Revideerimise viib l\u00e4bi revisjonikomisjon.<\/p>\n<p style=\"text-align: left;\">5.4.3. Revisjoni komisjon valitakse \u00fcldkoosoleku poolt kolmeks (3) aastaks ja koosneb v\u00e4hemalt kahest (2) liikmest.<\/p>\n<p style=\"text-align: left;\">5.4.4. Revisjoni komisjoni liige ei saa olla \u00dchingu juhatuse liige ega raamatupidaja.<\/p>\n<p style=\"text-align: left;\">5.4.5. Finantsaruanne koos vajalike dokumentide ja juhatuse aruandega esitatakse revisjoni komisjonile v\u00e4hemalt neli (4) n\u00e4dalat enne \u00fcldkoosolekut.<\/p>\n<p style=\"text-align: left;\">5.4.6. Revisjoni komisjon annab kirjaliku arvamuse juhatusele v\u00e4hemalt \u00fcks (2) n\u00e4dalat enne \u00fcldkoosolekut.<\/p>\n<p style=\"text-align: left;\">VI TEGEVUSE L\u00d5PETAMINE<\/p>\n<p style=\"text-align: left;\">6.1. \u00dchingu \u00fchinemine teiste organisatsioonidega, jagunemine osadeks v\u00f5i likvideerimine toimub seadusega s\u00e4testatud korras.<\/p>\n<p style=\"text-align: left;\">6.2. \u00dchingu likvideerimiskomisjon moodustatakse juhatuse liikmetest juhul, kui \u00dchingu \u00fcldkoosolek ei otsusta teisiti.<\/p>\n<p style=\"text-align: left;\">6.3. \u00dchingu likvideerimisel m\u00e4\u00e4rab \u00fcldkoosoleku otsus tema allesj\u00e4\u00e4nud vara s\u00e4ilimise, \u00fcleandmise v\u00f5i realiseerimise. Auliikmetel pole tegevuse l\u00f5petamisel \u00f5igust varale.<\/p>\n<p style=\"text-align: left;\">6.4. K\u00e4esolevas p\u00f5hikirjas s\u00e4testamata k\u00fcsimustes juhindutakse seaduses s\u00e4testatust ja vastuolu korral kehtiva seadusega, l\u00e4htutakse seaduses s\u00e4testatust.<\/p>\n","protected":false},"excerpt":{"rendered":"<p>MT\u00dc Inglise Buldogide Eesti Klubi P \u00d5 H I K I R I Kinnitatud asutamislepinguga 5. septembril 2017. a. I \u00dcLDS\u00c4TTED 1.1. Mittetulundus\u00fchingu nimi on Inglise Buldogide Eesti Klubi (edaspidi: \u00dching. Inglise keeles English Bulldog Estonian Club). \u00dching on asutatud 05.09.2017. aastal m\u00e4\u00e4ramata t\u00e4htajaks. 1.2. \u00dchingu asukohaks Tallinn, Eesti Vabariik. 1.3. \u00dching \u00fchendab k\u00f5iki inglise <a href=\"https:\/\/inglisebuldog.ee\/ru\/inglise-buldog\/pohikiri\/\" class=\"read-more inline\">Read More<\/a><\/p>\n","protected":false},"author":1,"featured_media":0,"parent":9,"menu_order":0,"comment_status":"closed","ping_status":"closed","template":"","meta":{"_exactmetrics_skip_tracking":false,"_exactmetrics_sitenote_active":false,"_exactmetrics_sitenote_note":"","_exactmetrics_sitenote_category":0,"footnotes":""},"class_list":["post-36","page","type-page","status-publish","hentry"],"translation":{"provider":"WPGlobus","version":"3.0.2","language":"ru","enabled_languages":["ee","gb","ru"],"languages":{"ee":{"title":true,"content":true,"excerpt":false},"gb":{"title":false,"content":false,"excerpt":false},"ru":{"title":false,"content":false,"excerpt":false}}},"_links":{"self":[{"href":"https:\/\/inglisebuldog.ee\/ru\/wp-json\/wp\/v2\/pages\/36","targetHints":{"allow":["GET"]}}],"collection":[{"href":"https:\/\/inglisebuldog.ee\/ru\/wp-json\/wp\/v2\/pages"}],"about":[{"href":"https:\/\/inglisebuldog.ee\/ru\/wp-json\/wp\/v2\/types\/page"}],"author":[{"embeddable":true,"href":"https:\/\/inglisebuldog.ee\/ru\/wp-json\/wp\/v2\/users\/1"}],"replies":[{"embeddable":true,"href":"https:\/\/inglisebuldog.ee\/ru\/wp-json\/wp\/v2\/comments?post=36"}],"version-history":[{"count":5,"href":"https:\/\/inglisebuldog.ee\/ru\/wp-json\/wp\/v2\/pages\/36\/revisions"}],"predecessor-version":[{"id":269,"href":"https:\/\/inglisebuldog.ee\/ru\/wp-json\/wp\/v2\/pages\/36\/revisions\/269"}],"up":[{"embeddable":true,"href":"https:\/\/inglisebuldog.ee\/ru\/wp-json\/wp\/v2\/pages\/9"}],"wp:attachment":[{"href":"https:\/\/inglisebuldog.ee\/ru\/wp-json\/wp\/v2\/media?parent=36"}],"curies":[{"name":"wp","href":"https:\/\/api.w.org\/{rel}","templated":true}]}}