{"id":20,"date":"2017-12-03T23:13:18","date_gmt":"2017-12-03T23:13:18","guid":{"rendered":"https:\/\/inglisebuldog.ee\/?page_id=20"},"modified":"2025-04-12T21:34:54","modified_gmt":"2025-04-12T21:34:54","slug":"inglise-buldogi-aretusnouded","status":"publish","type":"page","link":"https:\/\/inglisebuldog.ee\/ru\/tervis\/inglise-buldogi-aretusnouded\/","title":{"rendered":"Buldogi terviseriskid"},"content":{"rendered":"\n<p>Eesti Inglise Buldogide T\u00f5u\u00fching peab oma tegevuse peamiseks eesm\u00e4rgiks Inglise buldogide kohaliku populatsiooni \u00fcldise terviseolukorra eest seismist.<\/p>\n\n\n\n<p>Mida see sisuliselt t\u00e4hendab?<\/p>\n\n\n\n<p>\u00a4 Kogu maailmas on viimastel aastatel suurt t\u00e4helepanu p\u00f6\u00f6ratud sellele, et meie armastatud t\u00f5ug oleks terve. H\u00e4sti aretatud, h\u00e4sti hooldatud Inglise buldog on tore kaaslane, kes veterinaari juurde j\u00f5uab vaid vaktsineerimisteks ja t\u00e4iesti tavalisteks m\u00f5nikord ette tulevateks k\u00e4ikudeks. <\/p>\n\n\n\n<p>\u00a4 Kuna brahh\u00fctsefaalsed t\u00f5ud on siiski nn keerulised t\u00f5ud, kelle kehaehitus v\u00f5ib teatud juhtudel kaasa tuua t\u00f5sisemaid probleeme, siis tuleb t\u00f5uaretust teha teadlikult, tervist pidevalt monitoorides, aretusse minevaid loomi hoolega valides ja teha neile k\u00f5ik vajalikud terviseuuringud. Allpool on lehel artiklid, mis seda teemat k\u00e4sitlevad. Soovitame nende artiklitega uutel buldogiomanikel ja ka neil, kes plaanivad buldogit v\u00f5tta kindlasti tutvuda.<\/p>\n\n\n\n<p>Millised tervisetestid meil aretuse jaoks kohustuslikud on, saate lugeda aretuse alateema alt. <\/p>\n\n\n\n<p>Millised on need haigused, tervise k\u00f5rvalekalded, mida soovime v\u00e4ltida ja milliseid tegevusi oleme selle eesm\u00e4gi nimel l\u00e4bi viinud, saate ka siit lehelt erinevaid teemasid lapates lugeda (esmajoones &#8220;Aretus&#8221;, &#8220;Tervisetestid&#8221;).<\/p>\n\n\n\n<p><br><br><br>FCI soovitused ja seisukoht BOAS teemal<\/p>\n\n\n\n<p><a href=\"https:\/\/inglisebuldog.ee\/wp-content\/uploads\/2022\/12\/FCI-ABOUT-BOAS.pdf\">https:\/\/inglisebuldog.ee\/wp-content\/uploads\/2022\/12\/FCI-ABOUT-BOAS.pdf<\/a><\/p>\n\n\n\n<p>2024.a lisatud t\u00e4iendused ja soovitused BOAS astmete kasutamisel aretuses <a href=\"https:\/\/inglisebuldog.ee\/wp-content\/uploads\/2025\/04\/475810963_461050290411989_8911355060849892826_n.jpg\">https:\/\/inglisebuldog.ee\/wp-content\/uploads\/2025\/04\/475810963_461050290411989_8911355060849892826_n.jpg<\/a><\/p>\n\n\n\n<figure class=\"wp-block-image size-large\"><a href=\"https:\/\/inglisebuldog.ee\/wp-content\/uploads\/2025\/04\/475810963_461050290411989_8911355060849892826_n.jpg\"><img loading=\"lazy\" decoding=\"async\" width=\"853\" height=\"1024\" src=\"https:\/\/inglisebuldog.ee\/wp-content\/uploads\/2025\/04\/475810963_461050290411989_8911355060849892826_n-853x1024.jpg\" alt=\"\" class=\"wp-image-1007\" srcset=\"https:\/\/inglisebuldog.ee\/wp-content\/uploads\/2025\/04\/475810963_461050290411989_8911355060849892826_n-853x1024.jpg 853w, https:\/\/inglisebuldog.ee\/wp-content\/uploads\/2025\/04\/475810963_461050290411989_8911355060849892826_n-250x300.jpg 250w, https:\/\/inglisebuldog.ee\/wp-content\/uploads\/2025\/04\/475810963_461050290411989_8911355060849892826_n-768x922.jpg 768w, https:\/\/inglisebuldog.ee\/wp-content\/uploads\/2025\/04\/475810963_461050290411989_8911355060849892826_n-1280x1536.jpg 1280w, https:\/\/inglisebuldog.ee\/wp-content\/uploads\/2025\/04\/475810963_461050290411989_8911355060849892826_n.jpg 1706w\" sizes=\"auto, (max-width: 853px) 100vw, 853px\" \/><\/a><\/figure>\n\n\n\n<figure class=\"wp-block-image size-large\"><a href=\"https:\/\/inglisebuldog.ee\/wp-content\/uploads\/2025\/04\/475391757_461613537022331_2911502103534206822_n.jpg\"><img loading=\"lazy\" decoding=\"async\" width=\"800\" height=\"1024\" src=\"https:\/\/inglisebuldog.ee\/wp-content\/uploads\/2025\/04\/475391757_461613537022331_2911502103534206822_n-800x1024.jpg\" alt=\"\" class=\"wp-image-1006\" srcset=\"https:\/\/inglisebuldog.ee\/wp-content\/uploads\/2025\/04\/475391757_461613537022331_2911502103534206822_n-800x1024.jpg 800w, https:\/\/inglisebuldog.ee\/wp-content\/uploads\/2025\/04\/475391757_461613537022331_2911502103534206822_n-234x300.jpg 234w, https:\/\/inglisebuldog.ee\/wp-content\/uploads\/2025\/04\/475391757_461613537022331_2911502103534206822_n-768x983.jpg 768w, https:\/\/inglisebuldog.ee\/wp-content\/uploads\/2025\/04\/475391757_461613537022331_2911502103534206822_n-1200x1536.jpg 1200w, https:\/\/inglisebuldog.ee\/wp-content\/uploads\/2025\/04\/475391757_461613537022331_2911502103534206822_n.jpg 1600w\" sizes=\"auto, (max-width: 800px) 100vw, 800px\" \/><\/a><\/figure>\n\n\n\n<p>SOOME<\/p>\n\n\n\n<p><a href=\"https:\/\/inglisebuldog.ee\/wp-content\/uploads\/2022\/12\/M.Comparison-of-submaximal-exercise-test-results-and-severity-of-brachycephalic-obstructive-airway-syndrome-in-English-bulldogs.pdf\">https:\/\/inglisebuldog.ee\/wp-content\/uploads\/2022\/12\/M.Comparison-of-submaximal-exercise-test-results-and-severity-of-brachycephalic-obstructive-airway-syndrome-in-English-bulldogs.pdf<\/a><\/p>\n\n\n\n<p>ERITI OLULINE ON UK KC JUHENDMATERJAL JA SELLEKOHANE ARETUSE PLANEERIMINE<\/p>\n\n\n\n<p>INGLISE T\u00d6\u00d6GRUPI STRATEEGIA &#8211; <a href=\"https:\/\/inglisebuldog.ee\/wp-content\/uploads\/2022\/12\/UK-BWG-strategy-2022-220822-1.pdf\">https:\/\/inglisebuldog.ee\/wp-content\/uploads\/2022\/12\/UK-BWG-strategy-2022-220822-1.pdf<\/a> <\/p>\n\n\n\n<p><a href=\"https:\/\/acrobat.adobe.com\/id\/urn:aaid:sc:eu:63189bdd-2b0c-4086-a0fd-443157b3ae08?viewer%21megaVerb=group-discover\" data-type=\"link\" data-id=\"https:\/\/acrobat.adobe.com\/id\/urn:aaid:sc:eu:63189bdd-2b0c-4086-a0fd-443157b3ae08?viewer%21megaVerb=group-discover\">BREED HEALTH AND CONSERVATION PLAN &#8211; UK KENNEL CLUB<\/a><\/p>\n\n\n\n<p><\/p>\n\n\n\n<p>Artikkel brahh\u00fctsefaalia teemadel<\/p>\n\n\n\n<p><a href=\"https:\/\/inglisebuldog.ee\/wp-content\/uploads\/2022\/12\/article-sindrome-braquicefalic.pdf\">https:\/\/inglisebuldog.ee\/wp-content\/uploads\/2022\/12\/article-sindrome-braquicefalic.pdf<\/a><\/p>\n\n\n\n<p>DR.JANE LADLOW LOENG BOAS TEEMADEL &#8211; T\u00c4IESTI KOHUSTUSLIK VAATAMINE BULDOGIOMANIKULE!!!<\/p>\n\n\n\n<p>LINK <a href=\"https:\/\/www.youtube.com\/watch?v=GRZu326EwhY\">https:\/\/www.youtube.com\/watch?v=GRZu326EwhY<\/a><\/p>\n\n\n\n<p><\/p>\n\n\n\n<p><\/p>\n","protected":false},"excerpt":{"rendered":"<p>Eesti Inglise Buldogide T\u00f5u\u00fching peab oma tegevuse peamiseks eesm\u00e4rgiks Inglise buldogide kohaliku populatsiooni \u00fcldise terviseolukorra eest seismist. Mida see sisuliselt t\u00e4hendab? \u00a4 Kogu maailmas on viimastel aastatel suurt t\u00e4helepanu p\u00f6\u00f6ratud sellele, et meie armastatud t\u00f5ug oleks terve. H\u00e4sti aretatud, h\u00e4sti hooldatud Inglise buldog on tore kaaslane, kes veterinaari juurde j\u00f5uab vaid vaktsineerimisteks ja t\u00e4iesti tavalisteks <a href=\"https:\/\/inglisebuldog.ee\/ru\/tervis\/inglise-buldogi-aretusnouded\/\" class=\"read-more inline\">Read More<\/a><\/p>\n","protected":false},"author":1,"featured_media":0,"parent":17,"menu_order":0,"comment_status":"closed","ping_status":"closed","template":"","meta":{"_exactmetrics_skip_tracking":false,"_exactmetrics_sitenote_active":false,"_exactmetrics_sitenote_note":"","_exactmetrics_sitenote_category":0,"footnotes":""},"class_list":["post-20","page","type-page","status-publish","hentry"],"translation":{"provider":"WPGlobus","version":"3.0.2","language":"ru","enabled_languages":["ee","gb","ru"],"languages":{"ee":{"title":true,"content":true,"excerpt":false},"gb":{"title":false,"content":false,"excerpt":false},"ru":{"title":false,"content":false,"excerpt":false}}},"_links":{"self":[{"href":"https:\/\/inglisebuldog.ee\/ru\/wp-json\/wp\/v2\/pages\/20","targetHints":{"allow":["GET"]}}],"collection":[{"href":"https:\/\/inglisebuldog.ee\/ru\/wp-json\/wp\/v2\/pages"}],"about":[{"href":"https:\/\/inglisebuldog.ee\/ru\/wp-json\/wp\/v2\/types\/page"}],"author":[{"embeddable":true,"href":"https:\/\/inglisebuldog.ee\/ru\/wp-json\/wp\/v2\/users\/1"}],"replies":[{"embeddable":true,"href":"https:\/\/inglisebuldog.ee\/ru\/wp-json\/wp\/v2\/comments?post=20"}],"version-history":[{"count":21,"href":"https:\/\/inglisebuldog.ee\/ru\/wp-json\/wp\/v2\/pages\/20\/revisions"}],"predecessor-version":[{"id":1009,"href":"https:\/\/inglisebuldog.ee\/ru\/wp-json\/wp\/v2\/pages\/20\/revisions\/1009"}],"up":[{"embeddable":true,"href":"https:\/\/inglisebuldog.ee\/ru\/wp-json\/wp\/v2\/pages\/17"}],"wp:attachment":[{"href":"https:\/\/inglisebuldog.ee\/ru\/wp-json\/wp\/v2\/media?parent=20"}],"curies":[{"name":"wp","href":"https:\/\/api.w.org\/{rel}","templated":true}]}}