{"id":17,"date":"2017-12-03T23:10:56","date_gmt":"2017-12-03T23:10:56","guid":{"rendered":"https:\/\/inglisebuldog.ee\/?page_id=17"},"modified":"2025-09-09T18:40:29","modified_gmt":"2025-09-09T18:40:29","slug":"tervis","status":"publish","type":"page","link":"https:\/\/inglisebuldog.ee\/ru\/tervis\/","title":{"rendered":"Tervis"},"content":{"rendered":"\n<p>Kogu maailma buldogikasvatajad teevad t\u00f5sist t\u00f6\u00f6d, et poleks vaja enam r\u00e4\u00e4kida inglasest kui haigest ja v\u00e4etist t\u00f5ust. Paljudes riikides on toimivad programmid buldogite tervise parandamiseks, nii ka meil. Viimaste aastatega on tekkinud arvestatav geograafiline areaal, kus kehtivad n\u00f5uded ja normid tagavad aretusse p\u00e4\u00e4sema vaid t\u00f5estatult terveid isendeid.<\/p>\n\n\n\n<p>Ka meie t\u00f5u\u00fching on v\u00e4ga huvitatud meie t\u00f5u \u00fcldise tervisliku olukorra parandamisest.<\/p>\n\n\n\n<ul class=\"wp-block-list\">\n<li>aretuses kasutame ainult t\u00f5endatult terveid loomi &#8211; aretusreeglites kirjas olevad terviseuuringud on kohustuslikud k\u00f5igile kasvatajatele<\/li>\n\n\n\n<li>tervisep\u00e4evade korraldamine &#8211; et lisaks koormustestile saaks mugavalt \u00e4ra teha veel valiku kohustuslikke teste<\/li>\n\n\n\n<li>tihe koost\u00f6\u00f6 buldogide tervisest rohkem huvitatud veterinaaridega &#8211; nende teadmiste ja soovituste koeraomanikele l\u00e4hemale toomine (loengud, vestlusringid)<\/li>\n\n\n\n<li>terviseuuringud mitte ainult aretuskoertele, vaid monitoorime ka teiste, n.n. kodukoerte tervist<\/li>\n\n\n\n<li>buldogidele kohaste spordialade ja -liikumise propageerimine<\/li>\n<\/ul>\n\n\n\n<p><\/p>\n\n\n\n<h3 class=\"wp-block-heading\"><\/h3>\n\n\n\n<p>Vaata terviseteemade rippmen\u00fc\u00fcst koormustestide korralduse reegleid!<\/p>\n\n\n\n<p>Samuti on terviseteemasid, mis igap\u00e4evaelus on olulised meeles pidada &#8211;<\/p>\n\n\n\n<ul class=\"wp-block-list\">\n<li>valige oma lemmiku jaoks v\u00e4lja &#8220;perearst&#8221; ja hoidke temaga kontakti. Korralised vaktsineerimised ja ussikuurid ning muud kergemad toimingud katsuge ikka \u00fches kohas teha, siis on koera terviseajalugu kindlasti olemas ja vajadusel leitav<\/li>\n\n\n\n<li>hoidke alati k\u00e4ttesaadaval loomade kiirabi v\u00f5i oma perearsti telefoninumbrit, et v\u00e4ltimatu abi \u00f5igel ajal kohale j\u00f5uaks.<\/li>\n\n\n\n<li>keerukamate juhtumite jaoks k\u00fcsige alati tegutsemisjuhiseid oma koera kasvatajalt ja otsige eriala spetsialisti abi<\/li>\n\n\n\n<li>hoidke alati kodus varuks esmaabivahendid &#8211; kunagi ei tea, milliseid \u00e4kilisi \u00f5nnetusi, traumasid v\u00f5i \u00e4pardusi v\u00f5ib ette tulla ning mille jaoks on kiirelt vaja reageerida<\/li>\n\n\n\n<li>hoidke silm peal kodukeemial ja muidu kahtlastel esemetel, millega Teie koer v\u00f5ib ennast vigastada v\u00f5i millega endale m\u00fcrgitust p\u00f5hjustada!<\/li>\n\n\n\n<li>vaadake oma kodu \u00fcle selle pilguga, nagu v\u00e4ikese lapse vanem seda teeb &#8211; sest kunagi ei tea, mida meie lemmikud v\u00e4lja m\u00f5tlevad ja fantaasiat neil juba jagub. Alates ripakile j\u00e4etud arstimitest kuni liiga libedate p\u00f5randateni.<\/li>\n\n\n\n<li>olge t\u00e4helepanelikud kliimast tingitud terviseriskide suhtes &#8211; talvel omad mured ja suvi oma h\u00e4dadega<\/li>\n\n\n\n<li>hoidke oma koera liigeseid &#8211; liikumine on tervisele hea &#8211; aga alati m\u00f5\u00f5dukalt ja vanusele ning muudele faktoritele vastavalt. Eriline t\u00e4helepanu kutsikate ja noorkoerte liigestele &#8211; TURVALISUS nii \u00f5ues kui koduses keskkonnas&nbsp; &#8211; EI libedatele p\u00f5randatele, ohtlikele h\u00fcpetele ja liigsele koormusele.<\/li>\n\n\n\n<li>HOIDKE OMA KOERA KASVATAJAT TOIMUVAGA KURSIS &#8211; esimene ja k\u00f5ige kiirem n\u00f5uanne kasvataja poole p\u00f6\u00f6rdudes v\u00f5ib palju aega ja vaeva kokku hoida. Kasvataja oskab samas ka m\u00f5ne n\u00e4iliselt mitteolulise pisiasja taga n\u00e4ha suurt ja kiiret abi vajavat probleemi &#8211; suhelge oma kasvatajatega!!!<\/li>\n<\/ul>\n","protected":false},"excerpt":{"rendered":"<p>Kogu maailma buldogikasvatajad teevad t\u00f5sist t\u00f6\u00f6d, et poleks vaja enam r\u00e4\u00e4kida inglasest kui haigest ja v\u00e4etist t\u00f5ust. Paljudes riikides on toimivad programmid buldogite tervise parandamiseks, nii ka meil. Viimaste aastatega on tekkinud arvestatav geograafiline areaal, kus kehtivad n\u00f5uded ja normid tagavad aretusse p\u00e4\u00e4sema vaid t\u00f5estatult terveid isendeid. Ka meie t\u00f5u\u00fching on v\u00e4ga huvitatud meie t\u00f5u <a href=\"https:\/\/inglisebuldog.ee\/ru\/tervis\/\" class=\"read-more inline\">Read More<\/a><\/p>\n","protected":false},"author":1,"featured_media":24,"parent":0,"menu_order":0,"comment_status":"closed","ping_status":"closed","template":"","meta":{"_exactmetrics_skip_tracking":false,"_exactmetrics_sitenote_active":false,"_exactmetrics_sitenote_note":"","_exactmetrics_sitenote_category":0,"footnotes":""},"class_list":["post-17","page","type-page","status-publish","has-post-thumbnail","hentry"],"translation":{"provider":"WPGlobus","version":"3.0.2","language":"ru","enabled_languages":["ee","gb","ru"],"languages":{"ee":{"title":true,"content":true,"excerpt":false},"gb":{"title":false,"content":false,"excerpt":false},"ru":{"title":false,"content":false,"excerpt":false}}},"_links":{"self":[{"href":"https:\/\/inglisebuldog.ee\/ru\/wp-json\/wp\/v2\/pages\/17","targetHints":{"allow":["GET"]}}],"collection":[{"href":"https:\/\/inglisebuldog.ee\/ru\/wp-json\/wp\/v2\/pages"}],"about":[{"href":"https:\/\/inglisebuldog.ee\/ru\/wp-json\/wp\/v2\/types\/page"}],"author":[{"embeddable":true,"href":"https:\/\/inglisebuldog.ee\/ru\/wp-json\/wp\/v2\/users\/1"}],"replies":[{"embeddable":true,"href":"https:\/\/inglisebuldog.ee\/ru\/wp-json\/wp\/v2\/comments?post=17"}],"version-history":[{"count":41,"href":"https:\/\/inglisebuldog.ee\/ru\/wp-json\/wp\/v2\/pages\/17\/revisions"}],"predecessor-version":[{"id":1021,"href":"https:\/\/inglisebuldog.ee\/ru\/wp-json\/wp\/v2\/pages\/17\/revisions\/1021"}],"wp:featuredmedia":[{"embeddable":true,"href":"https:\/\/inglisebuldog.ee\/ru\/wp-json\/wp\/v2\/media\/24"}],"wp:attachment":[{"href":"https:\/\/inglisebuldog.ee\/ru\/wp-json\/wp\/v2\/media?parent=17"}],"curies":[{"name":"wp","href":"https:\/\/api.w.org\/{rel}","templated":true}]}}