{"id":169,"date":"2018-01-20T11:54:07","date_gmt":"2018-01-20T11:54:07","guid":{"rendered":"https:\/\/inglisebuldog.ee\/?page_id=169"},"modified":"2025-09-09T18:26:52","modified_gmt":"2025-09-09T18:26:52","slug":"toimunud-uritused","status":"publish","type":"page","link":"https:\/\/inglisebuldog.ee\/ru\/uritused\/toimunud-uritused\/","title":{"rendered":"Toimunud \u00fcritused"},"content":{"rendered":"<p>Siin v\u00f5tame kokku juba toimunud \u00fcritused.<\/p>\n<p><img decoding=\"async\" src=\"https:\/\/inglisebuldog.ee\/wp-content\/uploads\/2025\/02\/2.apr_.2025-reklaam.png\" \/><\/p>\n","protected":false},"excerpt":{"rendered":"<p>Siin v\u00f5tame kokku juba toimunud \u00fcritused.<\/p>\n","protected":false},"author":2,"featured_media":0,"parent":161,"menu_order":0,"comment_status":"closed","ping_status":"closed","template":"","meta":{"_exactmetrics_skip_tracking":false,"_exactmetrics_sitenote_active":false,"_exactmetrics_sitenote_note":"","_exactmetrics_sitenote_category":0,"footnotes":""},"class_list":["post-169","page","type-page","status-publish","hentry"],"translation":{"provider":"WPGlobus","version":"3.0.2","language":"ru","enabled_languages":["ee","gb","ru"],"languages":{"ee":{"title":true,"content":true,"excerpt":false},"gb":{"title":false,"content":false,"excerpt":false},"ru":{"title":false,"content":false,"excerpt":false}}},"_links":{"self":[{"href":"https:\/\/inglisebuldog.ee\/ru\/wp-json\/wp\/v2\/pages\/169","targetHints":{"allow":["GET"]}}],"collection":[{"href":"https:\/\/inglisebuldog.ee\/ru\/wp-json\/wp\/v2\/pages"}],"about":[{"href":"https:\/\/inglisebuldog.ee\/ru\/wp-json\/wp\/v2\/types\/page"}],"author":[{"embeddable":true,"href":"https:\/\/inglisebuldog.ee\/ru\/wp-json\/wp\/v2\/users\/2"}],"replies":[{"embeddable":true,"href":"https:\/\/inglisebuldog.ee\/ru\/wp-json\/wp\/v2\/comments?post=169"}],"version-history":[{"count":2,"href":"https:\/\/inglisebuldog.ee\/ru\/wp-json\/wp\/v2\/pages\/169\/revisions"}],"predecessor-version":[{"id":1014,"href":"https:\/\/inglisebuldog.ee\/ru\/wp-json\/wp\/v2\/pages\/169\/revisions\/1014"}],"up":[{"embeddable":true,"href":"https:\/\/inglisebuldog.ee\/ru\/wp-json\/wp\/v2\/pages\/161"}],"wp:attachment":[{"href":"https:\/\/inglisebuldog.ee\/ru\/wp-json\/wp\/v2\/media?parent=169"}],"curies":[{"name":"wp","href":"https:\/\/api.w.org\/{rel}","templated":true}]}}