{"id":165,"date":"2018-01-20T11:53:32","date_gmt":"2018-01-20T11:53:32","guid":{"rendered":"https:\/\/inglisebuldog.ee\/?page_id=165"},"modified":"2025-01-27T22:08:06","modified_gmt":"2025-01-27T22:08:06","slug":"treeningud","status":"publish","type":"page","link":"https:\/\/inglisebuldog.ee\/ru\/uritused\/treeningud\/","title":{"rendered":"Treeningud"},"content":{"rendered":"<p><strong>TREENINGHOOAJA PLAANID KEVADHOOAJAKS 2025 ON VEEL OOTEL.<\/strong><\/p>\n<p><a href=\"https:\/\/inglisebuldog.ee\/wp-content\/uploads\/2022\/10\/310311026_6167291329965804_3182901735752463185_n.jpg\"><img loading=\"lazy\" decoding=\"async\" class=\"alignnone size-medium wp-image-768\" src=\"https:\/\/inglisebuldog.ee\/wp-content\/uploads\/2022\/10\/310311026_6167291329965804_3182901735752463185_n-300x108.jpg\" alt=\"\" width=\"300\" height=\"108\" srcset=\"https:\/\/inglisebuldog.ee\/wp-content\/uploads\/2022\/10\/310311026_6167291329965804_3182901735752463185_n-300x108.jpg 300w, https:\/\/inglisebuldog.ee\/wp-content\/uploads\/2022\/10\/310311026_6167291329965804_3182901735752463185_n-1024x370.jpg 1024w, https:\/\/inglisebuldog.ee\/wp-content\/uploads\/2022\/10\/310311026_6167291329965804_3182901735752463185_n-768x277.jpg 768w, https:\/\/inglisebuldog.ee\/wp-content\/uploads\/2022\/10\/310311026_6167291329965804_3182901735752463185_n-1536x555.jpg 1536w, https:\/\/inglisebuldog.ee\/wp-content\/uploads\/2022\/10\/310311026_6167291329965804_3182901735752463185_n.jpg 1772w\" sizes=\"auto, (max-width: 300px) 100vw, 300px\" \/><\/a><\/p>\n<p><span class=\"x3nfvp2 x1j61x8r x1fcty0u xdj266r xhhsvwb xat24cr xgzva0m xxymvpz xlup9mm x1kky2od\"><img loading=\"lazy\" decoding=\"async\" src=\"https:\/\/static.xx.fbcdn.net\/images\/emoji.php\/v9\/t5\/1.5\/16\/1f4cc.png\" alt=\"\ud83d\udccc\" width=\"16\" height=\"16\" \/><\/span>NB! Kui Sa veel ei ole meie \u00fchinguga ametlikult liitunud, aga sooviksid samuti olla meie \u00fchingu liige, siis tee seda siin:<br \/>\n<a class=\"x1i10hfl xjbqb8w x6umtig x1b1mbwd xaqea5y xav7gou x9f619 x1ypdohk xt0psk2 xe8uvvx xdj266r x11i5rnm xat24cr x1mh8g0r xexx8yu x4uap5 x18d9i69 xkhd6sd x16tdsg8 x1hl2dhg xggy1nq x1a2a7pz xt0b8zv x1fey0fg\" tabindex=\"0\" role=\"link\" href=\"https:\/\/l.facebook.com\/l.php?u=https%3A%2F%2Finglisebuldog.ee%2F%3Ffbclid%3DIwAR2dtIIcDKd6NMGMwqjDiYTnh_-d9LpiIETNGmXo6MXHjrohbq_mALRuxro&amp;h=AT0NSFiNIMxYviUXelPQM4lrcdDRe6d3WRte13ugdFujizMV4iEQFZXEsbqxWOu49UJhRgUXnofgwvYhZWMOGeQ70JcI0ghmzpB6qlJyNNk6xpg_SzgWO-p_-ppeqRUpitpgKhDN-5KE6Np14Q&amp;__tn__=-UK*F&amp;c[0]=AT24UHsuKVTB8lMmo6WN2E73df8kWH2uJEMBZxJ2cdLlQa5OcM-YzORKTAVUunu_xNC2dxFmtXNbYtIgvxnxUpu_ujhNEPU2Og54yTs_EgiQnsHUG972Hd0uZMx2pzTZijnDZ39Ec2SzMtGkisrxq6jjsGJTGalJfA-ivOsYsLzBRDvqWCgX6j9eKYXxFEDocDNT_UuHVkYGR74iVslTge0\" target=\"_blank\" rel=\"nofollow noopener\">https:\/\/inglisebuldog.ee<\/a><br \/>\nV\u00f5tab aega paar minutit, kuid edaspidi oled automaatselt nende hulgas, kellele samuti LAIENEVAD erinevad SOODUSTUSED meie ettev\u00f4tmistes!<\/p>\n<p>PILTE TOIMUNUD TREENINGUTEST SAAB N\u00c4HA MEIE T\u00dc FB LEHEL.<\/p>\n","protected":false},"excerpt":{"rendered":"<p>TREENINGHOOAJA PLAANID KEVADHOOAJAKS 2025 ON VEEL OOTEL. NB! Kui Sa veel ei ole meie \u00fchinguga ametlikult liitunud, aga sooviksid samuti olla meie \u00fchingu liige, siis tee seda siin: https:\/\/inglisebuldog.ee V\u00f5tab aega paar minutit, kuid edaspidi oled automaatselt nende hulgas, kellele samuti LAIENEVAD erinevad SOODUSTUSED meie ettev\u00f4tmistes! PILTE TOIMUNUD TREENINGUTEST SAAB N\u00c4HA MEIE T\u00dc FB LEHEL.<\/p>\n","protected":false},"author":2,"featured_media":0,"parent":161,"menu_order":0,"comment_status":"closed","ping_status":"closed","template":"","meta":{"_exactmetrics_skip_tracking":false,"_exactmetrics_sitenote_active":false,"_exactmetrics_sitenote_note":"","_exactmetrics_sitenote_category":0,"footnotes":""},"class_list":["post-165","page","type-page","status-publish","hentry"],"translation":{"provider":"WPGlobus","version":"3.0.2","language":"ru","enabled_languages":["ee","gb","ru"],"languages":{"ee":{"title":true,"content":true,"excerpt":false},"gb":{"title":false,"content":false,"excerpt":false},"ru":{"title":false,"content":false,"excerpt":false}}},"_links":{"self":[{"href":"https:\/\/inglisebuldog.ee\/ru\/wp-json\/wp\/v2\/pages\/165","targetHints":{"allow":["GET"]}}],"collection":[{"href":"https:\/\/inglisebuldog.ee\/ru\/wp-json\/wp\/v2\/pages"}],"about":[{"href":"https:\/\/inglisebuldog.ee\/ru\/wp-json\/wp\/v2\/types\/page"}],"author":[{"embeddable":true,"href":"https:\/\/inglisebuldog.ee\/ru\/wp-json\/wp\/v2\/users\/2"}],"replies":[{"embeddable":true,"href":"https:\/\/inglisebuldog.ee\/ru\/wp-json\/wp\/v2\/comments?post=165"}],"version-history":[{"count":9,"href":"https:\/\/inglisebuldog.ee\/ru\/wp-json\/wp\/v2\/pages\/165\/revisions"}],"predecessor-version":[{"id":959,"href":"https:\/\/inglisebuldog.ee\/ru\/wp-json\/wp\/v2\/pages\/165\/revisions\/959"}],"up":[{"embeddable":true,"href":"https:\/\/inglisebuldog.ee\/ru\/wp-json\/wp\/v2\/pages\/161"}],"wp:attachment":[{"href":"https:\/\/inglisebuldog.ee\/ru\/wp-json\/wp\/v2\/media?parent=165"}],"curies":[{"name":"wp","href":"https:\/\/api.w.org\/{rel}","templated":true}]}}