{"id":161,"date":"2018-01-20T11:52:59","date_gmt":"2018-01-20T11:52:59","guid":{"rendered":"https:\/\/inglisebuldog.ee\/?page_id=161"},"modified":"2018-04-19T07:38:39","modified_gmt":"2018-04-19T07:38:39","slug":"uritused","status":"publish","type":"page","link":"https:\/\/inglisebuldog.ee\/ru\/uritused\/","title":{"rendered":"\u00dcritused"},"content":{"rendered":"<h1><strong><span style=\"color: #000000;\">28.aprillil toimub Viljandis tervisetestide p\u00e4ev.<\/span> <\/strong><\/h1>\n<p><a href=\"https:\/\/inglisebuldog.ee\/wp-content\/uploads\/2018\/04\/Viljandi_tervisetestid_28-04-2018.jpg\"><img loading=\"lazy\" decoding=\"async\" class=\"wp-image-345 size-medium alignleft\" src=\"https:\/\/inglisebuldog.ee\/wp-content\/uploads\/2018\/04\/Viljandi_tervisetestid_28-04-2018-212x300.jpg\" alt=\"\" width=\"212\" height=\"300\" srcset=\"https:\/\/inglisebuldog.ee\/wp-content\/uploads\/2018\/04\/Viljandi_tervisetestid_28-04-2018-212x300.jpg 212w, https:\/\/inglisebuldog.ee\/wp-content\/uploads\/2018\/04\/Viljandi_tervisetestid_28-04-2018.jpg 600w\" sizes=\"auto, (max-width: 212px) 100vw, 212px\" \/><\/a><\/p>\n<p>Tervisep\u00e4evale on kirjas 18 buldogit &#8211; nii inglasi kui prantslasi.\u00a0 Graafik on t\u00e4is. Kes soovib edaspidi oma koera testip\u00e4evale kirja panna &#8211; palun andke oma soovist teada. Siis teame plaanida j\u00e4rgmise testip\u00e4eva korraldamist.<\/p>\n<p>&nbsp;<\/p>\n<p>&nbsp;<\/p>\n<p>&nbsp;<\/p>\n<p>&nbsp;<\/p>\n<p>&nbsp;<\/p>\n<p><span style=\"font-size: xx-large;\"><b>Natalja Vinokurova loeng &#8220;Buldogi aretus&#8221; <\/b><\/span><\/p>\n<p><span style=\"font-size: large;\"><b>9.veebruaril toimub MT\u00dc Inglise Buldogide Eesti Klubi korraldusel v\u00e4ga oodatud ja p\u00f5nev loeng-seminar.<\/b><\/span><\/p>\n<p>Meie klubile tuleb k\u00fclla v\u00e4ga lugupeetud ja pikaajalise kogemusega Inglise buldogide kasvataja<\/p>\n<p>Natalja Vinokurova (Valgevene, kennel Kiddy Wins).<\/p>\n<p>Nataljal on kasvatajakogemust \u00fcle 20 aasta. Tema kenneli koerad on viimastel aastatel olnud \u00fcliedukad paljudel n\u00e4itustel erinevates riikides.<\/p>\n<p>Tema erakordselt edukas kasvatajakarj\u00e4\u00e4r on meile uurimiseks ette laotatud. Palusime tal ette valmistada jutt ja vastused j\u00e4rgmistele teemadele:<\/p>\n<p><b>NATALJA VINOKUROVA LOENGU TEEMAD<\/b><\/p>\n<ul>\n<li>Aretusvalikud.<\/li>\n<li>Kes on eeskujud? Millest ta on alustanud ja kuidas arenenud.<\/li>\n<li>Mis on tema nn maailma lemmikliinid.<\/li>\n<li>Kui palju ta v\u00f5tab oma valikutes ette standardi ja kas standardi juures on asju, kus ta silma kinni pigistab.<\/li>\n<li>Kas on probleeme, mille ignoreerimine tema arust on vastutustundetu.<\/li>\n<li>Kuidas ta suhtub maailmas valitsevasse mentaliteeti l\u00fchikoonuliste t\u00f5ugude tervise suhtes.<\/li>\n<li>Millisel ajahetkel teeb ta valikuid \u2013 keda m\u00fc\u00fca ja keda j\u00e4tta kennelisse oma liine j\u00e4tkama.<\/li>\n<li>Millised on tema arust vajalikud asjad, millest kasvatajad \u00fcle maailma v\u00f5iks omavahel rohkem r\u00e4\u00e4kida.<\/li>\n<li>Loeng-seminari praktiline osa \u2013 arutelu koos n\u00e4itlike \u00f5ppevahenditega (erinevad buldogid, kes erinevat t\u00fc\u00fcpi loomi esindavad ja kohal on).<\/li>\n<\/ul>\n<div id=\"Sect1\" dir=\"LTR\"><\/div>\n<p>Toimumise aeg 9. veebruaril 2018 kell 16.00\u201320.00.<\/p>\n<p>Toimumise koht Tammsaare tee 89, Tallinn (Koerte Paradiis).<\/p>\n<p>Osav\u00f5tutasu 20\u20ac klubi liikmele ja 25\u20ac eurot k\u00fclalistele.<\/p>\n<p>Osav\u00f5tusoovist palume teada anda klubi meiliaadressil <b><a href=\"mailto:info@inglisebuldog.ee\" target=\"_top\">info@inglisebuldog.ee<\/a> ja tasumine toimub peale seda v\u00e4ljastatava arve alusel klubi arveldusarvele.<\/b><\/p>\n<p>Osav\u00f5tutasu sisse on arvestatud ka kohv ja suupisted.<\/p>\n<p>Auto parkimine on maja juures tasuta.<\/p>\n<p>\u00a4\u00a4\u00a4\u00a4\u00a4\u00a4\u00a4\u00a4\u00a4\u00a4\u00a4\u00a4\u00a4\u00a4\u00a4\u00a4\u00a4\u00a4\u00a4\u00a4\u00a4\u00a4\u00a4\u00a4\u00a4\u00a4\u00a4\u00a4\u00a4\u00a4\u00a4\u00a4\u00a4\u00a4\u00a4\u00a4\u00a4\u00a4\u00a4\u00a4\u00a4\u00a4\u00a4\u00a4\u00a4\u00a4\u00a4\u00a4\u00a4\u00a4\u00a4\u00a4\u00a4\u00a4\u00a4\u00a4\u00a4\u00a4\u00a4\u00a4\u00a4\u00a4\u00a4\u00a4\u00a4\u00a4\u00a4\u00a4\u00a4\u00a4\u00a4\u00a4\u00a4\u00a4\u00a4\u00a4\u00a4\u00a4\u00a4\u00a4<\/p>\n<p><span style=\"font-size: 300%;\"><span style=\"font-size: xx-large;\"><b>\u041b\u0435\u043a\u0446\u0438\u044f \u041d.\u0412\u0438\u043d\u043e\u043a\u0443\u0440\u043e\u0432\u043e\u0439 &#8220;\u0420\u0430\u0437\u0432\u0435\u0434\u0435\u043d\u0438\u0435 \u0431\u0443\u043b\u044c\u0434\u043e\u0433\u043e\u0432&#8221;<\/b><\/span><\/span><\/p>\n<p><span style=\"font-size: large;\"><b>9.\u0444\u0435\u0432\u0440\u0430\u043b\u044f \u043d\u0430\u0448 \u043a\u043b\u0443\u0431 \u0430\u043d\u0433\u043b\u0438\u0439\u0441\u043a\u0438\u0445 \u0431\u0443\u043b\u044c\u0434\u043e\u0433\u043e\u0432 \u043e\u0440\u0433\u0430\u043d\u0438\u0437\u0443\u0435\u0442 \u043e\u0447\u0435\u043d\u044c \u0432\u0430\u0436\u043d\u044b\u0439 \u0438 \u0437\u0430\u0445\u0432\u0430\u0442\u044b\u0432\u0430\u044e\u0449\u0438\u0439 \u0441\u0435\u043c\u0438\u043d\u0430\u0440. <\/b><\/span><\/p>\n<p>\u0422\u0430\u043b\u043b\u0438\u043d\u043d \u043f\u043e\u0441\u0435\u0442\u0438\u0442 \u0443\u0432\u0430\u0436\u0430\u0435\u043c\u0430\u044f \u0437\u0430\u0432\u043e\u0434\u0447\u0438\u0446\u0430 \u0430\u043d\u0433\u043b\u0438\u0439\u0441\u043a\u0438\u0445 \u0431\u0443\u043b\u044c\u0434\u043e\u0433\u043e\u0432, \u0447\u0435\u043b\u043e\u0432\u0435\u043a \u0441 \u043e\u0433\u0440\u043e\u043c\u043d\u044b\u043c \u043e\u043f\u044b\u0442\u043e\u043c \u041d\u0430\u0442\u0430\u043b\u044c\u044f \u0412\u0438\u043d\u043e\u043a\u0443\u0440\u043e\u0432\u0430, \u043f\u0438\u0442\u043e\u043c\u043d\u0438\u043a \u041a\u0438\u0434\u0434\u0438 \u0412\u0438\u043d\u0441.<\/p>\n<p>\u041d\u0430\u0442\u0430\u0448\u0430 \u043d\u0430\u0445\u043e\u0434\u0438\u0442\u0441\u044f \u0432 \u043f\u043e\u0440\u043e\u0434\u0435 \u0431\u043e\u043b\u0435\u0435 20\u0442\u0438 \u043b\u0435\u0442. \u0415\u0435 \u0441\u043e\u0431\u0430\u043a\u0438 \u044f\u0432\u043b\u044f\u044e\u0442\u0441\u044f \u043f\u043e\u0431\u0435\u0434\u0438\u0442\u0435\u043b\u044f\u043c\u0438 \u043a\u0440\u0443\u043f\u043d\u044b\u0445 \u0432\u044b\u0441\u0442\u0430\u0432\u043e\u043a \u0440\u0430\u0437\u043d\u044b\u0445 \u0441\u0442\u0440\u0430\u043d. \u0423 \u043d\u0430\u0441 \u0435\u0441\u0442\u044c \u0432\u043e\u0437\u043c\u043e\u0436\u043d\u043e\u0441\u0442\u044c \u0432\u043e\u0441\u043f\u043e\u043b\u044c\u0437\u043e\u0432\u0430\u0442\u044c\u0441\u044f \u0435\u0435 \u043e\u043f\u044b\u0442\u043e\u043c \u0438 \u0437\u043d\u0430\u043d\u0438\u044f\u043c\u0438.<\/p>\n<p>\u041c\u044b \u043f\u043e\u043f\u0440\u043e\u0441\u0438\u043b\u0438 \u0435\u0435 \u043f\u043e\u0434\u0433\u043e\u0442\u043e\u0432\u0438\u0442\u044c \u0440\u0430\u0441\u0441\u043a\u0430\u0437-\u043b\u0435\u043a\u0446\u0438\u044e \u043e \u0431\u0443\u043b\u044c\u0434\u043e\u0433\u0430\u0445, \u0435\u0441\u0442\u044c \u0432\u043e\u0437\u043c\u043e\u0436\u043d\u043e\u0441\u0442\u044c \u0437\u0430\u0434\u0430\u0442\u044c \u0438\u043d\u0442\u0435\u0440\u0435\u0441\u0443\u044e\u0449\u0438\u0435 \u0432\u0430\u0441 \u0432\u043e\u043f\u0440\u043e\u0441\u044b.<\/p>\n<p><span style=\"font-size: large;\"><b>\u0422\u0435\u043c\u044b \u043a \u043e\u0431\u0441\u0443\u0436\u0434\u0435\u043d\u0438\u044e:<\/b><\/span><\/p>\n<ul>\n<li><span style=\"font-size: small;\">\u041a\u0442\u043e \u044f\u0432\u043b\u044f\u0435\u0442\u0441\u044f \u044d\u0442\u0430\u043b\u043e\u043d\u043e\u043c \u0432 \u043c\u0438\u0440\u0435 \u0431\u0443\u043b\u044c\u0434\u043e\u0433\u043e\u0432? <\/span><\/li>\n<li><span style=\"font-size: small;\">\u0421 \u0447\u0435\u0433\u043e \u043d\u0430\u0447\u0438\u043d\u0430\u043b\u0430 \u0438 \u043a\u0430\u043a \u0448\u043b\u0430 \u043a \u0446\u0435\u043b\u0438? <\/span><\/li>\n<li><span style=\"font-size: small;\">\u041a\u0430\u043a\u0438\u0435 \u043a\u0440\u043e\u0432\u0438\/\u043b\u0438\u043d\u0438\u0438\/\u0442\u0438\u043f \u0434\u043b\u044f \u043d\u0435\u0435 \u0432 \u043f\u0440\u0438\u043e\u0440\u0438\u0442\u0435\u0442\u0435 \u043d\u0430 \u0434\u0430\u043d\u043d\u044b\u0439 \u043c\u043e\u043c\u0435\u043d\u0442( \u043d\u0430 \u043f\u0440\u0438\u043c\u0435\u0440\u0435 \u0415\u0432\u0440\u043e\u043f\u044b) <\/span><\/li>\n<li><span style=\"font-size: small;\">\u0412 \u0441\u0432\u043e\u0435\u043c \u0432\u044b\u0431\u043e\u0440\u0435( \u043f\u0440\u0438 \u043f\u043e\u0434\u0431\u043e\u0440\u0435 \u043f\u0430\u0440) \u043d\u0430 \u0447\u0442\u043e \u043e\u0431\u0440\u0430\u0449\u0430\u0435\u0442 \u0432\u043d\u0438\u043c\u0430\u043d\u0438\u0435 \u0438 \u043d\u0430 \u043a\u0430\u043a\u0438\u0435 \u043c\u0438\u043d\u0443\u0441\u044b \u0433\u043e\u0442\u043e\u0432\u0430 \u0437\u0430\u043a\u0440\u044b\u0442\u044c \u0433\u043b\u0430\u0437\u0430? <\/span><\/li>\n<li><span style=\"font-size: small;\">\u0415\u0441\u0442\u044c \u043b\u0438 \u0443 \u0431\u0443\u043b\u044c\u0434\u043e\u0433\u043e\u0432 \u043f\u0440\u043e\u0431\u043b\u0435\u043c\u044b, \u043d\u0430 \u043a\u043e\u0442\u043e\u0440\u044b\u0435 \u0441\u0442\u043e\u0438\u0442 \u043e\u0431\u0440\u0430\u0442\u0438\u0442\u044c \u0432\u043d\u0438\u043c\u0430\u043d\u0438\u0435 \u0438 \u043d\u0438 \u0432 \u043a\u043e\u0435\u043c \u0441\u043b\u0443\u0447\u0430\u0435 \u043d\u0435 \u0438\u0433\u043d\u043e\u0440\u0438\u0440\u043e\u0432\u0430\u0442\u044c? ??? <\/span><\/li>\n<li><span style=\"font-size: small;\">\u041a\u0430\u043a \u0435\u0439 \u043a\u0430\u0436\u0435\u0442\u0441\u044f, \u0432 \u043c\u0438\u0440\u0435 \u0443\u0434\u0438\u043b\u044f\u044e\u0442 \u0432\u043d\u0438\u043c\u0430\u043d\u0438\u0435 \u0437\u0434\u043e\u0440\u043e\u0432\u044c\u044e \u0431\u0443\u043b\u044c\u0434\u043e\u0433\u0430? <\/span><\/li>\n<li><span style=\"font-size: small;\">\u041a\u0430\u043a \u0432 \u0435\u0435 \u043f\u0438\u0442\u043e\u043c\u043d\u0438\u043a\u0435 \u0434\u0435\u043b\u0430\u0435\u0442\u0441\u044f \u0432\u044b\u0431\u043e\u0440 \u043a\u043e\u0433\u043e \u043f\u0440\u043e\u0434\u0430\u0432\u0430\u0442\u044c? \u041a\u043e\u0433\u043e \u043e\u0441\u0442\u0430\u0432\u043b\u044f\u0442\u044c? \u0412\u043e\u0437\u0440\u0430\u0441\u0442 \u0438 \u043a\u0440\u0438\u0442\u0435\u0440\u0438\u0438.<\/span><\/li>\n<li><span style=\"font-size: small;\">\u041a\u0430\u043a\u0438\u0435 \u0432\u0430\u0436\u043d\u044b\u0435 \u0432\u0435\u0449\u0438 \u043c\u043e\u0433\u043b\u0438 \u0431\u044b \u0437\u0430\u0432\u043e\u0434\u0447\u0438\u043a\u0438 \u0431\u0443\u043b\u044c\u0434\u043e\u0433\u043e\u0432 \u0432\u043e \u0432\u0441\u0435\u043c \u043c\u0438\u0440\u0435 \u0431\u043e\u043b\u044c\u0448\u0435 \u043e\u0441\u0432\u0435\u0449\u0430\u0442\u044c, \u0447\u0435\u043c\u0443 \u043f\u0440\u0438\u0434\u0430\u0432\u0430\u0442\u044c \u0437\u043d\u0430\u0447\u0435\u043d\u0438\u0435?<\/span><\/li>\n<li><span style=\"font-size: small;\">\u041b\u0435\u043a\u0446\u0438\u044f-\u0441\u0435\u043c\u0438\u043d\u0430\u0440 \u043f\u0440\u0430\u043a\u0442\u0438\u0447\u0435\u0441\u043a\u0430\u044f \u0447\u0430\u0441\u0442\u044c \u0441 \u043f\u043e\u0441\u043e\u0431\u0438\u044f\u043c\u0438 \u0438 \u043d\u0430 \u043f\u0440\u0435\u0434\u0441\u0442\u0430\u0432\u043b\u0435\u043d\u044b\u0445 \u0431\u0443\u043b\u044c\u0434\u043e\u0433\u0430\u0445, \u043a\u0430\u043a\u0438\u0435 \u0442\u0438\u043f\u044b \u0431\u044b\u0432\u0430\u044e\u0442 <\/span><\/li>\n<\/ul>\n<p>9.\u0444\u0435\u0432\u0440\u0430\u043b\u044f 2018 \u0433\u043e\u0434\u0430 \u0441 16.00-20.00 \u0436\u0434\u0435\u043c \u0432\u0430\u0441 \u043f\u043e \u0430\u0434\u0440\u0435\u0441\u0443 Tammsaare tee 89, Tallinn( Koerte Paradiis)<\/p>\n<p>\u041f\u043b\u0430\u0442\u0430 \u0437\u0430 \u0443\u0447\u0430\u0441\u0442\u0438\u0435 20\u20ac \u0447\u043b\u0435\u043d\u044b \u043a\u043b\u0443\u0431\u0430 \u0438 25\u20ac \u0436\u0435\u043b\u0430\u044e\u0449\u0438\u043c. \u041f\u0440\u043e\u0441\u0438\u043c \u0432\u0430\u0441 \u0441\u043e\u043e\u0431\u0449\u0438\u0442\u044c \u043e \u0441\u0432\u043e\u0435\u043c \u0436\u0435\u043b\u0430\u043d\u0438\u0438 \u043d\u0430 \u044d\u043c\u0430\u0439\u043b <a href=\"mailto:info@inglisebuldog.ee\" target=\"_top\"><b>info@inglisebuldog.ee<\/b><\/a> , <strong>\u043e\u043f\u043b\u0430\u0442\u0430 \u043f\u043e\u0441\u043b\u0435 \u0432\u044b\u0441\u0442\u0430\u0432\u043b\u0435\u043d\u0438\u044f \u0441\u0447\u0435\u0442\u0430 .<\/strong><\/p>\n<p>\u041a\u043e\u0444\u0435 \u0438 \u0437\u0430\u043a\u0443\u0441\u043a\u0438 \u0432\u043a\u043b\u044e\u0447\u0435\u043d\u044b \u0432 \u0441\u0442\u043e\u0438\u043c\u043e\u0441\u0442\u044c \u0441\u0435\u043c\u0438\u043d\u0430\u0440\u0430.<\/p>\n<p>\u041f\u0430\u0440\u043a\u043e\u0432\u043a\u0430 \u0443 \u0437\u0434\u0430\u043d\u0438\u044f \u0431\u0435\u0441\u043f\u043b\u0430\u0442\u043d\u0430\u044f.<\/p>\n<p><a href=\"https:\/\/inglisebuldog.ee\/wp-content\/uploads\/2018\/01\/27583361_1789682104385062_1613117296_n.jpg\"><img loading=\"lazy\" decoding=\"async\" class=\"size-medium wp-image-310 aligncenter\" src=\"https:\/\/inglisebuldog.ee\/wp-content\/uploads\/2018\/01\/27583361_1789682104385062_1613117296_n-300x272.jpg\" alt=\"\" width=\"300\" height=\"272\" srcset=\"https:\/\/inglisebuldog.ee\/wp-content\/uploads\/2018\/01\/27583361_1789682104385062_1613117296_n-300x272.jpg 300w, https:\/\/inglisebuldog.ee\/wp-content\/uploads\/2018\/01\/27583361_1789682104385062_1613117296_n.jpg 640w\" sizes=\"auto, (max-width: 300px) 100vw, 300px\" \/><\/a><\/p>\n","protected":false},"excerpt":{"rendered":"<p>28.aprillil toimub Viljandis tervisetestide p\u00e4ev. Tervisep\u00e4evale on kirjas 18 buldogit &#8211; nii inglasi kui prantslasi.\u00a0 Graafik on t\u00e4is. Kes soovib edaspidi oma koera testip\u00e4evale kirja panna &#8211; palun andke oma soovist teada. Siis teame plaanida j\u00e4rgmise testip\u00e4eva korraldamist. &nbsp; &nbsp; &nbsp; &nbsp; &nbsp; Natalja Vinokurova loeng &#8220;Buldogi aretus&#8221; 9.veebruaril toimub MT\u00dc Inglise Buldogide Eesti Klubi <a href=\"https:\/\/inglisebuldog.ee\/ru\/uritused\/\" class=\"read-more inline\">Read More<\/a><\/p>\n","protected":false},"author":2,"featured_media":0,"parent":0,"menu_order":0,"comment_status":"closed","ping_status":"closed","template":"","meta":{"_exactmetrics_skip_tracking":false,"_exactmetrics_sitenote_active":false,"_exactmetrics_sitenote_note":"","_exactmetrics_sitenote_category":0,"footnotes":""},"class_list":["post-161","page","type-page","status-publish","hentry"],"translation":{"provider":"WPGlobus","version":"3.0.2","language":"ru","enabled_languages":["ee","gb","ru"],"languages":{"ee":{"title":true,"content":true,"excerpt":false},"gb":{"title":false,"content":false,"excerpt":false},"ru":{"title":false,"content":false,"excerpt":false}}},"_links":{"self":[{"href":"https:\/\/inglisebuldog.ee\/ru\/wp-json\/wp\/v2\/pages\/161","targetHints":{"allow":["GET"]}}],"collection":[{"href":"https:\/\/inglisebuldog.ee\/ru\/wp-json\/wp\/v2\/pages"}],"about":[{"href":"https:\/\/inglisebuldog.ee\/ru\/wp-json\/wp\/v2\/types\/page"}],"author":[{"embeddable":true,"href":"https:\/\/inglisebuldog.ee\/ru\/wp-json\/wp\/v2\/users\/2"}],"replies":[{"embeddable":true,"href":"https:\/\/inglisebuldog.ee\/ru\/wp-json\/wp\/v2\/comments?post=161"}],"version-history":[{"count":20,"href":"https:\/\/inglisebuldog.ee\/ru\/wp-json\/wp\/v2\/pages\/161\/revisions"}],"predecessor-version":[{"id":352,"href":"https:\/\/inglisebuldog.ee\/ru\/wp-json\/wp\/v2\/pages\/161\/revisions\/352"}],"wp:attachment":[{"href":"https:\/\/inglisebuldog.ee\/ru\/wp-json\/wp\/v2\/media?parent=161"}],"curies":[{"name":"wp","href":"https:\/\/api.w.org\/{rel}","templated":true}]}}