{"id":157,"date":"2018-01-20T11:48:46","date_gmt":"2018-01-20T11:48:46","guid":{"rendered":"https:\/\/inglisebuldog.ee\/?page_id=157"},"modified":"2025-01-27T22:10:29","modified_gmt":"2025-01-27T22:10:29","slug":"kutsikad","status":"publish","type":"page","link":"https:\/\/inglisebuldog.ee\/ru\/kutsikad\/","title":{"rendered":"Kutsikad"},"content":{"rendered":"\n<div class=\"wp-block-group\"><div class=\"wp-block-group__inner-container is-layout-flow wp-block-group-is-layout-flow\"><\/div><\/div>\n\n\n\n<div class=\"wp-block-group\"><div class=\"wp-block-group__inner-container is-layout-flow wp-block-group-is-layout-flow\">\n<p>Hetkel meie t\u00f5u\u00fchingu liikmetel kutsikaid pakkuda pole.<\/p>\n\n\n\n<p>Kutsikaplaanide osas palun kontakteeruge kasvatajatega. Alati v\u00f5ib e-kirja ja\/v\u00f5i k\u00fcsimuse saata ka meie t\u00f5u\u00fchingu  aadressile  inglisebuldog@gmail.com<\/p>\n\n\n\n<p>Eestis kehtivad aretusreeglid Inglise buldogidele. Soovitame alati kontrollida, kas teile huvi pakkuva pesakonna vanematel, olgu siis Eestis v\u00f5i piiri taga, on tehtud k\u00f5ik n\u00f5utavad terviseuuringud.<\/p>\n\n\n\n<p>Meie t\u00f5u\u00fchinguga on liitunud j\u00e4rgmised kennelid \u2013<\/p>\n\n\n\n<ul class=\"wp-block-list\">\n<li><a href=\"https:\/\/sites.google.com\/site\/uueveskikennel\/\">UUEVESKI<\/a>\u00a0ja\u00a0\u00a0<a href=\"https:\/\/www.facebook.com\/kenneluueveski\/\">kenneli FB-link<\/a><\/li>\n\n\n\n<li><a href=\"http:\/\/firstfavourite.planet.ee\/\" target=\"_blank\" rel=\"noreferrer noopener\">FIRST FAVOURITE BULLDOGS<\/a><\/li>\n\n\n\n<li><a href=\"https:\/\/www.facebook.com\/KennelDagostar\/\" target=\"_blank\" rel=\"noreferrer noopener\">DAGOSTAR<\/a><\/li>\n\n\n\n<li><a href=\"https:\/\/www.facebook.com\/Kennel-DONNA-PAWS-1639581839642480\/\" target=\"_blank\" rel=\"noreferrer noopener\">DONNA PAWS<\/a><\/li>\n\n\n\n<li><a href=\"https:\/\/www.facebook.com\/FitzRoy-Bulls-Kennel-108063671325168\">FITZROY BULLS<\/a><\/li>\n\n\n\n<li>MY RARITY<\/li>\n\n\n\n<li>\u00d5NNESEEN<\/li>\n<\/ul>\n\n\n\n<p>Kui meie t\u00f5u\u00fchingu kasvatajatel pole hetkel kutsikaid v\u00f5i pole parasjagu ka l\u00e4hemaid kutsikaplaane, siis saame soovitada ka s\u00f5bralike l\u00e4hiriikide kasvatajaid. Soovitame AINULT neid pesakondi, kellest on meie t\u00f5u\u00fchingule otse kasvataja poolt teada antud ja kes vastavad meie aretusreeglites kehtestatud n\u00f5uetele. L\u00e4hematest naabritest vastavad sellele eesk\u00e4tt Soome, aga ka n\u00fc\u00fcd Leedu aretuses olevad koerad. <\/p>\n\n\n\n<p>Vastutustundlikud kasvatajad kogu maailmas teevad viimastel aastatel palju terviseuuringuid. Mitmetes riikides pole konkreetseid kohustuslikke uuringuid, kuid on \u00fcle\u00fcldine arusaam terviseuuringute vajalikkusest. V\u00e4lisriikidest kutsikat ostes uurige alati terviseuuringute kohta. Kui need puuduvad, siis t\u00f5u\u00fchingupoolne soovitus on kaup katki j\u00e4tta.<\/p>\n\n\n\n<p><\/p>\n\n\n\n<p>Hetkel on v\u00e4lisriigi kasvatajate poolt meie t\u00f5u\u00fchingule teada antud j\u00e4rgmistest pesakondadest, kes vastavad meie aretusreeglitele:<\/p>\n\n\n\n<p>&#8230;&#8230;&#8230;&#8230;&#8230;&#8230;&#8230;&#8230;&#8230;&#8230;&#8230;&#8230;&#8230;&#8230;&#8230;&#8230;&#8230;&#8230;&#8230;&#8230;&#8230;&#8230;&#8230;&#8230;&#8230;&#8230;&#8230;&#8230;&#8230;&#8230;&#8230;&#8230;&#8230;&#8230;&#8230;&#8230;..<\/p>\n<\/div><\/div>\n","protected":false},"excerpt":{"rendered":"<p>Hetkel meie t\u00f5u\u00fchingu liikmetel kutsikaid pakkuda pole. Kutsikaplaanide osas palun kontakteeruge kasvatajatega. Alati v\u00f5ib e-kirja ja\/v\u00f5i k\u00fcsimuse saata ka meie t\u00f5u\u00fchingu aadressile inglisebuldog@gmail.com Eestis kehtivad aretusreeglid Inglise buldogidele. Soovitame alati kontrollida, kas teile huvi pakkuva pesakonna vanematel, olgu siis Eestis v\u00f5i piiri taga, on tehtud k\u00f5ik n\u00f5utavad terviseuuringud. Meie t\u00f5u\u00fchinguga on liitunud j\u00e4rgmised kennelid \u2013 <a href=\"https:\/\/inglisebuldog.ee\/ru\/kutsikad\/\" class=\"read-more inline\">Read More<\/a><\/p>\n","protected":false},"author":2,"featured_media":0,"parent":0,"menu_order":0,"comment_status":"closed","ping_status":"closed","template":"","meta":{"_exactmetrics_skip_tracking":false,"_exactmetrics_sitenote_active":false,"_exactmetrics_sitenote_note":"","_exactmetrics_sitenote_category":0,"footnotes":""},"class_list":["post-157","page","type-page","status-publish","hentry"],"translation":{"provider":"WPGlobus","version":"3.0.2","language":"ru","enabled_languages":["ee","gb","ru"],"languages":{"ee":{"title":true,"content":true,"excerpt":false},"gb":{"title":false,"content":false,"excerpt":false},"ru":{"title":false,"content":false,"excerpt":false}}},"_links":{"self":[{"href":"https:\/\/inglisebuldog.ee\/ru\/wp-json\/wp\/v2\/pages\/157","targetHints":{"allow":["GET"]}}],"collection":[{"href":"https:\/\/inglisebuldog.ee\/ru\/wp-json\/wp\/v2\/pages"}],"about":[{"href":"https:\/\/inglisebuldog.ee\/ru\/wp-json\/wp\/v2\/types\/page"}],"author":[{"embeddable":true,"href":"https:\/\/inglisebuldog.ee\/ru\/wp-json\/wp\/v2\/users\/2"}],"replies":[{"embeddable":true,"href":"https:\/\/inglisebuldog.ee\/ru\/wp-json\/wp\/v2\/comments?post=157"}],"version-history":[{"count":8,"href":"https:\/\/inglisebuldog.ee\/ru\/wp-json\/wp\/v2\/pages\/157\/revisions"}],"predecessor-version":[{"id":960,"href":"https:\/\/inglisebuldog.ee\/ru\/wp-json\/wp\/v2\/pages\/157\/revisions\/960"}],"wp:attachment":[{"href":"https:\/\/inglisebuldog.ee\/ru\/wp-json\/wp\/v2\/media?parent=157"}],"curies":[{"name":"wp","href":"https:\/\/api.w.org\/{rel}","templated":true}]}}