{"id":9,"date":"2017-12-03T22:43:12","date_gmt":"2017-12-03T22:43:12","guid":{"rendered":"https:\/\/inglisebuldog.ee\/?page_id=9"},"modified":"2025-09-09T18:29:53","modified_gmt":"2025-09-09T18:29:53","slug":"inglise-buldog","status":"publish","type":"page","link":"https:\/\/inglisebuldog.ee\/gb\/","title":{"rendered":"T\u00f5u\u00fchingust"},"content":{"rendered":"<hr \/>\n<p>TULEMAS<\/p>\n<p>TERVISETESTIDE P\u00c4EV VILJANDIS<\/p>\n<p>REGISTREERUMISE LINK &#8211;\u00a0<a href=\"https:\/\/forms.gle\/MN42ZPSNLB885W5UA\">PALUME T\u00c4ITA REGISTREERUMINE SIIN<\/a><\/p>\n<p>\u00a0<\/p>\n<p>Tere tulemast Eesti Inglise buldogide t\u00f5u\u00fchingu veebipessa.<\/p>\n<ul>\n<li>K\u00f5iki buldogihuvilisi ootame astuma meie t\u00f5u\u00fchingu ametlikuks liikmeks.<\/li>\n<\/ul>\n<p><strong>Meiega liitumiseks saada sooviavaldus info@inglisebuldog.ee <\/strong><\/p>\n<p>Sooviavalduse v\u00f5ib esitada vabas vormis, kuid selleks, et saame Teie liitumise kinnitada ning liikmeks vastu v\u00f5tta, veendu, et sooviavaldusele on lisatud k\u00f5ik vajalikud andmed!<\/p>\n<p><strong>N\u00c4IDIS <\/strong><\/p>\n<p>MT\u00dc Eesti Inglise Buldogide T\u00f5u\u00fching Juhatusele<\/p>\n<p>AVALDUS<\/p>\n<p>Palun mind vastu v\u00f5tta MT\u00dc Eesti Inglise Buldogide T\u00f5u\u00fching liikmeks.<\/p>\n<p>*Ees-ja perekonnanimi<\/p>\n<p>*Postiaadress ja sihtnumber<\/p>\n<p>*Kontakttelefon, e-mail<\/p>\n<p>*Kenneli nimi (kui on olemas)<\/p>\n<p>Kuup\u00e4ev ja nimi Luban oma nime avaldada MT\u00dc kodulehel (jah\/ei)<\/p>\n<p>MT\u00dcS \u00a713 lg 1 Mittetulundus\u00fchingu liikmeks vastuv\u00f5tmise otsustab juhatus, kui seda ei ole p\u00f5hikirjaga antud \u00fcldkoosoleku v\u00f5i muu organi p\u00e4devusse.<\/p>\n<p>MT\u00dc sisseastumismaks on 15 eurot ja aastane liikmemaks 10 eurot. Liikme aastamaksu arvestus algab liikmeks vastuv\u00f5tmise kuup\u00e4evast.<\/p>\n<p>MT\u00dc juhatus saadab liikmeks vastuv\u00f5tmise kinnituse avaldusel olevale e-mailile.<\/p>\n<p>Palume teha \u00fclekanne 10 p\u00e4eva jooksul peale kinnituskirja saamist Inglise Buldogide Eesti Klubi MT\u00dc pangakontole.<\/p>\n<p>MT\u00dc Eesti Inglise Buldogide T\u00f5u\u00fching<\/p>\n<p>a\/a EE222200221067960959 SWEDBANK AS SWIFT kood\/BIC: HABAEE2X<\/p>\n<p>Reg nr: 80422790 Aadress: Kahek\u00fcla tee 41, Tallinn, 13516 Harju maakond<\/p>\n<p>E-mail: info@inglisebuldog.ee<\/p>\n<div class=\"__fb-light-mode om3e55n1\" role=\"row\">\n<div class=\"\">\n<div class=\"alzwoclg cqf1kptm om3e55n1\" tabindex=\"0\" role=\"gridcell\" data-scope=\"messages_table\" data-release-focus-from=\"CLICK\">\n<div class=\"alzwoclg\" role=\"none\">\n<div class=\"alzwoclg cgu29s5g i15ihif8 aeinzg81\" role=\"none\" data-testid=\"message-container\">\n<div class=\"k88nbmki alzwoclg cqf1kptm adechonz siu44isn lg77cbj3 gv6qu0l5\" role=\"none\">\n<div class=\"alzwoclg mfclru0v\" role=\"none\">\n<div class=\"hael596l alzwoclg cqf1kptm gvxzyvdx om3e55n1\">\n<div class=\"alzwoclg mfclru0v\" role=\"none\">\n<div class=\"k88nbmki alzwoclg cqf1kptm adechonz siu44isn gvxzyvdx cgu29s5g lg77cbj3\" role=\"none\">\n<div class=\"cgu29s5g jg3vgc78\" role=\"none\">\u00a0<\/div>\n<\/div>\n<\/div>\n<\/div>\n<\/div>\n<\/div>\n<\/div>\n<\/div>\n<\/div>\n<\/div>\n<\/div>\n<div class=\"__fb-light-mode om3e55n1\" role=\"row\">\n<div class=\"\">\n<div class=\"alzwoclg cqf1kptm om3e55n1\" tabindex=\"-1\" role=\"gridcell\" data-scope=\"messages_table\" data-release-focus-from=\"CLICK\">\n<div class=\"alzwoclg\" role=\"none\">\n<div class=\"alzwoclg cgu29s5g i15ihif8 aeinzg81 ov4vj3he\" role=\"none\" data-testid=\"message-container\">\n<div class=\"k88nbmki alzwoclg cqf1kptm adechonz siu44isn gv6qu0l5\" role=\"none\">\n<div class=\"k88nbmki alzwoclg cqf1kptm adechonz siu44isn gvxzyvdx c7y9u1f0 lg77cbj3\" role=\"none\">\u00a0<\/div>\n<\/div>\n<div class=\"k88nbmki alzwoclg cqf1kptm adechonz siu44isn gvxzyvdx c7y9u1f0 lg77cbj3\" role=\"none\">\n<div class=\"jez8cy9q alzwoclg cqf1kptm homhzfsx jcxyg2ei cgu29s5g om3e55n1 afopkvs9 p4n9ro91\" aria-hidden=\"true\">\n<div class=\"i85zmo3j homhzfsx alzwoclg ov4vj3he\" role=\"none\">MIKS ON HEA MEIE \u00dcHINGUGA LIITUDA?<\/div>\n<\/div>\n<\/div>\n<div class=\"k88nbmki alzwoclg cqf1kptm adechonz siu44isn gvxzyvdx cgu29s5g lg77cbj3\" role=\"none\">\u00a0<\/div>\n<\/div>\n<\/div>\n<\/div>\n<\/div>\n<\/div>\n<ul>\n<li><b>Ainus ainult Inglise buldogidele p\u00fchendunud \u00fchendus<\/b> \u2013 keskendume t\u00f5uomastele r\u00f5\u00f5mudele ja muredele.<\/li>\n<li><b>Kogenud kasvatajate ja v\u00e4rskete buldogiomanike kohtumispaik<\/b>&#8211; igak\u00fclgne ja igap\u00e4evane n\u00f5uande-abi k\u00f5ikv\u00f5imalike buldogi-probleemide lahendamisel.<\/li>\n<li><b>Aretust\u00f6\u00f6 ja kutsikainfo \u2013 <\/b>aretusprobleemid, tervisep\u00e4evade korraldamine,\u00a0nii kutsikahuvilistele kui kasvatajatele.<\/li>\n<li><b>Teavitust\u00f6\u00f6<\/b> t\u00f5ustandardi, tervise, igap\u00e4evase hoolduse ja koolituse alal.<\/li>\n<li><b>Kokkusaamised ja seminarid<\/b> \u2013 toimuvad ka n\u00e4itusetrennid ja samas on noorte buldogide sotsialiseerumiseks vajalik kohtumispaik.<\/li>\n<li><b>Tegevus \u00fcle vabariigi<\/b> \u2013 kuna meie liikmete hulgas on inimesi nii Tartust, Otep\u00e4\u00e4lt, P\u00f5lvast, Hiiumaalt, P\u00e4rnust, Viljandist kui ka Tallinnast \u2013 ja veel paljudest kohtadest \u2013 siis \u00fcritame korraldada \u00fcritusi ja kokkusaamisi kohtades, kus hooajaliselt on m\u00f5nus olla \u2013 suvel P\u00e4rnus v\u00f5i Hiiumaal, talvel Otep\u00e4\u00e4l jne.<\/li>\n<li><b>Inglise buldogi kasvatajate ja -omanike s\u00f5bralik ja \u00fchtne pere.<\/b><\/li>\n<\/ul>\n<p><span style=\"color: #993300;\"><strong>K\u00f5iki buldogihuvilisi ootame astuma meie t\u00f5u\u00fchingu ametlikuks liikmeks.<\/strong><\/span>\u00a0<\/p>\n<p>KUI ON K\u00dcSIMUSI LIITUMISE SOOVI KOHTA, siis palume samuti saata e-kiri eelpoolnimetatud aadressil.<\/p>\n<p><strong>MEIE KOOST\u00d6\u00d6PARTNER &#8211;\u00a0<\/strong><\/p>\n\n\n<figure class=\"wp-block-gallery has-nested-images columns-default is-cropped wp-block-gallery-1 is-layout-flex wp-block-gallery-is-layout-flex\">\n<figure class=\"wp-block-image size-large\"><img loading=\"lazy\" decoding=\"async\" width=\"380\" height=\"254\" data-id=\"486\" src=\"https:\/\/inglisebuldog.ee\/wp-content\/uploads\/2020\/03\/logo.jpg\" alt=\"\" class=\"wp-image-486\" srcset=\"https:\/\/inglisebuldog.ee\/wp-content\/uploads\/2020\/03\/logo.jpg 380w, https:\/\/inglisebuldog.ee\/wp-content\/uploads\/2020\/03\/logo-300x201.jpg 300w\" sizes=\"auto, (max-width: 380px) 100vw, 380px\" \/><figcaption class=\"wp-element-caption\"><a href=\"https:\/\/www.kuivtoit.ee\/\">https:\/\/www.kuivtoit.ee\/<\/a><\/figcaption><\/figure>\n\n\n\n<figure class=\"wp-block-image size-large\"><img loading=\"lazy\" decoding=\"async\" width=\"1024\" height=\"267\" data-id=\"488\" src=\"https:\/\/inglisebuldog.ee\/wp-content\/uploads\/2020\/03\/Untitled-1024x267.png\" alt=\"\" class=\"wp-image-488\" srcset=\"https:\/\/inglisebuldog.ee\/wp-content\/uploads\/2020\/03\/Untitled-1024x267.png 1024w, https:\/\/inglisebuldog.ee\/wp-content\/uploads\/2020\/03\/Untitled-300x78.png 300w, https:\/\/inglisebuldog.ee\/wp-content\/uploads\/2020\/03\/Untitled-768x201.png 768w, https:\/\/inglisebuldog.ee\/wp-content\/uploads\/2020\/03\/Untitled.png 1428w\" sizes=\"auto, (max-width: 1024px) 100vw, 1024px\" \/><\/figure>\n<\/figure>\n","protected":false},"excerpt":{"rendered":"<p>TULEMAS TERVISETESTIDE P\u00c4EV VILJANDIS REGISTREERUMISE LINK &#8211;\u00a0PALUME T\u00c4ITA REGISTREERUMINE SIIN \u00a0 Tere tulemast Eesti Inglise buldogide t\u00f5u\u00fchingu veebipessa. K\u00f5iki buldogihuvilisi ootame astuma meie t\u00f5u\u00fchingu ametlikuks liikmeks. Meiega liitumiseks saada sooviavaldus info@inglisebuldog.ee Sooviavalduse v\u00f5ib esitada vabas vormis, kuid selleks, et saame Teie liitumise kinnitada ning liikmeks vastu v\u00f5tta, veendu, et sooviavaldusele on lisatud k\u00f5ik vajalikud andmed! <a href=\"https:\/\/inglisebuldog.ee\/gb\/\" class=\"read-more inline\">Read More<\/a><\/p>\n","protected":false},"author":2,"featured_media":0,"parent":0,"menu_order":0,"comment_status":"closed","ping_status":"closed","template":"","meta":{"_exactmetrics_skip_tracking":false,"_exactmetrics_sitenote_active":false,"_exactmetrics_sitenote_note":"","_exactmetrics_sitenote_category":0,"footnotes":""},"class_list":["post-9","page","type-page","status-publish","hentry"],"translation":{"provider":"WPGlobus","version":"3.0.2","language":"gb","enabled_languages":["ee","gb","ru"],"languages":{"ee":{"title":true,"content":true,"excerpt":false},"gb":{"title":false,"content":false,"excerpt":false},"ru":{"title":false,"content":false,"excerpt":false}}},"_links":{"self":[{"href":"https:\/\/inglisebuldog.ee\/gb\/wp-json\/wp\/v2\/pages\/9","targetHints":{"allow":["GET"]}}],"collection":[{"href":"https:\/\/inglisebuldog.ee\/gb\/wp-json\/wp\/v2\/pages"}],"about":[{"href":"https:\/\/inglisebuldog.ee\/gb\/wp-json\/wp\/v2\/types\/page"}],"author":[{"embeddable":true,"href":"https:\/\/inglisebuldog.ee\/gb\/wp-json\/wp\/v2\/users\/2"}],"replies":[{"embeddable":true,"href":"https:\/\/inglisebuldog.ee\/gb\/wp-json\/wp\/v2\/comments?post=9"}],"version-history":[{"count":38,"href":"https:\/\/inglisebuldog.ee\/gb\/wp-json\/wp\/v2\/pages\/9\/revisions"}],"predecessor-version":[{"id":1016,"href":"https:\/\/inglisebuldog.ee\/gb\/wp-json\/wp\/v2\/pages\/9\/revisions\/1016"}],"wp:attachment":[{"href":"https:\/\/inglisebuldog.ee\/gb\/wp-json\/wp\/v2\/media?parent=9"}],"curies":[{"name":"wp","href":"https:\/\/api.w.org\/{rel}","templated":true}]}}