{"id":331,"date":"2018-04-18T08:42:29","date_gmt":"2018-04-18T08:42:29","guid":{"rendered":"https:\/\/inglisebuldog.ee\/?page_id=331"},"modified":"2022-08-11T08:21:12","modified_gmt":"2022-08-11T08:21:12","slug":"tervisetesti-korraldamise-kord","status":"publish","type":"page","link":"https:\/\/inglisebuldog.ee\/gb\/tervis\/tervisetestid\/tervisetesti-korraldamise-kord\/","title":{"rendered":"Tervisetesti korraldamise kord"},"content":{"rendered":"<p><strong>KOORMUSTESTI KODUKORD JA JUHEND<\/strong><\/p>\n<ul>\n<li>Testile tulijad olgu kohal umbes 10 minutit enne oma plaanitud testi(de) aja algust. Juhul, kui su koer erutub autos\u00f5idu varu aega tema rahunemiseks.<\/li>\n<li>Enne testile minekut ei ole m\u00f5tet testi kuskil v\u00e4ljas ringi tormata ja teistega m\u00e4ngida, ehkki see on vahva, aga seda saab teha p\u00e4rast testi.<\/li>\n<li>Arvesta, et auto ei oleks ootamise ajal palav\/kuum.<\/li>\n<li>Koerad on testimise ruumides oleku ajal rihmas.<\/li>\n<li>Koormustesti siseruum on toatemperatuuriga \u2013 kohale tulijad olgu vastavalt riides. Koormustesti rada eeldab koeraga rajale minejalt mugavat sportlikku riietust ja mugavaid jalatseid.<\/li>\n<li>Koeraga palume puhtust pidada. V\u00f5imaliku \u00e4parduse korral peab toimuma kohene koristus. Korraldajatel on vastavad koristusvahendid varutud. Kui koer testirajal midagi teeb, siis tuleb korraldustiim appi. V\u00e4ljaspool testirada peab omanik olema valmis koheselt oma koera j\u00e4relt koristama.<\/li>\n<li>Koeraomanik v\u00f5tku kindlasti kaasa joogin\u00f5u koerale, et kohe testirajalt tulles koerale juua pakkuda. Vesi on kohapeal olemas.<\/li>\n<li>Testi ruumi sisenedes katsume k\u00e4ituda v\u00f5imalikult vaikselt ja rahulikult \u2013 et mitte h\u00e4irida rajal viibivat looma.<\/li>\n<\/ul>\n<p><strong>Koormustestile j\u00f5udes<\/strong><\/p>\n<ul>\n<li>Anna korraldajale teada, et ole kohale j\u00f5udnud.<\/li>\n<li>Koeral peaks kaasas olema puur ja puuri kate, et ta vajadusel oma testiaega sinna ootama panna (juhul kui v\u00e4ljas on palav ja autos ei ole kliimaseadet).<\/li>\n<li>Kui koer ootab oma testiaega autos, siis veenduge, et seal oleks jahe v\u00f5i oleks seal kliimaseade.<\/li>\n<li>Koormustestile saabuva looma \u00fclevaatus on saalist Seal kontrollitakse kiipi, vaadatakse koer \u00fcle ja vaadatakse koos koormustesti blankett \u00fcle.<\/li>\n<\/ul>\n<ul>\n<li>Testile tulijad olgu kohal veidi enne oma plaanitud testi(de) aja algust. Kui esimese testina on m\u00e4rgitud silmauuring, siis tuleb kohal olla v\u00e4hemalt 20minutit enne, et saaks koerale vajaliku aine silma tilgutada- selle m\u00f5juma hakkamise aeg on 20minutit.<\/li>\n<li>ei ole m\u00f5tet enne testi kuskil v\u00e4ljas ringi tormata ja teistega m\u00e4ngida, ehkki see on vahva, aga seda saab teha p\u00e4rast testi. Ka peab arvestama, et auto ei oleks kuum.<\/li>\n<li>Koerad on spordihoones oleku ajal rihmas.<\/li>\n<li>Koormustesti saaliruum on toatemperatuuriga \u2013 kohale tulijad olgu vastavalt riides. Vahetusjalatsid on n\u00f5utavad. Koormustesti rada eeldab koeraga rajale minejalt mugavat sportlikku riietust.<\/li>\n<li>Koeraga palume puhtust pidada. V\u00f5imaliku \u00e4parduse korral peab toimuma kohene koristus. Korraldajatel on vastavad koristusvahendid varutud. Kui koer testirajal midagi teeb, siis tuleb korraldustiim appi. V\u00e4ljaspool testirada peab omanik olema valmis koheselt oma koera j\u00e4relt koristama.<\/li>\n<li>Koeraomanik v\u00f5tku kindlasti kaasa joogin\u00f5u koerale, et kohe testirajalt tulles koerale juua pakkuda. Vesi on kohapeal olemas.<\/li>\n<li>Spordihoonesse saabudes katsume k\u00e4ituda v\u00f5imalikult vaikselt ja rahulikult \u2013 et mitte h\u00e4irida rajal viibivat looma.<\/li>\n<\/ul>\n<p><strong>Koormustestile saabumine<\/strong><\/p>\n<ul>\n<li>Koormustestile saabuva looma \u00fclevaatus on saalist v\u00e4ljas, eraldi ruumis. Seal kontrollitakse kiipi, vaadatake koer \u00fcle ja vaadatakse koos koormustesti blankett \u00fcle. Seal ruumis saab omanik t\u00e4ita ka muude testide blanketid.<\/li>\n<li>Koeral peaks kaasas olema puur ja puuri kate, et ta vajadusel oma testiaega sinna ootama panna.<\/li>\n<li>Kui koer ootab oma testiaega autos, siis veenduge, et seal oleks jahe v\u00f5i oleks seal kliimaseade.<\/li>\n<\/ul>\n<p><strong>Koormustesti ajal<\/strong><\/p>\n<ul>\n<li>Koer peab raja l\u00e4bima rahulikus k\u00f5nnitempos v\u00f5i kerge traaviga. Kiire jooks ja galopeerimine pole testi eeskirjas lubatud ja pole ka vajalikud.<\/li>\n<li>Koormustesti toimumise ajal peaks saalis olema v\u00f5imalikult v\u00e4he tegureid, mis p\u00f5hjustaks v\u00e4listest \u00e4rritajatest tingitud erutust ja seega kehatemperatuuri t\u00f5usu. Rada on eraldatud nii \u00f6elda sirmiga, et testile tulevad koerad ei \u00e4rritaks seda, kes rajal liigub, ka testi j\u00e4rgne puhkeala on eraldi ja eraldatud tekkidega, et loomad saaksid rahus rahuneda.<\/li>\n<li>Koormustesti ringe loeb selleks m\u00e4\u00e4ratud korraldustiimi liige \u2013 ja ta annab rajal olijale ka regulaaset teavet rajal oldud aja kohta.<\/li>\n<\/ul>\n<p><strong>Peale koormustesti<\/strong><\/p>\n<ul>\n<li>Koormustesti j\u00e4rgne esimene temperatuur m\u00f5\u00f5detakse otse finisipunktis rajal, sekund peale koera trassilt tulekut.<\/li>\n<li>Sealt edasi suundub koer eraldatud puhkealale, kus tal on ette n\u00e4htud 15 minutit puhkeaega (taastumisaeg), vahetult mille j\u00e4rel m\u00f5\u00f5detakse taastumistemperatuur.<\/li>\n<li>K\u00f5ik see \u2013 eelnev ja j\u00e4rgnev \u2013 peab toimuma vaikses, rahulikus \u00f5hkkonnas.<\/li>\n<\/ul>\n<p><strong>J\u00e4rgnevalt t\u00e4pne (ametlikult Eesti Kennelliidu poolt kinnitatud) koormustesti korraldamise juhend &#8211;<\/strong><\/p>\n<p align=\"CENTER\"><strong><span style=\"font-size: large;\">Koormustest<\/span><\/strong><\/p>\n<p><span style=\"font-size: medium;\">Koera koormustaluvust ja v\u00f5imet hingata normaalselt hinnatakse koormustesti ja kliinilis<\/span><span style=\"font-size: medium;\">e l\u00e4bivaatuse abil.<\/span><\/p>\n<p><span style=\"font-size: medium;\">Koormustest on m\u00f5eldud l\u00fchikoonuliste (brahh\u00fctsefaalsete) t\u00f5ugude, kellel esinevad kitsad \u00fclemised hingamisteed, hingamise ja kehatemperatuuri reguleerimise hindamiseks.<\/span><\/p>\n<p><span style=\"font-size: medium;\"><b>Koormustestil osalemine<\/b><\/span><\/p>\n<p><span style=\"font-size: medium;\">Koormustestil osalemiseks peab koer olema \u00fcle 1 aasta vana, n\u00f5uetekohaselt identifitseeritud ja vaktsineeritud.<\/span><\/p>\n<p><span style=\"font-size: medium;\">Testil ei soovitata osaleda:<\/span><\/p>\n<p><span style=\"font-size: medium;\">1. koertel, kellel on ilmsed hingamise probleemid;<\/span><\/p>\n<p><span style=\"font-size: medium;\">2. koertel, kellel on tehtud hingamisteede ja\/v\u00f5i ortopeedilisi operatsioone;<\/span><\/p>\n<p><span style=\"font-size: medium;\">3. koertel, kes on haiged;<\/span><\/p>\n<p><span style=\"font-size: medium;\">4. emasloomadel, kellel on oletatava poegimiseni j\u00e4\u00e4nud v\u00e4hem kui 30 p\u00e4eva ja kelle poegimisest on m\u00f6\u00f6das v\u00e4hem kui 75 p\u00e4eva.<\/span><\/p>\n<p><span style=\"font-size: medium;\">Testi tegemise juures peab viibima v\u00e4hemalt \u00fcks loomaarst. Loomaarst otsustab p\u00e4rast esialgset koera l\u00e4bivaatust viimase p\u00e4\u00e4su koormustestile. Loomarstil on \u00f5igus test katkestada, kui tekib oht koera tervisele. Koer testitakse alati omaniku vastutusel.<\/span><\/p>\n<p><span style=\"font-size: medium;\">Koera l\u00e4bivaatuse info ja kogutud andmed p\u00e4rast testi dokumenteeritakse vastavasisulisel vormil ning andmed on avalikult kasutatavad Eesti Kenneliidu, t\u00f5u\u00fchingute ja loomaarstide poolt.<\/span><\/p>\n<p><span style=\"font-size: medium;\"><b>Testi korraldamise koht ja tingimused<\/b><\/span><\/p>\n<p><span style=\"font-size: medium;\">Koormustest korraldatakse eelistatult sisetingimustes. V\u00e4ljas testi korraldamisel peab ilm olema kuiv, vihmaga testi korraldada ei tohi. Rada testiks m\u00e4rgistatakse ning tutvustatakse osalejatele. Rada peab olema koerale ohutu.<\/span><\/p>\n<p><span style=\"font-size: medium;\">\u00d5hutemperatuur testi korraldamisel peab olema m\u00e4\u00e4ratud ning peab j\u00e4\u00e4ma 15\u201324<\/span><span style=\"font-size: medium;\">\u02da<\/span><span style=\"font-size: medium;\">C vahele.<\/span><\/p>\n<p><span style=\"font-size: medium;\">Testile p\u00e4\u00e4semise ooteala peab olema piisavalt kaugel l\u00e4bitavast testirajast.<\/span><\/p>\n<p><span style=\"font-size: medium;\">Isik, kes liigub koos koeraga testi ajal, peab olema looma omanik v\u00f5i omaniku poolt m\u00e4\u00e4ratud inimene (h\u00e4ndler).<\/span><\/p>\n<p><span style=\"font-size: medium;\">Koer peab testi tegemise ajal olema rihma otsas. Koer peab testil k\u00f5ndima v\u00f5i traavima, lubatud ei ole galopp. Kaasas liikuv inimene v\u00f5ib joosta, kui koera liikumise r\u00fctm seda vajab.<\/span><\/p>\n<p><span style=\"font-size: medium;\"><b>Testi tegemise kord<\/b><\/span><\/p>\n<p><span style=\"font-size: medium;\">1. Kontrollitakse koera ID-number.<\/span><\/p>\n<p><span style=\"font-size: medium;\">2. Tehakse koera kliiniline l\u00e4bivaatus ning t\u00e4idetakse vastavasisuline vorm.<\/span><\/p>\n<p><span style=\"font-size: medium;\">3. Kui koer alustab k\u00f5ndimist, pannakse k\u00e4ima kell\/taimer.<\/span><\/p>\n<p><span style=\"font-size: medium;\">4. Koer jalutab rihma otsas vastavalt t\u00f5ule 1000 m v\u00f5i 800 m.<\/span><\/p>\n<p><span style=\"font-size: medium;\">5. Kui n\u00f5utud maa on l\u00e4bitud:<\/span><\/p>\n<p><span style=\"font-size: medium;\"> 1) peatatakse kell\/taimer ja koera liikumine, raja l\u00e4bimise aeg kantakse vormile. Hinnatakse hingamisel tekkivaid helisid ja hingamisraskust, m\u00e4\u00e4ratakse BOAS aste (brahh\u00fctsefaalne obstruktiivne hingamisteede s\u00fcndroom) (lisa 1.). M\u00f5\u00f5detakse koera kehatemperatuur, et hinnata koormuse ajal tekkivat \u00fclekuumenemist;<\/span><\/p>\n<p><span style=\"font-size: medium;\"> 2) k\u00e4ivitatakse kell\/taimer kohe uuesti kui loom on l\u00f5petanud k\u00f5ndimise koormusest taastumise ajaks, milleks on 15 min.<\/span><\/p>\n<p><span style=\"font-size: medium;\">6. Taastumisaeg on 15 min. Koer peab viibima omaniku\/h\u00e4ndleri juures, samas ruumis, kus test tehti. Looma ei tohi jahutada mingil muul moel, kui vaid vee joomise v\u00f5imaldamisega (v\u00e4ljaarvatud juhul, kui looma elu on ohus, siis loetakse koer ka testi mittel\u00e4binuks).<\/span><\/p>\n<p><span style=\"font-size: medium;\">7. Taastumisaja j\u00e4rel tehakse uus kliiniline l\u00e4bivaatus, m\u00f5\u00f5detakse s\u00fcdamesagedus ja kehatemperatuur, andmed kantakse vormile.<\/span><\/p>\n<p><span style=\"font-size: medium;\">8. Vastavalt tulemustele annab loomaarst, kas kohe v\u00f5i hiljem, kokkuv\u00f5tva otsuse testi l\u00e4bimise kohta.<\/span><\/p>\n<p><span style=\"font-size: medium;\"><b>Kliiniline l\u00e4bivaatus<\/b><\/span><\/p>\n<p><span style=\"font-size: medium;\">Loomaarst hindab koera \u00fcldist olekut ja hingamist. Koer ei p\u00e4\u00e4se testile, kui tal esineb raskusi hingamisega, tema limaskestad on sinaka tooniga, kehatemperatuur on k\u00f5rgem kui keskmine normaalne (39,3<\/span><span style=\"font-size: medium;\">\u02da<\/span><span style=\"font-size: medium;\">C) v\u00f5i tema \u00fcldine olek on ebanormaalne. M\u00f5\u00f5detakse koera s\u00fcdamesagedus ning kehatemperatuur. L\u00e4bivaatuse leiud m\u00e4rgitakse vormile.<\/span><\/p>\n<p><span style=\"font-size: medium;\">Hinnatakse ninas\u00f5\u00f5rmete suurust, stenoosi (lisa 2.), tulemus m\u00e4rgitakse vormile.<\/span><\/p>\n<p><span style=\"font-size: medium;\">Hinnatakse koera \u00fclemiste hingamisteede helisid enne testi ja testi j\u00e4rel ning m\u00e4rgitakse vormile.<\/span><\/p>\n<p><span style=\"font-size: medium;\"><b>Testi ajal<\/b><\/span><\/p>\n<p><span style=\"font-size: medium;\">Kui testi ajal tekivad koeral hingamisraskused v\u00f5i loomaarst m\u00e4rkab ohtu looma tervisele (nt kuumarabandus), test l\u00f5petatakse ja koer m\u00e4rgitakse testi mittel\u00e4binuks.<\/span><\/p>\n<p><span style=\"font-size: medium;\">Test m\u00e4rgitakse katkestatuks, kui testi ajal tekivad muudel p\u00f5hjustel (nt v\u00e4ga tugev longe), kui hingamisteede probleemist v\u00f5i kuumarabandusest tingitud, testimise peatamine. Katkestamise p\u00f5hjus m\u00e4rgitakse vormile.<\/span><\/p>\n<p><span style=\"font-size: medium;\"><b>Testi j\u00e4rel<\/b><\/span><\/p>\n<p><span style=\"font-size: medium;\">Taastumisaeg (15 min) algab kohe p\u00e4rast n\u00f5utud maa l\u00e4bimist. Kohe p\u00e4rast testi m\u00f5\u00f5detakse koera kehatemperatuur, et avastada varakult kuumarabanduse olemasolu. Kui koera kehatemperatuur on \u00fcle 39,5<\/span><span style=\"font-size: medium;\">\u02da<\/span><span style=\"font-size: medium;\">C, test katkestatakse ning koerale antakse vajalik esmaabi (sellisel juhul loetakse koer testi mittel\u00e4binuks).<\/span><\/p>\n<p><span style=\"font-size: medium;\">Hinnatakse koera kliiniline BOAS aste (lisa 1) ning m\u00e4rgitakse vormile.<\/span><\/p>\n<p><span style=\"font-size: medium;\"><b>Taastumisaja j\u00e4rel<\/b><\/span><\/p>\n<p><span style=\"font-size: medium;\">Koera s\u00fcdamesagedus ja kehatemperatuur m\u00f5\u00f5detakse uuesti, kui koormustesti l\u00f5petamisest on m\u00f6\u00f6dunud 15 min ning hinnatakse ka koera \u00fcldist olekut (\u00fcldine olek peab olema normaalne). P\u00f5hinedes m\u00f5\u00f5detud tulemustele hindab loomaarst kas koer on taastunud koormuseelsesse seisundisse ning m\u00e4rgib selle vormile.<\/span><\/p>\n<p><span style=\"font-size: medium;\"><b>Testi kokkuv\u00f5te.<\/b><\/span><\/p>\n<p><span style=\"font-size: medium;\">Testi kokkuv\u00f5te p\u00f5hineb koera koormustaluvusel ja\/v\u00f5i kliinilise l\u00e4bivaatuse tulemusel. Loomaarst otsustab kokkuv\u00f5tva tulemuse. Vajadusel kasutatakse hindamisel lisaks t\u00f5uspetsiifilisi rajal\u00e4bimise ajalimiite.<\/span><\/p>\n<p><span style=\"font-size: medium;\">Loomaarst m\u00e4rgib vormile kokkuv\u00f5tte:<\/span><\/p>\n<p>\u201e<span style=\"font-size: medium;\">Test l\u00e4bitud\u201c<\/span><\/p>\n<ul>\n<li><span style=\"font-size: medium;\">Koer l\u00e4bib 1000 m 12 minuti (800 m 10 min) v\u00f5i v\u00e4hema aja jooksul ning taastub koormusest piisavalt j\u00e4rgneva 15 minuti jooksul.<\/span><\/li>\n<li><span style=\"font-size: medium;\">Koera kehatemperatuur ei pea langema testieelsele tasemele, kui koera \u00fcldine olek on t\u00e4iesti normaalne ja loomaarst loeb koera koormusest taastunuks.<\/span><\/li>\n<\/ul>\n<p>\u201e<span style=\"font-size: medium;\">Test mittel\u00e4bitud\u201c<\/span><\/p>\n<ul>\n<li><span style=\"font-size: medium;\">Kui loomaarst, p\u00f5hinedes esmasele kliinilisele l\u00e4bivaatusele, m\u00e4rgib, et koeral on hingamisraskus, limaskestad sinaka tooniga ja\/v\u00f5i kehatemperatuur \u00fcle keskmise normi (\u00fcle 39,3<\/span><span style=\"font-size: medium;\">\u02da<\/span><span style=\"font-size: medium;\">C, h\u00fcpertermia).<\/span><\/li>\n<li><span style=\"font-size: medium;\">Kui loomaarst l\u00f5petab testi hingamisraskuste tekkimise korral koeral testi tegemise ajal.<\/span><\/li>\n<li><span style=\"font-size: medium;\">Kui koera kehatemperatuur koormusj\u00e4rgselt \u00fcletab 39,5<\/span><span style=\"font-size: medium;\">\u02da<\/span><span style=\"font-size: medium;\">C.<\/span><\/li>\n<li><span style=\"font-size: medium;\">Koer ei ole v\u00f5imeline l\u00e4bima n\u00f5utud maad 12 min (10 min) jooksul ja\/v\u00f5i ei taastu koormuseelsele tasemele 15 min jooksul.<\/span><\/li>\n<\/ul>\n<p>\u201e<span style=\"font-size: medium;\">Test katkestatud\u201c<\/span><\/p>\n<ul>\n<li><span style=\"font-size: medium;\">Kui loomaarst m\u00e4rkab koeral teisi n\u00e4htavaid haigusi (v\u00e4ljaarvatud hingamisteede probleemid ja h\u00fcpertermia), mis takistavad testile minekut ja\/v\u00f5i testi tegemist.<\/span><\/li>\n<li><span style=\"font-size: medium;\">Test katkestatakse omaniku v\u00f5i h\u00e4ndleri poolt.<\/span><\/li>\n<\/ul>\n<p><span style=\"font-size: medium;\">Tulemusega \u201etest mittel\u00e4bitud\u201c p\u00e4\u00e4seb koer uuesti testile vaid \u00fche korra, kuid mitte varem kui 6 kuud on m\u00f6\u00f6dunud eelmisest testist.<\/span><\/p>\n<p><span style=\"font-size: medium;\">Tulemusega \u201etest katkestatud\u201c on v\u00f5imalik koeral teha uut testi kuni kaks korda ilma ajalise piiranguta testide vahel.<\/span><\/p>\n<p>Korralduse juhend ja kodukord vastu v\u00f5etud ja digiallkirjastatud Eesti Buldogide Eesti Klubi juhatuse otsusega 18.aprillil 2018.a.<\/p>\n<p>Testi v\u00e4ljat\u00f6\u00f6tamisel on aluseks v\u00f5etud Cambridge ja Helsinki \u00fclikoolide vastavasisulised teadusuuringud.<\/p>\n<h1 class=\"has-medium-font-size\"><strong>&nbsp;Viited<\/strong><\/h1>\n<p><a href=\"https:\/\/figshare.com\/articles\/dataset\/_Characterisation_of_Brachycephalic_Obstructive_Airway_Syndrome_in_French_Bulldogs_Using_Whole_Body_Barometric_Plethysmography_\/1451173\">Nai-Chieh Liu, David R. Sargan, Vicki J. Adams, Jane F. Ladlow, 15.06.2015.&nbsp; Characterisation of Brachycephalic Obstructive Airway Syndrome in French Bulldogs Using Whole-Body Barometric Plethysmography.\u201d<\/a><\/p>\n<p><a href=\"https:\/\/drive.google.com\/file\/d\/1Fga3USXi7CaIS7j2parXL9jPQUJhneTB\/view?usp=sharing\">Liisa Lilja-Maula, Anu K. Lappalainen, Heli K. Hyyti\u00e4inen, Erja Kuusela, Mirja Kaimio,Kirsti Schildt, Sari M\u00f6ls\u00e4, Mikael Morelius, Minna M. Rajam\u00e4k, 27.11.2016. Comparison of submaximal exercise test results and severity of brachycephalic obstructive airway syndrome in English bulldogs.<\/a><\/p>\n<p><a href=\"https:\/\/drive.google.com\/file\/d\/17brBKFWkwID40L1kwhTkPe_JQOghhuMm\/view?usp=sharing\">M Aromaa, L Lilja-Maula, Minna M. Rajam\u00e4ki, 2019. Assessment of welfare and brachycephalic obstructive airway syndrome signs in young, breeding age French Bulldogs and Pugs, using owner questionnaire, physical examination and walk tests.<\/a><\/p>\n<h1 class=\"has-medium-font-size\"><strong><u>Lisa 1<br \/>\n<\/u>Brahh\u00fctsefaalse obstruktiivse hingamisteede s\u00fcndroomi (BOAS aste) hindamine kliiniliste tunnuste alusel<\/strong>&nbsp;(Lilja-Maula et al. 2017, modifitseeritud Liu et al. 2015)<\/h1>\n<figure class=\"wp-block-image size-large is-resized\"><a href=\"https:\/\/est-griffon.com\/wp-content\/uploads\/2022\/04\/image.png\"><img loading=\"lazy\" decoding=\"async\" class=\"wp-image-1400\" src=\"https:\/\/est-griffon.com\/wp-content\/uploads\/2022\/04\/image-1024x626.png\" sizes=\"auto, (max-width: 842px) 100vw, 842px\" srcset=\"https:\/\/est-griffon.com\/wp-content\/uploads\/2022\/04\/image-1024x626.png 1024w, https:\/\/est-griffon.com\/wp-content\/uploads\/2022\/04\/image-300x183.png 300w, https:\/\/est-griffon.com\/wp-content\/uploads\/2022\/04\/image-768x469.png 768w, https:\/\/est-griffon.com\/wp-content\/uploads\/2022\/04\/image.png 1052w\" alt=\"\" width=\"842\" height=\"514\"><\/a><\/figure>\n<figure class=\"wp-block-image size-full\"><a href=\"https:\/\/est-griffon.com\/wp-content\/uploads\/2022\/04\/image-2.png\"><img loading=\"lazy\" decoding=\"async\" class=\"wp-image-1402\" src=\"https:\/\/est-griffon.com\/wp-content\/uploads\/2022\/04\/image-2.png\" sizes=\"auto, (max-width: 1007px) 100vw, 1007px\" srcset=\"https:\/\/est-griffon.com\/wp-content\/uploads\/2022\/04\/image-2.png 1007w, https:\/\/est-griffon.com\/wp-content\/uploads\/2022\/04\/image-2-300x96.png 300w, https:\/\/est-griffon.com\/wp-content\/uploads\/2022\/04\/image-2-768x245.png 768w\" alt=\"\" width=\"1007\" height=\"321\"><\/a><\/figure>\n<p><sup>a<\/sup>BOAS aste: 0 = puudub; 1 = kerge; 2 = keskmine; 3 =tugevad tunnused.<br \/>\n<strong><sup>b<\/sup><\/strong><sup>&nbsp;<\/sup>BOAS astet t\u00f5stetakse kui koeral on k\u00f5ik kliinilised tunnused \u00fclemistes piirides.<br \/>\n<strong><sup>c&nbsp;<\/sup><\/strong>Kuuldav \u00fclemiste hingamisteede heli auskultatsiooni kasutamata.<br \/>\n<strong><sup>d&nbsp;<\/sup><\/strong>T\u00e4iendavate hingamislihaste kasutamine esineb kui on n\u00e4htav ninas\u00f5\u00f5rmete tahtlik laiendamine, suurenenud v\u00f5i pingutatud rinnakorvi ja k\u00f5huseina liikumine.<br \/>\n<strong><sup>e&nbsp;<\/sup><\/strong>Pidev, m\u00f5\u00f5dukas nina stenoosi heli nuusutamisel\/nuuskimisel loetakse ka kergeks \u00fclemiste hingamisteede heliks.<br \/>\n<strong><sup>f&nbsp;<\/sup><\/strong>Kui leitakse, siis koera BOAS aste on alati 3, hoolimata teistest tunnustest.<br \/>\n<strong>Koera BOAS aste (0, 1, 2 v\u00f5i 3) m\u00e4rgitakse koormustesti blanketile ja tulemus kantakse Eesti Kennelliidu t\u00f5uregistrisse testi korraldaja poolt esitatud dokumentide alusel.&nbsp;<\/strong><\/p>\n<h1 class=\"has-medium-font-size\"><strong><u>Lisa 2<\/u><br \/>\nNinas\u00f5\u00f5rmete suurus, stenoosi aste.<\/strong><\/h1>\n<figure class=\"wp-block-image size-large\"><a href=\"https:\/\/est-griffon.com\/wp-content\/uploads\/2022\/04\/image-3.png\"><img loading=\"lazy\" decoding=\"async\" class=\"wp-image-1403\" src=\"https:\/\/est-griffon.com\/wp-content\/uploads\/2022\/04\/image-3-738x1024.png\" sizes=\"auto, (max-width: 738px) 100vw, 738px\" srcset=\"https:\/\/est-griffon.com\/wp-content\/uploads\/2022\/04\/image-3-738x1024.png 738w, https:\/\/est-griffon.com\/wp-content\/uploads\/2022\/04\/image-3-216x300.png 216w, https:\/\/est-griffon.com\/wp-content\/uploads\/2022\/04\/image-3-768x1065.png 768w, https:\/\/est-griffon.com\/wp-content\/uploads\/2022\/04\/image-3.png 940w\" alt=\"\" width=\"738\" height=\"1024\"><\/a><\/figure>\n<p><img decoding=\"async\" src=\"https:\/\/inglisebuldog.ee\/wp-content\/uploads\/2022\/01\/BLANKETI-VORM-pildina.jpg\"><\/p>\n","protected":false},"excerpt":{"rendered":"<p>KOORMUSTESTI KODUKORD JA JUHEND Testile tulijad olgu kohal umbes 10 minutit enne oma plaanitud testi(de) aja algust. Juhul, kui su koer erutub autos\u00f5idu varu aega tema rahunemiseks. Enne testile minekut ei ole m\u00f5tet testi kuskil v\u00e4ljas ringi tormata ja teistega m\u00e4ngida, ehkki see on vahva, aga seda saab teha p\u00e4rast testi. Arvesta, et auto ei <a href=\"https:\/\/inglisebuldog.ee\/gb\/tervis\/tervisetestid\/tervisetesti-korraldamise-kord\/\" class=\"read-more inline\">Read More<\/a><\/p>\n","protected":false},"author":2,"featured_media":0,"parent":322,"menu_order":0,"comment_status":"closed","ping_status":"closed","template":"","meta":{"_exactmetrics_skip_tracking":false,"_exactmetrics_sitenote_active":false,"_exactmetrics_sitenote_note":"","_exactmetrics_sitenote_category":0,"footnotes":""},"class_list":["post-331","page","type-page","status-publish","hentry"],"translation":{"provider":"WPGlobus","version":"3.0.2","language":"gb","enabled_languages":["ee","gb","ru"],"languages":{"ee":{"title":true,"content":true,"excerpt":false},"gb":{"title":false,"content":false,"excerpt":false},"ru":{"title":false,"content":false,"excerpt":false}}},"_links":{"self":[{"href":"https:\/\/inglisebuldog.ee\/gb\/wp-json\/wp\/v2\/pages\/331","targetHints":{"allow":["GET"]}}],"collection":[{"href":"https:\/\/inglisebuldog.ee\/gb\/wp-json\/wp\/v2\/pages"}],"about":[{"href":"https:\/\/inglisebuldog.ee\/gb\/wp-json\/wp\/v2\/types\/page"}],"author":[{"embeddable":true,"href":"https:\/\/inglisebuldog.ee\/gb\/wp-json\/wp\/v2\/users\/2"}],"replies":[{"embeddable":true,"href":"https:\/\/inglisebuldog.ee\/gb\/wp-json\/wp\/v2\/comments?post=331"}],"version-history":[{"count":6,"href":"https:\/\/inglisebuldog.ee\/gb\/wp-json\/wp\/v2\/pages\/331\/revisions"}],"predecessor-version":[{"id":724,"href":"https:\/\/inglisebuldog.ee\/gb\/wp-json\/wp\/v2\/pages\/331\/revisions\/724"}],"up":[{"embeddable":true,"href":"https:\/\/inglisebuldog.ee\/gb\/wp-json\/wp\/v2\/pages\/322"}],"wp:attachment":[{"href":"https:\/\/inglisebuldog.ee\/gb\/wp-json\/wp\/v2\/media?parent=331"}],"curies":[{"name":"wp","href":"https:\/\/api.w.org\/{rel}","templated":true}]}}