{"id":322,"date":"2018-04-18T08:34:33","date_gmt":"2018-04-18T08:34:33","guid":{"rendered":"https:\/\/inglisebuldog.ee\/?page_id=322"},"modified":"2026-02-17T09:33:11","modified_gmt":"2026-02-17T09:33:11","slug":"tervisetestid","status":"publish","type":"page","link":"https:\/\/inglisebuldog.ee\/gb\/tervis\/tervisetestid\/","title":{"rendered":"Tervisetestid"},"content":{"rendered":"\n<p class=\"has-black-color has-text-color has-link-color has-large-font-size wp-elements-31ee256413a5e620feaf280d3e94f2ae\">Tervisetestide p\u00e4ev Tagadil<\/p>\n\n\n\n<p class=\"has-medium-font-size\"><strong>9.mail 2026 toimub tervisetestide p\u00e4ev uues kohas &#8211; Tagadi treeninghallis.&nbsp;<\/strong><\/p>\n\n\n\n<p class=\"has-medium-font-size\"><strong>REGISTREERUMINE &#8211;<\/strong> <a href=\"https:\/\/docs.google.com\/forms\/d\/e\/1FAIpQLSf5maLFLJff9q7Lsalv3DfPScIMLG_0PW4ekYqT9mde3lXE6w\/viewform?usp=publish-editor\">SIIN ON REGISTREERUMISE LINK &#8211; PALUN AVA LINK JA T\u00c4IDA TABEL.<\/a><\/p>\n\n\n\n<figure class=\"wp-block-image size-large is-resized\"><a href=\"https:\/\/inglisebuldog.ee\/wp-content\/uploads\/2026\/02\/Tagadi_tervisetestid_09-08-2026.jpg\"><img loading=\"lazy\" decoding=\"async\" width=\"724\" height=\"1024\" src=\"https:\/\/inglisebuldog.ee\/wp-content\/uploads\/2026\/02\/Tagadi_tervisetestid_09-08-2026-724x1024.jpg\" alt=\"\" class=\"wp-image-1050\" style=\"width:583px;height:auto\" srcset=\"https:\/\/inglisebuldog.ee\/wp-content\/uploads\/2026\/02\/Tagadi_tervisetestid_09-08-2026-724x1024.jpg 724w, https:\/\/inglisebuldog.ee\/wp-content\/uploads\/2026\/02\/Tagadi_tervisetestid_09-08-2026-212x300.jpg 212w, https:\/\/inglisebuldog.ee\/wp-content\/uploads\/2026\/02\/Tagadi_tervisetestid_09-08-2026-768x1086.jpg 768w, https:\/\/inglisebuldog.ee\/wp-content\/uploads\/2026\/02\/Tagadi_tervisetestid_09-08-2026.jpg 1080w\" sizes=\"auto, (max-width: 724px) 100vw, 724px\" \/><\/a><\/figure>\n\n\n\n<p class=\"has-medium-font-size\">V\u00f5ib arvestada, et \u00e4ra saab teha koormustesti koos BOAS hinnanguga, s\u00fcdame- ja p\u00f5lveuuringu.<\/p>\n\n\n\n<p class=\"has-medium-font-size\">Koormustestile oodatud t\u00f5ugude nimekiri allpool, teistele testidele oodatud k\u00f5ik soovijad \u00fckspuha mis t\u00f5ugudest.<\/p>\n\n\n\n<p class=\"has-medium-font-size\"><strong>NB! KOORMUSTESTILE OODATUD T\u00d5UGUDE NIMEKIRI<\/strong> &#8211; inglise buldog, prantsuse buldog, mops, bostoni terjer, shih tzu, grifoonid, jaapani chin, cavalier king charles spanjel, pekingi koer, ahvpin\u0161er ja norwichi terjer.<\/p>\n\n\n\n<p class=\"has-medium-font-size\">P.S. Praegu on allkirjastamisel ka Cambridge RFG BOAS testi tegemise litsents. Hea \u00f5nne korral saab ka seda testi siis juba teha, aga see veel lahtine. T\u00f5en\u00e4oliselt saame t\u00e4psema info selle kohta aprilli alguses.<\/p>\n\n\n\n<p><\/p>\n\n\n\n<p><\/p>\n\n\n\n<p><\/p>\n\n\n\n<p><\/p>\n\n\n\n<p><\/p>\n\n\n\n<p class=\"has-large-font-size\">JUBA TOIMUNUD &#8211;<\/p>\n\n\n<h3><strong>Millal: 11.OKT.2025<\/strong><em>\u00a0algusega kell 10<br \/><\/em><strong>Kus:<\/strong><em><strong> Viljandi, Vile klubi agilitihallis Riia mmt 52c, Viljandi, Viljandi maakond<\/strong><\/em><\/h3>\n<h3>KUIDAS KOHALE J\u00d5UDA &#8211; Google maps link <a href=\"https:\/\/goo.gl\/maps\/dtETFD6u4B9jc2Rm8\">https:\/\/goo.gl\/maps\/dtETFD6u4B9jc2Rm8<\/a><\/h3>\n<p><img loading=\"lazy\" decoding=\"async\" class=\"\" src=\"https:\/\/inglisebuldog.ee\/wp-content\/uploads\/2025\/09\/Viljandi_tervisetestid_11-10-2025.jpg\" width=\"604\" height=\"854\" \/><\/p>\n<p><strong>NB! Lisaks lisandub saali rendi eest 15 \u20ac\/koer, mille kohta saadame teile eraldi arve.<\/strong><br \/>Arve tasumisel kinnitatakse teie registreerimine.<br \/>Test toimub juhul, kui registreerub minimaalselt 6 koera ja maksimaalselt kuni 18 koera.<\/p>\n<p><em><strong>V\u00f5imalik on teha j\u00e4rgnevaid ametlikke terviseteste:<\/strong><\/em><br \/>* \u00dcldf\u00fc\u00fcsiline koormustest \u2013 50 \u20ac<br \/>* S\u00fcdameuuring \u2013 45 \u20ac<br \/>* P\u00f5lveuurung \u2013 35 \u20ac<br \/><strong>Teste teeb dr Merit Villemson-Kavak<\/strong><\/p>\n<p><strong>Registreeru ja m\u00e4rgi milliseid teste vajad<\/strong><\/p>\n<p>Testid toimuvad kindla ajakava alusel. Ajakava avaldatakse peale registreerimise l\u00f5ppemist 1-2 p\u00e4eva jooksul.<br \/>K\u00fcsimuste korral saatke e-mail: info@inglisebuldog.ee<br \/><strong>Enne testile tulemist loe KINDLASTI l\u00e4bi\u00a0<a href=\"https:\/\/est-griffon.com\/grifoonid\/toutervis\/koormustesti-boas-kodukord\/\">\u201c\u00dcldf\u00fc\u00fcsilise koormustesti kodukord ja juhend\u201d<\/a><\/strong><\/p>\n<p>Viljandi tervisep\u00e4eval osalevatele Inglise Buldogide T\u00f5u\u00fchingu liikmetele maksab saali rendi (15 eurot) t\u00f5u\u00fching, neil piisab vaid lingil registreerumisest.<\/p>\n<p>Testima on oodatud k\u00f5ik l\u00fchininalised t\u00f5ud. Nimekirja \u00fclet\u00e4ituvusel eelistame Inglise buldoge, kuna neil on koormustest aretusreeglites sees. Kui on \u00fclisuur nimekirja t\u00e4ituvus, siis teeme vastavad korrektiivid ja anname registreerunutele kiirelt tagasisidet.<\/p>\n<p><strong>NB! KOORMUSTESTILE OODATUD T\u00d5UGUDE NIMEKIRI:<\/strong><br \/>inglise buldog, prantsuse buldog, mops, bostoni terjer, shih tzu, grifoonid, jaapani chin, cavalier king charles<br \/>spanjel, pekingi koer, ahvpin\u0161er ja norwichi terjer<\/p>\n<p>ENNE TERVISEP\u00c4EVALE TULEKUT LOE KINDLASTI L\u00c4BI<\/p>\n<p>KOORMUSTESTI KODUKORD JA JUHEND &#8211;\u00a0<a href=\"https:\/\/inglisebuldog.ee\/tervis\/tervisetestid\/tervisetesti-korraldamise-kord\/\">https:\/\/inglisebuldog.ee\/tervis\/tervisetestid\/tervisetesti-korraldamise-kord\/<\/a><\/p>\n<h1>\u00a0<\/h1>\n<p>NB! INFOKS TERVISTESTIDE TEGEMISEST MUUL AJAL &#8211; k\u00f5iki terviseuuringuid (v\u00e4lja arvatud \u00fcldf\u00fc\u00fcsiline ehk koormustest) saab teha ka kliinikutes EKL usaldusarstide juures.<\/p>\n<p>Soovituslikud geenitestid &#8211;\u00a0<a href=\"https:\/\/www.laboklin.co.uk\/laboklin\/GeneticDiseases.jsp?speciesID=Bulldog&amp;catID=DogsGD\">LABOKLIN testimisv\u00f5imalused, testi materjali (kas nahakaabe v\u00f5i vereproov) saab v\u00f5tta kliinikus.<\/a><\/p>\n<h4>UUDIS!<\/h4>\n<h4>Eesti Kennelliidu juhatus rahuldas meie klubi tervisetestide ametlikku registrisse kandmise taotluse.<\/h4>\n<h4>Link vastavale protokollile asub siin &#8211; <a href=\"http:\/\/kennelliit.ee\/wp-content\/uploads\/2013\/07\/koosolek-nr.-15.pdf\">http:\/\/kennelliit.ee\/wp-content\/uploads\/2013\/07\/koosolek-nr.-15.pdf<\/a><\/h4>\n<p>Tervisetestide tulemuste tabel rippmen\u00fc\u00fcs &#8220;Tervisetestide tulemused&#8221; all.<\/p>\n<p>Vajuta rippmen\u00fc\u00fcle, teemad avanevad!<\/p>","protected":false},"excerpt":{"rendered":"<p>Tervisetestide p\u00e4ev Tagadil 9.mail 2026 toimub tervisetestide p\u00e4ev uues kohas &#8211; Tagadi treeninghallis.&nbsp; REGISTREERUMINE &#8211; SIIN ON REGISTREERUMISE LINK &#8211; PALUN AVA LINK JA T\u00c4IDA TABEL. V\u00f5ib arvestada, et \u00e4ra saab teha koormustesti koos BOAS hinnanguga, s\u00fcdame- ja p\u00f5lveuuringu. Koormustestile oodatud t\u00f5ugude nimekiri allpool, teistele testidele oodatud k\u00f5ik soovijad \u00fckspuha mis t\u00f5ugudest. NB! KOORMUSTESTILE OODATUD <a href=\"https:\/\/inglisebuldog.ee\/gb\/tervis\/tervisetestid\/\" class=\"read-more inline\">Read More<\/a><\/p>\n","protected":false},"author":2,"featured_media":0,"parent":17,"menu_order":0,"comment_status":"closed","ping_status":"closed","template":"","meta":{"_exactmetrics_skip_tracking":false,"_exactmetrics_sitenote_active":false,"_exactmetrics_sitenote_note":"","_exactmetrics_sitenote_category":0,"footnotes":""},"class_list":["post-322","page","type-page","status-publish","hentry"],"translation":{"provider":"WPGlobus","version":"3.0.2","language":"gb","enabled_languages":["ee","gb","ru"],"languages":{"ee":{"title":true,"content":true,"excerpt":false},"gb":{"title":false,"content":false,"excerpt":false},"ru":{"title":false,"content":false,"excerpt":false}}},"_links":{"self":[{"href":"https:\/\/inglisebuldog.ee\/gb\/wp-json\/wp\/v2\/pages\/322","targetHints":{"allow":["GET"]}}],"collection":[{"href":"https:\/\/inglisebuldog.ee\/gb\/wp-json\/wp\/v2\/pages"}],"about":[{"href":"https:\/\/inglisebuldog.ee\/gb\/wp-json\/wp\/v2\/types\/page"}],"author":[{"embeddable":true,"href":"https:\/\/inglisebuldog.ee\/gb\/wp-json\/wp\/v2\/users\/2"}],"replies":[{"embeddable":true,"href":"https:\/\/inglisebuldog.ee\/gb\/wp-json\/wp\/v2\/comments?post=322"}],"version-history":[{"count":79,"href":"https:\/\/inglisebuldog.ee\/gb\/wp-json\/wp\/v2\/pages\/322\/revisions"}],"predecessor-version":[{"id":1053,"href":"https:\/\/inglisebuldog.ee\/gb\/wp-json\/wp\/v2\/pages\/322\/revisions\/1053"}],"up":[{"embeddable":true,"href":"https:\/\/inglisebuldog.ee\/gb\/wp-json\/wp\/v2\/pages\/17"}],"wp:attachment":[{"href":"https:\/\/inglisebuldog.ee\/gb\/wp-json\/wp\/v2\/media?parent=322"}],"curies":[{"name":"wp","href":"https:\/\/api.w.org\/{rel}","templated":true}]}}