{"id":25,"date":"2017-12-03T23:20:08","date_gmt":"2017-12-03T23:20:08","guid":{"rendered":"https:\/\/inglisebuldog.ee\/?page_id=25"},"modified":"2022-07-04T22:15:48","modified_gmt":"2022-07-04T22:15:48","slug":"buldogi-toit","status":"publish","type":"page","link":"https:\/\/inglisebuldog.ee\/gb\/tervis\/buldogi-toit\/","title":{"rendered":"Buldogi toit"},"content":{"rendered":"<h4>Kuidas me oma koeri toidame?<\/h4>\n<p>Erinevad kasvatajad eelistavad erinevaid toitmisviise.<\/p>\n<p>Kuna praegusel ajal on v\u00e4ga suur valik erinevaid kuivtoite, siis ei saa kellelegi midagi t\u00e4pset soovitada &#8211; iga\u00fcks peab ise \u00e4ra katsetama, milline kuivtoit sobiks.<\/p>\n<p>P\u00f5hiline on valida oma koera liikuvuse\/aktiivsusele, t\u00f5ule, vanusele v\u00f5i muudele terviseparameetritele sobiv toit.<\/p>\n<ul>\n<li>V\u00e4heliikuv koer peaks valima nn h\u00f5redama toidu, kus on v\u00e4hem rasva ja valku (dieettoit)<\/li>\n<li>\u00dclekaaluline koer valigu eriti h\u00f5re toit (rasvavaene) ja rohke ballastainega, et kehakaal kontrolli alla saada (dieettoit)<\/li>\n<li>Vanem koer valigu seeniortoit, kus on vanusele vastav toidu koostis<\/li>\n<li>Kui teie koer on tundlik mingi valgu suhtes, siis katsuge aru saada, milline see oleks &#8211; ei ole k\u00f5igile \u00fchtemoodi sobivat valguallikat (liha)<\/li>\n<\/ul>\n<p>Kasvatajate soovitatud kodutoit (v\u00e4ljav\u00f5te FB arutelust) &#8211;<\/p>\n<p>1)kodutoit, kus on nii teravilja (riis, tatar, hirss) + toores liha, rupskid, kont+liha, munad jms.)+taimne toit(\u00f5unad, porgandid, salatilehed jne.),<\/p>\n<p>2)toortoit, kus pole teravilja.<\/p>\n<p>Selle n\u00e4idised &#8211;<\/p>\n<p>Regina Dari vahva piltkokkuv\u00f5te &#8211; <a href=\"https:\/\/inglisebuldog.ee\/wp-content\/uploads\/2018\/01\/regina-dari.jpg\"><img loading=\"lazy\" decoding=\"async\" class=\"size-medium wp-image-210 aligncenter\" src=\"https:\/\/inglisebuldog.ee\/wp-content\/uploads\/2018\/01\/regina-dari-300x212.jpg\" alt=\"\" width=\"300\" height=\"212\" srcset=\"https:\/\/inglisebuldog.ee\/wp-content\/uploads\/2018\/01\/regina-dari-300x212.jpg 300w, https:\/\/inglisebuldog.ee\/wp-content\/uploads\/2018\/01\/regina-dari-768x542.jpg 768w, https:\/\/inglisebuldog.ee\/wp-content\/uploads\/2018\/01\/regina-dari.jpg 960w\" sizes=\"auto, (max-width: 300px) 100vw, 300px\" \/><\/a><\/p>\n<p>Uueveski kenneli toidusedel &#8211; <a href=\"https:\/\/sites.google.com\/site\/uueveskikennel\/home\/links\/buldogi-toit\">buldogi toidust<\/a><\/p>\n<p>Skanseni dieet &#8211; <a href=\"http:\/\/www.koer.ee\/Teistsugune_vaatenurk_koera_sootmiseks_Skanseni_dieet.html\">http:\/\/www.koer.ee\/Teistsugune_vaatenurk_koera_sootmiseks_Skanseni_dieet.html<\/a><\/p>\n<ul>\n<li>Inglise buldogi toitmine pole mingi raketiteadus, kui v\u00f5tta arvesse see, et koer on inimesega v\u00e4ga sarnane. P\u00f5him\u00f5te &#8211; mitmekesine, liigile sobilik toit. J\u00e4lgida, et seedimine ja nahk\/karvastik on korras, v\u00e4ljaheited korralikus konditsioonis.<\/li>\n<\/ul>\n<p><a href=\"https:\/\/inglisebuldog.ee\/wp-content\/uploads\/2018\/01\/20108426_329854607427235_4428537787661109169_n.jpg\"><img loading=\"lazy\" decoding=\"async\" class=\"size-medium wp-image-214 aligncenter\" src=\"https:\/\/inglisebuldog.ee\/wp-content\/uploads\/2018\/01\/20108426_329854607427235_4428537787661109169_n-212x300.jpg\" alt=\"\" width=\"212\" height=\"300\" srcset=\"https:\/\/inglisebuldog.ee\/wp-content\/uploads\/2018\/01\/20108426_329854607427235_4428537787661109169_n-212x300.jpg 212w, https:\/\/inglisebuldog.ee\/wp-content\/uploads\/2018\/01\/20108426_329854607427235_4428537787661109169_n.jpg 678w\" sizes=\"auto, (max-width: 212px) 100vw, 212px\" \/><\/a><\/p>\n","protected":false},"excerpt":{"rendered":"<p>Kuidas me oma koeri toidame? Erinevad kasvatajad eelistavad erinevaid toitmisviise. Kuna praegusel ajal on v\u00e4ga suur valik erinevaid kuivtoite, siis ei saa kellelegi midagi t\u00e4pset soovitada &#8211; iga\u00fcks peab ise \u00e4ra katsetama, milline kuivtoit sobiks. P\u00f5hiline on valida oma koera liikuvuse\/aktiivsusele, t\u00f5ule, vanusele v\u00f5i muudele terviseparameetritele sobiv toit. V\u00e4heliikuv koer peaks valima nn h\u00f5redama toidu, <a href=\"https:\/\/inglisebuldog.ee\/gb\/tervis\/buldogi-toit\/\" class=\"read-more inline\">Read More<\/a><\/p>\n","protected":false},"author":1,"featured_media":0,"parent":17,"menu_order":0,"comment_status":"closed","ping_status":"closed","template":"","meta":{"_exactmetrics_skip_tracking":false,"_exactmetrics_sitenote_active":false,"_exactmetrics_sitenote_note":"","_exactmetrics_sitenote_category":0,"footnotes":""},"class_list":["post-25","page","type-page","status-publish","hentry"],"translation":{"provider":"WPGlobus","version":"3.0.2","language":"gb","enabled_languages":["ee","gb","ru"],"languages":{"ee":{"title":true,"content":true,"excerpt":false},"gb":{"title":false,"content":false,"excerpt":false},"ru":{"title":false,"content":false,"excerpt":false}}},"_links":{"self":[{"href":"https:\/\/inglisebuldog.ee\/gb\/wp-json\/wp\/v2\/pages\/25","targetHints":{"allow":["GET"]}}],"collection":[{"href":"https:\/\/inglisebuldog.ee\/gb\/wp-json\/wp\/v2\/pages"}],"about":[{"href":"https:\/\/inglisebuldog.ee\/gb\/wp-json\/wp\/v2\/types\/page"}],"author":[{"embeddable":true,"href":"https:\/\/inglisebuldog.ee\/gb\/wp-json\/wp\/v2\/users\/1"}],"replies":[{"embeddable":true,"href":"https:\/\/inglisebuldog.ee\/gb\/wp-json\/wp\/v2\/comments?post=25"}],"version-history":[{"count":9,"href":"https:\/\/inglisebuldog.ee\/gb\/wp-json\/wp\/v2\/pages\/25\/revisions"}],"predecessor-version":[{"id":678,"href":"https:\/\/inglisebuldog.ee\/gb\/wp-json\/wp\/v2\/pages\/25\/revisions\/678"}],"up":[{"embeddable":true,"href":"https:\/\/inglisebuldog.ee\/gb\/wp-json\/wp\/v2\/pages\/17"}],"wp:attachment":[{"href":"https:\/\/inglisebuldog.ee\/gb\/wp-json\/wp\/v2\/media?parent=25"}],"curies":[{"name":"wp","href":"https:\/\/api.w.org\/{rel}","templated":true}]}}