{"id":196,"date":"2018-01-21T10:54:01","date_gmt":"2018-01-21T10:54:01","guid":{"rendered":"https:\/\/inglisebuldog.ee\/?page_id=196"},"modified":"2022-07-07T06:08:14","modified_gmt":"2022-07-07T06:08:14","slug":"buldogi-apteek","status":"publish","type":"page","link":"https:\/\/inglisebuldog.ee\/gb\/tervis\/buldogi-apteek\/","title":{"rendered":"Buldogi apteek"},"content":{"rendered":"<div>\n<div class=\"\" dir=\"auto\">\n<div id=\"jsc_c_ftr\" class=\"ecm0bbzt hv4rvrfc ihqw7lf3 dati1w0a\" data-ad-comet-preview=\"message\" data-ad-preview=\"message\">\n<div class=\"j83agx80 cbu4d94t ew0dbk1b irj2b8pg\">\n<div class=\"qzhwtbm6 knvmm38d\">\n<div class=\"kvgmc6g5 cxmmr5t8 oygrvhab hcukyx3x c1et5uql ii04i59q\">\n<h3 dir=\"auto\"><strong>SUVEKUUMA TEEMAD\u00a0<\/strong><\/h3>\n<div dir=\"auto\">Inglise buldogil on voldid. M\u00f5nel rohkem, m\u00f5nel v\u00e4hem. M\u00f5nel on suuur s\u00fcgav ninavolt, m\u00f5nel on see aga vaid aimatava m\u00f5\u00f5duga. Aga kuumade ilmadega vajavad need k\u00f5ik hoolt ja t\u00e4helepanu.<\/div>\n<div dir=\"auto\">Pildil artikli l\u00f5pupoole on n\u00e4idisena toodud 2 probleemset ja 2 probleemivaba ninavoldikest.<\/div>\n<div dir=\"auto\">On palju buldoge, kellel pole aastaringselt selle voldindusega mingeid muresid. Aga &#8211; just suveajal k\u00fcsitakse tihti, et kuidas hooldada probleemseid volte kas ninal v\u00f5i mujal n\u00e4os.<\/div>\n<div dir=\"auto\">1.H\u00dcGIEEN<\/div>\n<div dir=\"auto\">*Tavaline l\u00f5hnatu lasteseep ja tupsuke puuvillavatti ja leige vesi &#8211; seebise vatitupsuga pesta volt puhtaks, siis loputada \u00f5rnalt ja KUIVA vatitupsuga imada see kuivaks (mitte h\u00f5\u00f5ruda! Seal on nahk v\u00e4ga \u00f5rn ja siis teete asja hullemaks kui nahka vigastate)<\/div>\n<div dir=\"auto\">*pesu asemel kasutatakse ka l\u00f5hnatuid niiskeid inimtittedele m\u00f5eldud puhastuslapikesi (Pampers Sensitive on hea)<\/div>\n<div dir=\"auto\">*vajadusel v\u00f5ib sellele j\u00e4rgnevalt lisada kuivale nahale kerge kihi titepepukreemi ehk Sudocreami.<\/div>\n<div dir=\"auto\">*m\u00f5ni bulluomanik eelistab aga kloorheksidiini sisaldavaid tooteid &#8211; kas desinfitseerivat spreid v\u00f5i niiskeid puhastuslappe.<\/div>\n<div dir=\"auto\">2.TOIT<\/div>\n<div dir=\"auto\">*koerale sobimatu toit v\u00f5ib tekitada ebameeldivaid nahaprobleeme. Leidke endile \u00f5ige ja suure t\u00f5en\u00e4susega pole siis ka voldimuresid.<\/div>\n<div dir=\"auto\">3.P\u00c4RM JA MUUD paharetid<\/div>\n<div dir=\"auto\">*tasakaalutu naha taltsutamiseks andke koerale paar kuuri Canius pulbrit &#8211; see peaks koera mikrofloorale head tegema.<\/div>\n<div dir=\"auto\">*spirulina &#8211; paljudes toitudes on sees, aga kirjanduse p\u00f5hjal mitmed veterinaarid soovitavad seda toidusse segada (meil saadaval nii pulbri kui tablettidena).<\/div>\n<\/div>\n<div class=\"cxmmr5t8 oygrvhab hcukyx3x c1et5uql o9v6fnle ii04i59q\">\n<div dir=\"auto\">Kindlasti oleks veel soovitusi, aga need on nn kindlad ja toimivad v\u00f5tted probleemide korral.<\/div>\n<div dir=\"auto\">Jah, mul endal on ka mitu bullut kes ei vaja mitte mingit voltidega tegelemist, aga alati on karjas ka 1-2, kes saavad hoolt t\u00e4ie rauaga <span class=\"pq6dq46d tbxw36s4 knj5qynh kvgmc6g5 ditlmg2l oygrvhab nvdbi5me sf5mxxl7 gl3lb2sf hhz5lgdu\"><img loading=\"lazy\" decoding=\"async\" src=\"https:\/\/static.xx.fbcdn.net\/images\/emoji.php\/v9\/tdc\/1.5\/16\/1f60e.png\" alt=\"\ud83d\ude0e\" width=\"16\" height=\"16\" \/><\/span><\/div>\n<div dir=\"auto\">Ilustat sooja suve j\u00e4tku! <span class=\"pq6dq46d tbxw36s4 knj5qynh kvgmc6g5 ditlmg2l oygrvhab nvdbi5me sf5mxxl7 gl3lb2sf hhz5lgdu\"><img loading=\"lazy\" decoding=\"async\" src=\"https:\/\/static.xx.fbcdn.net\/images\/emoji.php\/v9\/tb8\/1.5\/16\/1f31e.png\" alt=\"\ud83c\udf1e\" width=\"16\" height=\"16\" \/> (tekst &#8211; Lee Reinula, avaldatud 4.juuli 2022 T\u00dc fb lehel)<\/span><\/div>\n<\/div>\n<\/div>\n<\/div>\n<\/div>\n<\/div>\n<div id=\"jsc_c_fts\" class=\"l9j0dhe7\">\n<div class=\"l9j0dhe7\">\n<div>\n<div class=\"bp9cbjyn cwj9ozl2 j83agx80 cbu4d94t ni8dbmo4 stjgntxs l9j0dhe7 k4urcfbm\">\n<div>\n<div class=\"do00u71z ni8dbmo4 stjgntxs l9j0dhe7\">\n<div class=\"pmk7jnqg kr520xx4\"><img loading=\"lazy\" decoding=\"async\" class=\"i09qtzwb n7fi1qx3 datstx6m pmk7jnqg j9ispegn kr520xx4 k4urcfbm bixrwtb6\" src=\"https:\/\/scontent-arn2-2.xx.fbcdn.net\/v\/t39.30808-6\/291784673_10218351856982769_8581654127741484464_n.jpg?stp=dst-jpg_p843x403&amp;_nc_cat=105&amp;ccb=1-7&amp;_nc_sid=5cd70e&amp;_nc_ohc=LybUMN85uCwAX-buVNr&amp;_nc_ht=scontent-arn2-2.xx&amp;oh=00_AT9x2u9o6yJ7wt2U72FnjDNeGYvWxHvfp0v68b4fS3-mvw&amp;oe=62C7679E\" alt=\"V\u00f5ib olla l\u00e4hiv\u00f5te j\u00e4rgmisest: koer\" width=\"843\" height=\"843\" \/><\/div>\n<\/div>\n<\/div>\n<\/div>\n<div class=\"linmgsc8 opwvks06 i09qtzwb n7fi1qx3 hzruof5a pmk7jnqg j9ispegn kr520xx4\"><\/div>\n<div class=\"n00je7tq arfg74bv qs9ysxi8 k77z8yql i09qtzwb n7fi1qx3 b5wmifdl hzruof5a pmk7jnqg j9ispegn kr520xx4 c5ndavph art1omkt ot9fgl3s\" data-visualcompletion=\"ignore\"><\/div>\n<\/div>\n<\/div>\n<\/div>\n<\/div>\n<div>\n<div class=\"stjgntxs ni8dbmo4 l82x9zwi uo3d90p7 h905i5nu monazrh9\" data-visualcompletion=\"ignore-dynamic\">\n<div>\n<div class=\"cwj9ozl2 tvmbv18p\"><\/div>\n<\/div>\n<\/div>\n<\/div>\n<h3><\/h3>\n<h3>Buldogi esmaabikapp<\/h3>\n<ul>\n<li>vatipadjakesed v\u00f5i meditsiinilised puhastuslapid<\/li>\n<li>antiseptik &#8211; Clorexyderm on meil saadaolevatest soovitatav, saadaval vet.kliinikutes (olenevalt olukorrast kas 0,5% v\u00f5i 4% lahus)\u00a0 \u00a0<a href=\"https:\/\/inglisebuldog.ee\/wp-content\/uploads\/2022\/07\/clorexyderm.png\"><img loading=\"lazy\" decoding=\"async\" class=\"size-medium wp-image-696 alignright\" src=\"https:\/\/inglisebuldog.ee\/wp-content\/uploads\/2022\/07\/clorexyderm-268x300.png\" alt=\"\" width=\"268\" height=\"300\" srcset=\"https:\/\/inglisebuldog.ee\/wp-content\/uploads\/2022\/07\/clorexyderm-268x300.png 268w, https:\/\/inglisebuldog.ee\/wp-content\/uploads\/2022\/07\/clorexyderm.png 535w\" sizes=\"auto, (max-width: 268px) 100vw, 268px\" \/><\/a><\/li>\n<li>naha punetuse jaoks kiireks leevenduseks &#8211; Sudocrem titepepukreem &#8211; \u00a0saadaval inimapteegis k\u00e4sim\u00fc\u00fcgis<\/li>\n<li>naha kergema p\u00f5letikulise protsessi esmaseks raviks &#8211; Bepanthen Plus 5mg kreem, saadaval inimapteegis k\u00e4sim\u00fc\u00fcgis<\/li>\n<li>f\u00fcsioloogiline lahus silma loputamiseks &#8211; <a href=\"https:\/\/www.apotheka.ee\/unadose-nacl-5mlx30-mm0102315\">F\u00fcsioloogiline lahus steriilsetes pudelikestes<\/a>, samuti inimapteegis saadaval<\/li>\n<li>silmatilgad silma kuivuse vastu (Hyabak) &#8211; kuna buldogidel esineb tihti silma kuivust, siis peaks need silmatilgad alati k\u00e4ep\u00e4rast olema. Nende \u00f5igeaegne kasutamine kohe kui n\u00e4ete koeral silmas ebamugavust v\u00f5ib \u00e4ra hoida p\u00f5letikulise protsessi tekke ja ka loomal on mugavam, kui silm on korralikult niisutatud<\/li>\n<li>ootamatu \u00e4geda k\u00f5hulahtisuse kiireks leevendamiseks KAOPEKT savipasta &#8211; saab vet.kliinikust<\/li>\n<li>parafiini\u00f5li pudelike &#8211; juhuks, kui teie lemmik on mingi asja sisse s\u00f6\u00f6nud, mis ei oleks tohtinud s\u00f6\u00f6dud saada &#8211; kas t\u00fckk vatitekki, m\u00e4nguasi v\u00f5i pool p\u00fcksirihma &#8211; see \u00f5li aitab soovimatul ollusel v\u00e4ljuda. Raskemal juhul ei aita muud kui kiirabi ja operatsioon<\/li>\n<li>lillapulber kaaliumpermanganaat &#8211; juhuks kui tekkib verejooks k\u00fc\u00fcnesse sisse l\u00f5ikamisel &#8211; ja vatipulgad selle peale panekuks <a href=\"https:\/\/inglisebuldog.ee\/wp-content\/uploads\/2022\/07\/Sudocrem-laste-mahkmealune-kreem.png\"><img loading=\"lazy\" decoding=\"async\" class=\"size-medium wp-image-698 alignright\" src=\"https:\/\/inglisebuldog.ee\/wp-content\/uploads\/2022\/07\/Sudocrem-laste-mahkmealune-kreem-282x300.png\" alt=\"\" width=\"282\" height=\"300\" srcset=\"https:\/\/inglisebuldog.ee\/wp-content\/uploads\/2022\/07\/Sudocrem-laste-mahkmealune-kreem-282x300.png 282w, https:\/\/inglisebuldog.ee\/wp-content\/uploads\/2022\/07\/Sudocrem-laste-mahkmealune-kreem-768x818.png 768w, https:\/\/inglisebuldog.ee\/wp-content\/uploads\/2022\/07\/Sudocrem-laste-mahkmealune-kreem.png 900w\" sizes=\"auto, (max-width: 282px) 100vw, 282px\" \/><\/a><\/li>\n<li>k\u00fc\u00fcnetangid<\/li>\n<\/ul>\n<p>Spetsiifilisemate probleemide ravimid kirjutab v\u00e4lja veterinaar.<\/p>\n","protected":false},"excerpt":{"rendered":"<p>SUVEKUUMA TEEMAD\u00a0 Inglise buldogil on voldid. M\u00f5nel rohkem, m\u00f5nel v\u00e4hem. M\u00f5nel on suuur s\u00fcgav ninavolt, m\u00f5nel on see aga vaid aimatava m\u00f5\u00f5duga. Aga kuumade ilmadega vajavad need k\u00f5ik hoolt ja t\u00e4helepanu. Pildil artikli l\u00f5pupoole on n\u00e4idisena toodud 2 probleemset ja 2 probleemivaba ninavoldikest. On palju buldoge, kellel pole aastaringselt selle voldindusega mingeid muresid. Aga &#8211; <a href=\"https:\/\/inglisebuldog.ee\/gb\/tervis\/buldogi-apteek\/\" class=\"read-more inline\">Read More<\/a><\/p>\n","protected":false},"author":2,"featured_media":0,"parent":17,"menu_order":0,"comment_status":"closed","ping_status":"closed","template":"","meta":{"_exactmetrics_skip_tracking":false,"_exactmetrics_sitenote_active":false,"_exactmetrics_sitenote_note":"","_exactmetrics_sitenote_category":0,"footnotes":""},"class_list":["post-196","page","type-page","status-publish","hentry"],"translation":{"provider":"WPGlobus","version":"3.0.2","language":"gb","enabled_languages":["ee","gb","ru"],"languages":{"ee":{"title":true,"content":true,"excerpt":false},"gb":{"title":false,"content":false,"excerpt":false},"ru":{"title":false,"content":false,"excerpt":false}}},"_links":{"self":[{"href":"https:\/\/inglisebuldog.ee\/gb\/wp-json\/wp\/v2\/pages\/196","targetHints":{"allow":["GET"]}}],"collection":[{"href":"https:\/\/inglisebuldog.ee\/gb\/wp-json\/wp\/v2\/pages"}],"about":[{"href":"https:\/\/inglisebuldog.ee\/gb\/wp-json\/wp\/v2\/types\/page"}],"author":[{"embeddable":true,"href":"https:\/\/inglisebuldog.ee\/gb\/wp-json\/wp\/v2\/users\/2"}],"replies":[{"embeddable":true,"href":"https:\/\/inglisebuldog.ee\/gb\/wp-json\/wp\/v2\/comments?post=196"}],"version-history":[{"count":13,"href":"https:\/\/inglisebuldog.ee\/gb\/wp-json\/wp\/v2\/pages\/196\/revisions"}],"predecessor-version":[{"id":702,"href":"https:\/\/inglisebuldog.ee\/gb\/wp-json\/wp\/v2\/pages\/196\/revisions\/702"}],"up":[{"embeddable":true,"href":"https:\/\/inglisebuldog.ee\/gb\/wp-json\/wp\/v2\/pages\/17"}],"wp:attachment":[{"href":"https:\/\/inglisebuldog.ee\/gb\/wp-json\/wp\/v2\/media?parent=196"}],"curies":[{"name":"wp","href":"https:\/\/api.w.org\/{rel}","templated":true}]}}